{"id":84452,"date":"2021-10-04T17:26:48","date_gmt":"2021-10-04T17:26:48","guid":{"rendered":"https:\/\/stewartlawoffices.net\/?page_id=84452"},"modified":"2024-11-01T18:32:05","modified_gmt":"2024-11-01T18:32:05","slug":"derechos-del-trabajador-ante-un-accidente-de-tra","status":"publish","type":"page","link":"https:\/\/www.stewartlawoffices.net\/es\/abogados-de-lesiones-personales-en-carolina-del-sur\/abogados-de-compensacion-laboral\/derechos-del-trabajador-ante-un-accidente-de-tra\/","title":{"rendered":"Los Derechos del Trabajador Ante un Accidente de Trabajo"},"content":{"rendered":"<p>El capital humano es el bien m\u00e1s importante de una organizaci\u00f3n, sin ellos no ser\u00eda posible el \u00e9xito y desarrollo empresarial, por esta raz\u00f3n las empresas est\u00e1n en la obligaci\u00f3n de brindar condiciones laborales \u00f3ptimas que garanticen el normal desenvolvimiento de las actividades diarias, y al mismo tiempo reduzcan la posibilidad de accidentes laborales.<\/p>\n<p>Pero\u00a0\u00bfQu\u00e9 sucede cuando un empleado sufre un accidente laboral?<\/p>\n<p>Un accidente de trabajo se produce cuando un empleado sufre una lesi\u00f3n corporal mientras trabaja, como una consecuencia directa de la actividad laboral. Si se lesion\u00f3 en el trabajo, el empleado tiene derecho a beneficios de compensacion por accidente laboral, estos ayudar\u00e1n a cubrir las facturas m\u00e9dicas, salarios no percibidos durante su recuperaci\u00f3n y otras necesidades que se presenten debido a la lesi\u00f3n.<\/p>\n<h2>\u00bfQu\u00e9 Debe Hacer un Empleado Tras Sufrir un Accidente?<\/h2>\n<p>El empleado deber\u00e1 informar del accidente a su empleador y la empresa est\u00e1 en la obligaci\u00f3n de ofrecer atenci\u00f3n m\u00e9dica adecuada para salvaguardar la salud y vida del trabajador.<\/p>\n<p>Si la lesi\u00f3n no fue comunicada oportunamente, el empleado tiene la opci\u00f3n de notificar a su empleador de su lesi\u00f3n laboral por escrito lo antes posible en no m\u00e1s de\u00a0<strong>30 d\u00edas despu\u00e9s del accidente;<\/strong>\u00a0sin embargo, es conveniente que se informe del hecho lo m\u00e1s pronto posible.<\/p>\n<h2>\u00bfQu\u00e9 Derechos Tiene un Empleado al Sufrir un Accidente Laboral?<\/h2>\n<p>La Ley de Compensaci\u00f3n Laboral permite que los trabajadores que resultan perjudicados en accidentes relacionados con el trabajo reciban compensaci\u00f3n por sus facturas m\u00e9dicas y salarios perdidos; estas leyes podr\u00edan ser diferentes en cada estado, por esa raz\u00f3n usted tiene que consultar un abogado para informarse mejor. La mayor\u00eda de los empleadores est\u00e1n obligados a comprar un seguro para cubrir la indemnizaci\u00f3n a los trabajadores en el caso de una lesi\u00f3n. Si el trabajador sufre alg\u00fan tipo de lesi\u00f3n relacionada con el trabajo o mientras realizaba su labor, <a href=\"https:\/\/stewartlawoffices.net\/es\/abogados-de-lesiones-personales-en-carolina-del-sur\/abogados-de-compensacion-laboral\/proceso-reclamo-compensacion-laboral\/\">podr\u00e1 hacer una reclamaci\u00f3n<\/a> y recibir una indemnizaci\u00f3n, ya que esta situaci\u00f3n est\u00e1 regulada por la Ley de Compensaci\u00f3n de trabajadores.<\/p>\n<p>Desafortunadamente, los empleadores y sus compa\u00f1\u00edas de seguros a menudo intentan minimizar sus lesiones o <a href=\"https:\/\/stewartlawoffices.net\/es\/abogados-de-lesiones-personales-en-carolina-del-sur\/abogados-de-compensacion-laboral\/reclamo-rechazado\/\">negar su reclamo <\/a>para pagar lo menos posible. Se han presentado varios casos donde los empleadores intentan desanimar a los trabajadores a interponer una reclamaci\u00f3n de compensaci\u00f3n al trabajador, bajo la amenaza de ser despedido. Sin embargo, esto no procede ya que el trabajador est\u00e1 protegido por la Ley de Compensaci\u00f3n Laboral. Otro de los obst\u00e1culos frecuentes es, que las compa\u00f1\u00edas de seguros niegan muchos casos de compensaci\u00f3n cuando el empleado retrasa la presentaci\u00f3n del reporte y la presentaci\u00f3n de una reclamaci\u00f3n, por ello es importante presentarlo lo antes posible.<\/p>\n<h2>\u00bfC\u00f3mo se Determina el Valor de su Caso?<\/h2>\n<p>El valor de su caso depender\u00e1 del alcance de los da\u00f1os sufridos. Se debe tener en cuenta los da\u00f1os ocasionados, salarios perdidos, gastos m\u00e9dicos y otros factores como: las consecuencias y secuelas que produzca el accidente, y si son temporales o permanentes. Los beneficios se basan en la gravedad de la herida, as\u00ed como de la incapacidad a largo o corto plazo.<\/p>\n<h2>\u00bfPor Qu\u00e9 Contar Con Un Abogado Para Este Proceso?<\/h2>\n<p>Es importante contar con un abogado para llevar el proceso legal y hacer frente a las poderosas compa\u00f1\u00edas de seguros. La experiencia de un <a href=\"https:\/\/stewartlawoffices.net\/es\/abogados-de-lesiones-personales-en-carolina-del-sur\/abogados-de-compensacion-laboral\/herido-en-accidents-de-trabajo\/\">abogado de lesiones laborales<\/a> es vital para todas las etapas de su demanda de compensaci\u00f3n del trabajador.<\/p>\n<p>En Stewart Law Offices, contamos con un equipo de abogados que ayuda a los trabajadores lesionados a conseguir el tratamiento m\u00e9dico adecuado, y a luchar por sus beneficios.<\/p>\n<p>Tenemos oficinas en Carolina del Norte y Carolina del Sur y nuestro personal habla espa\u00f1ol. Ll\u00e1menos hoy para una consulta libre de costo.<\/p>\n<p><em><strong>*Los resultados de los casos pueden variar, ya que no se garantiza la similitud de los hechos. Cada representaci\u00f3n posee circunstancias \u00fanicas que pueden afectar los resultados finales<\/strong><\/em><\/p>\n<div class=\"call-out-box\">Ll\u00e1menos o\u00a0<a href=\"https:\/\/stewartlawoffices.net\/es\/contactenos\/\">cont\u00e1ctenos en l\u00ednea<\/a>\u00a0para que nuestros abogados le proporcionen una evaluaci\u00f3n honesta y minuciosa de su caso durante la consulta gratuita.<\/div>\n","protected":false},"excerpt":{"rendered":"<p>El capital humano es el bien m\u00e1s importante de una organizaci\u00f3n, sin ellos no ser\u00eda posible el \u00e9xito y desarrollo empresarial, por esta raz\u00f3n las empresas est\u00e1n en la obligaci\u00f3n de brindar condiciones laborales \u00f3ptimas que garanticen el normal desenvolvimiento de las actividades diarias, y al mismo tiempo reduzcan la posibilidad de accidentes laborales. Pero\u00a0\u00bfQu\u00e9 [&hellip;]<\/p>\n","protected":false},"author":9,"featured_media":148978,"parent":57036,"menu_order":196,"comment_status":"closed","ping_status":"closed","template":"","meta":{"_acf_changed":false,"footnotes":""},"class_list":["post-84452","page","type-page","status-publish","has-post-thumbnail","hentry"],"acf":[],"yoast_head":"<!-- This site is optimized with the Yoast SEO Premium plugin v27.4 (Yoast SEO v27.4) - https:\/\/yoast.com\/product\/yoast-seo-premium-wordpress\/ -->\n<title>Derechos de Los Trabajadores Tras un Accidente de Trabajo<\/title>\n<meta name=\"description\" content=\"\u00bfQu\u00e9 sucede cuando un empleado sufre un accidente laboral? Si se lesion\u00f3 en el trabajo, el empleado tiene derecho a beneficios de compensaci\u00f3n por accidente.\" \/>\n<meta name=\"robots\" content=\"index, follow, max-snippet:-1, max-image-preview:large, max-video-preview:-1\" \/>\n<link rel=\"canonical\" href=\"https:\/\/www.stewartlawoffices.net\/es\/abogados-de-lesiones-personales-en-carolina-del-sur\/abogados-de-compensacion-laboral\/derechos-del-trabajador-ante-un-accidente-de-tra\/\" \/>\n<meta property=\"og:locale\" content=\"es_ES\" \/>\n<meta property=\"og:type\" content=\"article\" \/>\n<meta property=\"og:title\" content=\"Derechos de Los Trabajadores Tras un Accidente de Trabajo\" \/>\n<meta property=\"og:description\" content=\"\u00bfQu\u00e9 sucede cuando un empleado sufre un accidente laboral? Si se lesion\u00f3 en el trabajo, el empleado tiene derecho a beneficios de compensaci\u00f3n por accidente.\" \/>\n<meta property=\"og:url\" content=\"https:\/\/www.stewartlawoffices.net\/es\/abogados-de-lesiones-personales-en-carolina-del-sur\/abogados-de-compensacion-laboral\/derechos-del-trabajador-ante-un-accidente-de-tra\/\" \/>\n<meta property=\"og:site_name\" content=\"Stewart Law Offices\" \/>\n<meta property=\"article:publisher\" content=\"https:\/\/www.facebook.com\/StewartLawOffices\" \/>\n<meta property=\"article:modified_time\" content=\"2024-11-01T18:32:05+00:00\" \/>\n<meta property=\"og:image\" content=\"https:\/\/www.stewartlawoffices.net\/wp-content\/uploads\/2023\/07\/abogado-de-indemnizacion-por-accidente-laboral-en-carolina-del-norte.jpg\" \/>\n\t<meta property=\"og:image:width\" content=\"810\" \/>\n\t<meta property=\"og:image:height\" content=\"200\" \/>\n\t<meta property=\"og:image:type\" content=\"image\/jpeg\" \/>\n<meta name=\"twitter:card\" content=\"summary_large_image\" \/>\n<meta name=\"twitter:site\" content=\"@StewartLawLLC\" \/>\n<meta name=\"twitter:label1\" content=\"Tiempo de lectura\" \/>\n\t<meta name=\"twitter:data1\" content=\"4 minutos\" \/>\n<script type=\"application\/ld+json\" class=\"yoast-schema-graph\">{\"@context\":\"https:\\\/\\\/schema.org\",\"@graph\":[{\"@type\":\"WebPage\",\"@id\":\"https:\\\/\\\/www.stewartlawoffices.net\\\/es\\\/abogados-de-lesiones-personales-en-carolina-del-sur\\\/abogados-de-compensacion-laboral\\\/derechos-del-trabajador-ante-un-accidente-de-tra\\\/\",\"url\":\"https:\\\/\\\/www.stewartlawoffices.net\\\/es\\\/abogados-de-lesiones-personales-en-carolina-del-sur\\\/abogados-de-compensacion-laboral\\\/derechos-del-trabajador-ante-un-accidente-de-tra\\\/\",\"name\":\"Derechos de Los Trabajadores Tras un Accidente de Trabajo\",\"isPartOf\":{\"@id\":\"https:\\\/\\\/www.stewartlawoffices.net\\\/es\\\/#website\"},\"primaryImageOfPage\":{\"@id\":\"https:\\\/\\\/www.stewartlawoffices.net\\\/es\\\/abogados-de-lesiones-personales-en-carolina-del-sur\\\/abogados-de-compensacion-laboral\\\/derechos-del-trabajador-ante-un-accidente-de-tra\\\/#primaryimage\"},\"image\":{\"@id\":\"https:\\\/\\\/www.stewartlawoffices.net\\\/es\\\/abogados-de-lesiones-personales-en-carolina-del-sur\\\/abogados-de-compensacion-laboral\\\/derechos-del-trabajador-ante-un-accidente-de-tra\\\/#primaryimage\"},\"thumbnailUrl\":\"https:\\\/\\\/www.stewartlawoffices.net\\\/wp-content\\\/uploads\\\/2023\\\/07\\\/abogado-de-indemnizacion-por-accidente-laboral-en-carolina-del-norte.jpg\",\"datePublished\":\"2021-10-04T17:26:48+00:00\",\"dateModified\":\"2024-11-01T18:32:05+00:00\",\"description\":\"\u00bfQu\u00e9 sucede cuando un empleado sufre un accidente laboral? Si se lesion\u00f3 en el trabajo, el empleado tiene derecho a beneficios de compensaci\u00f3n por accidente.\",\"breadcrumb\":{\"@id\":\"https:\\\/\\\/www.stewartlawoffices.net\\\/es\\\/abogados-de-lesiones-personales-en-carolina-del-sur\\\/abogados-de-compensacion-laboral\\\/derechos-del-trabajador-ante-un-accidente-de-tra\\\/#breadcrumb\"},\"inLanguage\":\"es\",\"potentialAction\":[{\"@type\":\"ReadAction\",\"target\":[\"https:\\\/\\\/www.stewartlawoffices.net\\\/es\\\/abogados-de-lesiones-personales-en-carolina-del-sur\\\/abogados-de-compensacion-laboral\\\/derechos-del-trabajador-ante-un-accidente-de-tra\\\/\"]}]},{\"@type\":\"ImageObject\",\"inLanguage\":\"es\",\"@id\":\"https:\\\/\\\/www.stewartlawoffices.net\\\/es\\\/abogados-de-lesiones-personales-en-carolina-del-sur\\\/abogados-de-compensacion-laboral\\\/derechos-del-trabajador-ante-un-accidente-de-tra\\\/#primaryimage\",\"url\":\"https:\\\/\\\/www.stewartlawoffices.net\\\/wp-content\\\/uploads\\\/2023\\\/07\\\/abogado-de-indemnizacion-por-accidente-laboral-en-carolina-del-norte.jpg\",\"contentUrl\":\"https:\\\/\\\/www.stewartlawoffices.net\\\/wp-content\\\/uploads\\\/2023\\\/07\\\/abogado-de-indemnizacion-por-accidente-laboral-en-carolina-del-norte.jpg\",\"width\":810,\"height\":200,\"caption\":\"Trabajadores en un obra en Carolina del norte\"},{\"@type\":\"BreadcrumbList\",\"@id\":\"https:\\\/\\\/www.stewartlawoffices.net\\\/es\\\/abogados-de-lesiones-personales-en-carolina-del-sur\\\/abogados-de-compensacion-laboral\\\/derechos-del-trabajador-ante-un-accidente-de-tra\\\/#breadcrumb\",\"itemListElement\":[{\"@type\":\"ListItem\",\"position\":1,\"name\":\"H\",\"item\":\"https:\\\/\\\/www.stewartlawoffices.net\\\/es\\\/\"},{\"@type\":\"ListItem\",\"position\":2,\"name\":\"Abogados de lesiones personales en Carolina del Sur\",\"item\":\"https:\\\/\\\/www.stewartlawoffices.net\\\/es\\\/abogados-de-lesiones-personales-en-carolina-del-sur\\\/\"},{\"@type\":\"ListItem\",\"position\":3,\"name\":\"Abogados de Compensaci\u00f3n de Trabajadores en Carolina del Sur\",\"item\":\"https:\\\/\\\/www.stewartlawoffices.net\\\/es\\\/abogados-de-lesiones-personales-en-carolina-del-sur\\\/abogados-de-compensacion-laboral\\\/\"},{\"@type\":\"ListItem\",\"position\":4,\"name\":\"Los Derechos del Trabajador Ante un Accidente de Trabajo\"}]},{\"@type\":\"WebSite\",\"@id\":\"https:\\\/\\\/www.stewartlawoffices.net\\\/es\\\/#website\",\"url\":\"https:\\\/\\\/www.stewartlawoffices.net\\\/es\\\/\",\"name\":\"Stewart Law Offices\",\"description\":\"\",\"publisher\":{\"@id\":\"https:\\\/\\\/www.stewartlawoffices.net\\\/es\\\/#organization\"},\"potentialAction\":[{\"@type\":\"SearchAction\",\"target\":{\"@type\":\"EntryPoint\",\"urlTemplate\":\"https:\\\/\\\/www.stewartlawoffices.net\\\/es\\\/?s={search_term_string}\"},\"query-input\":{\"@type\":\"PropertyValueSpecification\",\"valueRequired\":true,\"valueName\":\"search_term_string\"}}],\"inLanguage\":\"es\"},{\"@type\":\"Organization\",\"@id\":\"https:\\\/\\\/www.stewartlawoffices.net\\\/es\\\/#organization\",\"name\":\"Stewart Law Offices\",\"url\":\"https:\\\/\\\/www.stewartlawoffices.net\\\/es\\\/\",\"logo\":{\"@type\":\"ImageObject\",\"inLanguage\":\"es\",\"@id\":\"https:\\\/\\\/www.stewartlawoffices.net\\\/es\\\/#\\\/schema\\\/logo\\\/image\\\/\",\"url\":\"https:\\\/\\\/stewartlawoffices.net\\\/wp-content\\\/uploads\\\/2023\\\/05\\\/footer-logo.svg\",\"contentUrl\":\"https:\\\/\\\/stewartlawoffices.net\\\/wp-content\\\/uploads\\\/2023\\\/05\\\/footer-logo.svg\",\"width\":1,\"height\":1,\"caption\":\"Stewart Law Offices\"},\"image\":{\"@id\":\"https:\\\/\\\/www.stewartlawoffices.net\\\/es\\\/#\\\/schema\\\/logo\\\/image\\\/\"},\"sameAs\":[\"https:\\\/\\\/www.facebook.com\\\/StewartLawOffices\",\"https:\\\/\\\/x.com\\\/StewartLawLLC\",\"https:\\\/\\\/www.linkedin.com\\\/company\\\/stewart-law-offices-llc\",\"https:\\\/\\\/www.youtube.com\\\/channel\\\/UCXsXVgzn84taqmH0F3vJ5Eg\",\"https:\\\/\\\/www.instagram.com\\\/stewartlawoffices\\\/?hl=en\"]}]}<\/script>\n<!-- \/ Yoast SEO Premium plugin. -->","yoast_head_json":{"title":"Derechos de Los Trabajadores Tras un Accidente de Trabajo","description":"\u00bfQu\u00e9 sucede cuando un empleado sufre un accidente laboral? Si se lesion\u00f3 en el trabajo, el empleado tiene derecho a beneficios de compensaci\u00f3n por accidente.","robots":{"index":"index","follow":"follow","max-snippet":"max-snippet:-1","max-image-preview":"max-image-preview:large","max-video-preview":"max-video-preview:-1"},"canonical":"https:\/\/www.stewartlawoffices.net\/es\/abogados-de-lesiones-personales-en-carolina-del-sur\/abogados-de-compensacion-laboral\/derechos-del-trabajador-ante-un-accidente-de-tra\/","og_locale":"es_ES","og_type":"article","og_title":"Derechos de Los Trabajadores Tras un Accidente de Trabajo","og_description":"\u00bfQu\u00e9 sucede cuando un empleado sufre un accidente laboral? Si se lesion\u00f3 en el trabajo, el empleado tiene derecho a beneficios de compensaci\u00f3n por accidente.","og_url":"https:\/\/www.stewartlawoffices.net\/es\/abogados-de-lesiones-personales-en-carolina-del-sur\/abogados-de-compensacion-laboral\/derechos-del-trabajador-ante-un-accidente-de-tra\/","og_site_name":"Stewart Law Offices","article_publisher":"https:\/\/www.facebook.com\/StewartLawOffices","article_modified_time":"2024-11-01T18:32:05+00:00","og_image":[{"width":810,"height":200,"url":"https:\/\/www.stewartlawoffices.net\/wp-content\/uploads\/2023\/07\/abogado-de-indemnizacion-por-accidente-laboral-en-carolina-del-norte.jpg","type":"image\/jpeg"}],"twitter_card":"summary_large_image","twitter_site":"@StewartLawLLC","twitter_misc":{"Tiempo de lectura":"4 minutos"},"schema":{"@context":"https:\/\/schema.org","@graph":[{"@type":"WebPage","@id":"https:\/\/www.stewartlawoffices.net\/es\/abogados-de-lesiones-personales-en-carolina-del-sur\/abogados-de-compensacion-laboral\/derechos-del-trabajador-ante-un-accidente-de-tra\/","url":"https:\/\/www.stewartlawoffices.net\/es\/abogados-de-lesiones-personales-en-carolina-del-sur\/abogados-de-compensacion-laboral\/derechos-del-trabajador-ante-un-accidente-de-tra\/","name":"Derechos de Los Trabajadores Tras un Accidente de Trabajo","isPartOf":{"@id":"https:\/\/www.stewartlawoffices.net\/es\/#website"},"primaryImageOfPage":{"@id":"https:\/\/www.stewartlawoffices.net\/es\/abogados-de-lesiones-personales-en-carolina-del-sur\/abogados-de-compensacion-laboral\/derechos-del-trabajador-ante-un-accidente-de-tra\/#primaryimage"},"image":{"@id":"https:\/\/www.stewartlawoffices.net\/es\/abogados-de-lesiones-personales-en-carolina-del-sur\/abogados-de-compensacion-laboral\/derechos-del-trabajador-ante-un-accidente-de-tra\/#primaryimage"},"thumbnailUrl":"https:\/\/www.stewartlawoffices.net\/wp-content\/uploads\/2023\/07\/abogado-de-indemnizacion-por-accidente-laboral-en-carolina-del-norte.jpg","datePublished":"2021-10-04T17:26:48+00:00","dateModified":"2024-11-01T18:32:05+00:00","description":"\u00bfQu\u00e9 sucede cuando un empleado sufre un accidente laboral? Si se lesion\u00f3 en el trabajo, el empleado tiene derecho a beneficios de compensaci\u00f3n por accidente.","breadcrumb":{"@id":"https:\/\/www.stewartlawoffices.net\/es\/abogados-de-lesiones-personales-en-carolina-del-sur\/abogados-de-compensacion-laboral\/derechos-del-trabajador-ante-un-accidente-de-tra\/#breadcrumb"},"inLanguage":"es","potentialAction":[{"@type":"ReadAction","target":["https:\/\/www.stewartlawoffices.net\/es\/abogados-de-lesiones-personales-en-carolina-del-sur\/abogados-de-compensacion-laboral\/derechos-del-trabajador-ante-un-accidente-de-tra\/"]}]},{"@type":"ImageObject","inLanguage":"es","@id":"https:\/\/www.stewartlawoffices.net\/es\/abogados-de-lesiones-personales-en-carolina-del-sur\/abogados-de-compensacion-laboral\/derechos-del-trabajador-ante-un-accidente-de-tra\/#primaryimage","url":"https:\/\/www.stewartlawoffices.net\/wp-content\/uploads\/2023\/07\/abogado-de-indemnizacion-por-accidente-laboral-en-carolina-del-norte.jpg","contentUrl":"https:\/\/www.stewartlawoffices.net\/wp-content\/uploads\/2023\/07\/abogado-de-indemnizacion-por-accidente-laboral-en-carolina-del-norte.jpg","width":810,"height":200,"caption":"Trabajadores en un obra en Carolina del norte"},{"@type":"BreadcrumbList","@id":"https:\/\/www.stewartlawoffices.net\/es\/abogados-de-lesiones-personales-en-carolina-del-sur\/abogados-de-compensacion-laboral\/derechos-del-trabajador-ante-un-accidente-de-tra\/#breadcrumb","itemListElement":[{"@type":"ListItem","position":1,"name":"H","item":"https:\/\/www.stewartlawoffices.net\/es\/"},{"@type":"ListItem","position":2,"name":"Abogados de lesiones personales en Carolina del Sur","item":"https:\/\/www.stewartlawoffices.net\/es\/abogados-de-lesiones-personales-en-carolina-del-sur\/"},{"@type":"ListItem","position":3,"name":"Abogados de Compensaci\u00f3n de Trabajadores en Carolina del Sur","item":"https:\/\/www.stewartlawoffices.net\/es\/abogados-de-lesiones-personales-en-carolina-del-sur\/abogados-de-compensacion-laboral\/"},{"@type":"ListItem","position":4,"name":"Los Derechos del Trabajador Ante un Accidente de Trabajo"}]},{"@type":"WebSite","@id":"https:\/\/www.stewartlawoffices.net\/es\/#website","url":"https:\/\/www.stewartlawoffices.net\/es\/","name":"Stewart Law Offices","description":"","publisher":{"@id":"https:\/\/www.stewartlawoffices.net\/es\/#organization"},"potentialAction":[{"@type":"SearchAction","target":{"@type":"EntryPoint","urlTemplate":"https:\/\/www.stewartlawoffices.net\/es\/?s={search_term_string}"},"query-input":{"@type":"PropertyValueSpecification","valueRequired":true,"valueName":"search_term_string"}}],"inLanguage":"es"},{"@type":"Organization","@id":"https:\/\/www.stewartlawoffices.net\/es\/#organization","name":"Stewart Law Offices","url":"https:\/\/www.stewartlawoffices.net\/es\/","logo":{"@type":"ImageObject","inLanguage":"es","@id":"https:\/\/www.stewartlawoffices.net\/es\/#\/schema\/logo\/image\/","url":"https:\/\/stewartlawoffices.net\/wp-content\/uploads\/2023\/05\/footer-logo.svg","contentUrl":"https:\/\/stewartlawoffices.net\/wp-content\/uploads\/2023\/05\/footer-logo.svg","width":1,"height":1,"caption":"Stewart Law Offices"},"image":{"@id":"https:\/\/www.stewartlawoffices.net\/es\/#\/schema\/logo\/image\/"},"sameAs":["https:\/\/www.facebook.com\/StewartLawOffices","https:\/\/x.com\/StewartLawLLC","https:\/\/www.linkedin.com\/company\/stewart-law-offices-llc","https:\/\/www.youtube.com\/channel\/UCXsXVgzn84taqmH0F3vJ5Eg","https:\/\/www.instagram.com\/stewartlawoffices\/?hl=en"]}]}},"_links":{"self":[{"href":"https:\/\/www.stewartlawoffices.net\/es\/wp-json\/wp\/v2\/pages\/84452","targetHints":{"allow":["GET"]}}],"collection":[{"href":"https:\/\/www.stewartlawoffices.net\/es\/wp-json\/wp\/v2\/pages"}],"about":[{"href":"https:\/\/www.stewartlawoffices.net\/es\/wp-json\/wp\/v2\/types\/page"}],"author":[{"embeddable":true,"href":"https:\/\/www.stewartlawoffices.net\/es\/wp-json\/wp\/v2\/users\/9"}],"replies":[{"embeddable":true,"href":"https:\/\/www.stewartlawoffices.net\/es\/wp-json\/wp\/v2\/comments?post=84452"}],"version-history":[{"count":0,"href":"https:\/\/www.stewartlawoffices.net\/es\/wp-json\/wp\/v2\/pages\/84452\/revisions"}],"up":[{"embeddable":true,"href":"https:\/\/www.stewartlawoffices.net\/es\/wp-json\/wp\/v2\/pages\/57036"}],"wp:featuredmedia":[{"embeddable":true,"href":"https:\/\/www.stewartlawoffices.net\/es\/wp-json\/wp\/v2\/media\/148978"}],"wp:attachment":[{"href":"https:\/\/www.stewartlawoffices.net\/es\/wp-json\/wp\/v2\/media?parent=84452"}],"curies":[{"name":"wp","href":"https:\/\/api.w.org\/{rel}","templated":true}]}}