{"id":5998,"date":"2019-01-02T14:17:11","date_gmt":"2019-01-02T14:17:11","guid":{"rendered":"https:\/\/stewartlawoffices.net\/?page_id=5998"},"modified":"2025-12-02T10:55:21","modified_gmt":"2025-12-02T10:55:21","slug":"accidentes-de-embarcaciones","status":"publish","type":"page","link":"https:\/\/www.stewartlawoffices.net\/es\/abogados-de-lesiones-personales-en-carolina-del-sur\/accidentes-de-embarcaciones\/","title":{"rendered":"Accidentes De Embarcaciones"},"content":{"rendered":"<h2 class=\"span-1\">Nuestros Abogados De Lesi\u00f3n Tienen Experiencia Estatal y Federal en Accidentes De Navegaci\u00f3n<\/h2>\n<p>\u00bfTe lastimaste al navegar en el lago Wylie o al esquiar en el lago Norman debido a las acciones imprudentes de otra persona? Nuestra firma ofrece representaci\u00f3n legal con experiencia para lesiones mar\u00edtimas a residentes en todo <a href=\"https:\/\/stewartlawoffices.net\/es\/abogados-de-lesiones-personales-en-carolina-del-sur\/\">Carolina del Sur y Carolina del Norte<\/a>.<\/p>\n<p>Las personas heridas en r\u00edos, lagos, golfos y otros cuerpos de agua navegables necesitan una fuerte representaci\u00f3n cuando buscan la recuperaci\u00f3n. Nuestros abogados calificados en lesiones tienen experiencia en reclamos de derecho mar\u00edtimo y saben c\u00f3mo proteger sus derechos si sufre una lesi\u00f3n en el mar o en aguas navegables. Si actualmente se est\u00e1 recuperando en su hogar u hospital, podemos hacer arreglos para reunirnos con usted a su conveniencia para una <a href=\"https:\/\/stewartlawoffices.net\/es\/contactenos\/\">consulta gratuita<\/a>.<\/p>\n<h2>\u00bfQui\u00e9n Es Responsable De Mi Lesi\u00f3n De Un Accidente De Navegaci\u00f3n?<\/h2>\n<p>Las personas lesionadas mientras navegan en bote, mientras viajan en motos acuaticas, mientras bucean o pescan pueden presentar reclamaciones contra las partes responsables de sus lesiones y da\u00f1os a la propiedad. Estas partes pueden incluir:<\/p>\n<ul>\n<li>Navegantes negligentes<\/li>\n<li>Operadores de botes ebrios o intoxicados<\/li>\n<li>Operadores de barcos sin una licencia v\u00e1lida<\/li>\n<li>Propietarios que permitieron a conductores sin licencia operar una moto de agua<\/li>\n<li>Fabricantes de equipos acu\u00e1ticos defectuosos<\/li>\n<li>Los talleres de reparaci\u00f3n que no pudieron reparar los componentes rotos que m\u00e1s tarde provocaron un accidente o lesiones graves<\/li>\n<\/ul>\n<p>La navegaci\u00f3n recreativa puede ser una forma relajada de pasar el d\u00eda, pero los operadores deben recordar su responsabilidad de mantenerlos a ellos y a todos los dem\u00e1s en el agua a salvo de cualquier da\u00f1o. Seg\u00fan la Guardia Costera de los EE. UU., Los factores que m\u00e1s contribuyen en los accidentes de navegaci\u00f3n son:<\/p>\n<ul>\n<li>Falta de atenci\u00f3n del operador<\/li>\n<li>Inexperiencia del operador<\/li>\n<li>Observaci\u00f3n inadecuada<\/li>\n<li>Exceso de velocidad<\/li>\n<li>Violaci\u00f3n de reglas de navegaci\u00f3n<\/li>\n<li>Consumo de alcohol<\/li>\n<\/ul>\n<p>El consumo de alcohol fue el factor que m\u00e1s contribuy\u00f3 a las muertes en bote en 2012.<\/p>\n<h2>Abogados Para Reclamaciones Mar\u00edtimas y Lesiones De Navegaci\u00f3n Recreativa<\/h2>\n<p>La ley mar\u00edtima se aplica a cualquier persona herida en aguas navegables. La definici\u00f3n de \u201caguas navegables\u201d, seg\u00fan la Agencia de Protecci\u00f3n Ambiental, incluye afluentes, aguas interestatales, lagos intraestatales, r\u00edos y arroyos.<\/p>\n<p>Los reclamos mar\u00edtimos pueden llegar a los tribunales estatales o federales, y nuestros abogados tienen a\u00f1os de experiencia en el manejo de reclamos en ambos. Dependiendo de su caso, es posible que tenga derecho a un juicio por jurado o un juicio de prueba, lo que implica argumentar su caso frente a un juez sin la presencia de un jurado. Entendemos qu\u00e9 entorno es m\u00e1s adecuado para su caso, y podemos ayudarlo a guiarlo a trav\u00e9s del proceso que creemos que puede terminar a su favor. Un veredicto o acuerdo mar\u00edtimo puede ayudar a pagar sus facturas m\u00e9dicas, salarios perdidos y propiedad da\u00f1ada, junto con las p\u00e9rdidas que sufri\u00f3 por el accidente fatal de un ser querido.<\/p>\n<h2>Encuentre Un Abogado Por Lesiones De Navegacion Creativa en Rock Hill, Columbia y Beaufort<\/h2>\n<p>\u00bfNo est\u00e1 seguro si tiene un caso? Ofrecemos consultas gratuitas y confidenciales a todos nuestros clientes, y trataremos de acomodarlo donde sea que se encuentre. P\u00f3ngase en contacto con nuestros abogados de lesiones para conocer sus opciones despu\u00e9s de una lesi\u00f3n relacionada con el agua o la muerte. Atendemos clientes en Columbia, Charlotte, Rock Hill, partes de Carolina del Norte y toda Carolina del Sur. Las consultas en nuestra oficina de Beaufort son solo con cita previa.<\/p>\n<div class=\"call-out-box\">Ll\u00e1menos o\u00a0<a href=\"https:\/\/stewartlawoffices.net\/es\/contactenos\/\">cont\u00e1ctenos en l\u00ednea<\/a> para que nuestros abogados le proporcionen una evaluaci\u00f3n honesta y minuciosa de su caso durante la consulta gratuita.<\/div>\n","protected":false},"excerpt":{"rendered":"<p>Nuestros Abogados De Lesi\u00f3n Tienen Experiencia Estatal y Federal en Accidentes De Navegaci\u00f3n \u00bfTe lastimaste al navegar en el lago Wylie o al esquiar en el lago Norman debido a las acciones imprudentes de otra persona? Nuestra firma ofrece representaci\u00f3n legal con experiencia para lesiones mar\u00edtimas a residentes en todo Carolina del Sur y Carolina [&hellip;]<\/p>\n","protected":false},"author":9,"featured_media":137341,"parent":118141,"menu_order":260,"comment_status":"closed","ping_status":"closed","template":"","meta":{"_acf_changed":false,"footnotes":""},"class_list":["post-5998","page","type-page","status-publish","has-post-thumbnail","hentry"],"acf":[],"yoast_head":"<!-- This site is optimized with the Yoast SEO Premium plugin v27.3 (Yoast SEO v27.3) - https:\/\/yoast.com\/product\/yoast-seo-premium-wordpress\/ -->\n<title>Abogados de Accidentes de Embarcaciones - Stewart Law Offices<\/title>\n<meta name=\"description\" content=\"\u00bfSe lesion\u00f3 navegando en el lago Wylie o Norman debido a las acciones imprudentes de otra persona? Nuestros abogados est\u00e1n para ayudar.\" \/>\n<meta name=\"robots\" content=\"index, follow, max-snippet:-1, max-image-preview:large, max-video-preview:-1\" \/>\n<link rel=\"canonical\" href=\"https:\/\/www.stewartlawoffices.net\/es\/abogados-de-lesiones-personales-en-carolina-del-sur\/accidentes-de-embarcaciones\/\" \/>\n<meta property=\"og:locale\" content=\"es_ES\" \/>\n<meta property=\"og:type\" content=\"article\" \/>\n<meta property=\"og:title\" content=\"Abogados de Accidentes de Embarcaciones\" \/>\n<meta property=\"og:description\" content=\"\u00a1Llame si se lesion\u00f3 navegando en el lago Wylie o Norman!\" \/>\n<meta property=\"og:url\" content=\"https:\/\/www.stewartlawoffices.net\/es\/abogados-de-lesiones-personales-en-carolina-del-sur\/accidentes-de-embarcaciones\/\" \/>\n<meta property=\"og:site_name\" content=\"Stewart Law Offices\" \/>\n<meta property=\"article:publisher\" content=\"https:\/\/www.facebook.com\/StewartLawOffices\" \/>\n<meta property=\"article:modified_time\" content=\"2025-12-02T10:55:21+00:00\" \/>\n<meta property=\"og:image\" content=\"https:\/\/www.stewartlawoffices.net\/wp-content\/uploads\/2018\/12\/drunk-boating.jpg\" \/>\n\t<meta property=\"og:image:width\" content=\"1170\" \/>\n\t<meta property=\"og:image:height\" content=\"714\" \/>\n\t<meta property=\"og:image:type\" content=\"image\/jpeg\" \/>\n<meta name=\"twitter:card\" content=\"summary_large_image\" \/>\n<meta name=\"twitter:title\" content=\"Abogados de Accidentes de Embarcaciones\" \/>\n<meta name=\"twitter:description\" content=\"\u00bfSe lesion\u00f3 navegando en el lago Wylie o Norman debido a las acciones imprudentes de otra persona? Nuestros abogados est\u00e1n para ayudar.\" \/>\n<meta name=\"twitter:image\" content=\"https:\/\/www.stewartlawoffices.net\/wp-content\/uploads\/2018\/12\/drunk-boating.jpg\" \/>\n<meta name=\"twitter:site\" content=\"@StewartLawLLC\" \/>\n<meta name=\"twitter:label1\" content=\"Tiempo de lectura\" \/>\n\t<meta name=\"twitter:data1\" content=\"3 minutos\" \/>\n<script type=\"application\/ld+json\" class=\"yoast-schema-graph\">{\"@context\":\"https:\\\/\\\/schema.org\",\"@graph\":[{\"@type\":\"WebPage\",\"@id\":\"https:\\\/\\\/www.stewartlawoffices.net\\\/es\\\/abogados-de-lesiones-personales-en-carolina-del-sur\\\/accidentes-de-embarcaciones\\\/\",\"url\":\"https:\\\/\\\/www.stewartlawoffices.net\\\/es\\\/abogados-de-lesiones-personales-en-carolina-del-sur\\\/accidentes-de-embarcaciones\\\/\",\"name\":\"Abogados de Accidentes de Embarcaciones - Stewart Law Offices\",\"isPartOf\":{\"@id\":\"https:\\\/\\\/www.stewartlawoffices.net\\\/es\\\/#website\"},\"primaryImageOfPage\":{\"@id\":\"https:\\\/\\\/www.stewartlawoffices.net\\\/es\\\/abogados-de-lesiones-personales-en-carolina-del-sur\\\/accidentes-de-embarcaciones\\\/#primaryimage\"},\"image\":{\"@id\":\"https:\\\/\\\/www.stewartlawoffices.net\\\/es\\\/abogados-de-lesiones-personales-en-carolina-del-sur\\\/accidentes-de-embarcaciones\\\/#primaryimage\"},\"thumbnailUrl\":\"https:\\\/\\\/www.stewartlawoffices.net\\\/wp-content\\\/uploads\\\/2023\\\/07\\\/boating-accidents.jpg\",\"datePublished\":\"2019-01-02T14:17:11+00:00\",\"dateModified\":\"2025-12-02T10:55:21+00:00\",\"description\":\"\u00bfSe lesion\u00f3 navegando en el lago Wylie o Norman debido a las acciones imprudentes de otra persona? Nuestros abogados est\u00e1n para ayudar.\",\"breadcrumb\":{\"@id\":\"https:\\\/\\\/www.stewartlawoffices.net\\\/es\\\/abogados-de-lesiones-personales-en-carolina-del-sur\\\/accidentes-de-embarcaciones\\\/#breadcrumb\"},\"inLanguage\":\"es\",\"potentialAction\":[{\"@type\":\"ReadAction\",\"target\":[\"https:\\\/\\\/www.stewartlawoffices.net\\\/es\\\/abogados-de-lesiones-personales-en-carolina-del-sur\\\/accidentes-de-embarcaciones\\\/\"]}]},{\"@type\":\"ImageObject\",\"inLanguage\":\"es\",\"@id\":\"https:\\\/\\\/www.stewartlawoffices.net\\\/es\\\/abogados-de-lesiones-personales-en-carolina-del-sur\\\/accidentes-de-embarcaciones\\\/#primaryimage\",\"url\":\"https:\\\/\\\/www.stewartlawoffices.net\\\/wp-content\\\/uploads\\\/2023\\\/07\\\/boating-accidents.jpg\",\"contentUrl\":\"https:\\\/\\\/www.stewartlawoffices.net\\\/wp-content\\\/uploads\\\/2023\\\/07\\\/boating-accidents.jpg\",\"width\":810,\"height\":200,\"caption\":\"boat sinking at dock\"},{\"@type\":\"BreadcrumbList\",\"@id\":\"https:\\\/\\\/www.stewartlawoffices.net\\\/es\\\/abogados-de-lesiones-personales-en-carolina-del-sur\\\/accidentes-de-embarcaciones\\\/#breadcrumb\",\"itemListElement\":[{\"@type\":\"ListItem\",\"position\":1,\"name\":\"H\",\"item\":\"https:\\\/\\\/www.stewartlawoffices.net\\\/es\\\/\"},{\"@type\":\"ListItem\",\"position\":2,\"name\":\"Abogados de lesiones personales en Carolina del Sur\",\"item\":\"https:\\\/\\\/www.stewartlawoffices.net\\\/es\\\/abogados-de-lesiones-personales-en-carolina-del-sur\\\/\"},{\"@type\":\"ListItem\",\"position\":3,\"name\":\"Accidentes De Embarcaciones\"}]},{\"@type\":\"WebSite\",\"@id\":\"https:\\\/\\\/www.stewartlawoffices.net\\\/es\\\/#website\",\"url\":\"https:\\\/\\\/www.stewartlawoffices.net\\\/es\\\/\",\"name\":\"Stewart Law Offices\",\"description\":\"\",\"publisher\":{\"@id\":\"https:\\\/\\\/www.stewartlawoffices.net\\\/es\\\/#organization\"},\"potentialAction\":[{\"@type\":\"SearchAction\",\"target\":{\"@type\":\"EntryPoint\",\"urlTemplate\":\"https:\\\/\\\/www.stewartlawoffices.net\\\/es\\\/?s={search_term_string}\"},\"query-input\":{\"@type\":\"PropertyValueSpecification\",\"valueRequired\":true,\"valueName\":\"search_term_string\"}}],\"inLanguage\":\"es\"},{\"@type\":\"Organization\",\"@id\":\"https:\\\/\\\/www.stewartlawoffices.net\\\/es\\\/#organization\",\"name\":\"Stewart Law Offices\",\"url\":\"https:\\\/\\\/www.stewartlawoffices.net\\\/es\\\/\",\"logo\":{\"@type\":\"ImageObject\",\"inLanguage\":\"es\",\"@id\":\"https:\\\/\\\/www.stewartlawoffices.net\\\/es\\\/#\\\/schema\\\/logo\\\/image\\\/\",\"url\":\"https:\\\/\\\/stewartlawoffices.net\\\/wp-content\\\/uploads\\\/2023\\\/05\\\/footer-logo.svg\",\"contentUrl\":\"https:\\\/\\\/stewartlawoffices.net\\\/wp-content\\\/uploads\\\/2023\\\/05\\\/footer-logo.svg\",\"width\":1,\"height\":1,\"caption\":\"Stewart Law Offices\"},\"image\":{\"@id\":\"https:\\\/\\\/www.stewartlawoffices.net\\\/es\\\/#\\\/schema\\\/logo\\\/image\\\/\"},\"sameAs\":[\"https:\\\/\\\/www.facebook.com\\\/StewartLawOffices\",\"https:\\\/\\\/x.com\\\/StewartLawLLC\",\"https:\\\/\\\/www.linkedin.com\\\/company\\\/stewart-law-offices-llc\",\"https:\\\/\\\/www.youtube.com\\\/channel\\\/UCXsXVgzn84taqmH0F3vJ5Eg\",\"https:\\\/\\\/www.instagram.com\\\/stewartlawoffices\\\/?hl=en\"]}]}<\/script>\n<!-- \/ Yoast SEO Premium plugin. -->","yoast_head_json":{"title":"Abogados de Accidentes de Embarcaciones - Stewart Law Offices","description":"\u00bfSe lesion\u00f3 navegando en el lago Wylie o Norman debido a las acciones imprudentes de otra persona? Nuestros abogados est\u00e1n para ayudar.","robots":{"index":"index","follow":"follow","max-snippet":"max-snippet:-1","max-image-preview":"max-image-preview:large","max-video-preview":"max-video-preview:-1"},"canonical":"https:\/\/www.stewartlawoffices.net\/es\/abogados-de-lesiones-personales-en-carolina-del-sur\/accidentes-de-embarcaciones\/","og_locale":"es_ES","og_type":"article","og_title":"Abogados de Accidentes de Embarcaciones","og_description":"\u00a1Llame si se lesion\u00f3 navegando en el lago Wylie o Norman!","og_url":"https:\/\/www.stewartlawoffices.net\/es\/abogados-de-lesiones-personales-en-carolina-del-sur\/accidentes-de-embarcaciones\/","og_site_name":"Stewart Law Offices","article_publisher":"https:\/\/www.facebook.com\/StewartLawOffices","article_modified_time":"2025-12-02T10:55:21+00:00","og_image":[{"width":1170,"height":714,"url":"https:\/\/www.stewartlawoffices.net\/wp-content\/uploads\/2018\/12\/drunk-boating.jpg","type":"image\/jpeg"}],"twitter_card":"summary_large_image","twitter_title":"Abogados de Accidentes de Embarcaciones","twitter_description":"\u00bfSe lesion\u00f3 navegando en el lago Wylie o Norman debido a las acciones imprudentes de otra persona? Nuestros abogados est\u00e1n para ayudar.","twitter_image":"https:\/\/www.stewartlawoffices.net\/wp-content\/uploads\/2018\/12\/drunk-boating.jpg","twitter_site":"@StewartLawLLC","twitter_misc":{"Tiempo de lectura":"3 minutos"},"schema":{"@context":"https:\/\/schema.org","@graph":[{"@type":"WebPage","@id":"https:\/\/www.stewartlawoffices.net\/es\/abogados-de-lesiones-personales-en-carolina-del-sur\/accidentes-de-embarcaciones\/","url":"https:\/\/www.stewartlawoffices.net\/es\/abogados-de-lesiones-personales-en-carolina-del-sur\/accidentes-de-embarcaciones\/","name":"Abogados de Accidentes de Embarcaciones - Stewart Law Offices","isPartOf":{"@id":"https:\/\/www.stewartlawoffices.net\/es\/#website"},"primaryImageOfPage":{"@id":"https:\/\/www.stewartlawoffices.net\/es\/abogados-de-lesiones-personales-en-carolina-del-sur\/accidentes-de-embarcaciones\/#primaryimage"},"image":{"@id":"https:\/\/www.stewartlawoffices.net\/es\/abogados-de-lesiones-personales-en-carolina-del-sur\/accidentes-de-embarcaciones\/#primaryimage"},"thumbnailUrl":"https:\/\/www.stewartlawoffices.net\/wp-content\/uploads\/2023\/07\/boating-accidents.jpg","datePublished":"2019-01-02T14:17:11+00:00","dateModified":"2025-12-02T10:55:21+00:00","description":"\u00bfSe lesion\u00f3 navegando en el lago Wylie o Norman debido a las acciones imprudentes de otra persona? Nuestros abogados est\u00e1n para ayudar.","breadcrumb":{"@id":"https:\/\/www.stewartlawoffices.net\/es\/abogados-de-lesiones-personales-en-carolina-del-sur\/accidentes-de-embarcaciones\/#breadcrumb"},"inLanguage":"es","potentialAction":[{"@type":"ReadAction","target":["https:\/\/www.stewartlawoffices.net\/es\/abogados-de-lesiones-personales-en-carolina-del-sur\/accidentes-de-embarcaciones\/"]}]},{"@type":"ImageObject","inLanguage":"es","@id":"https:\/\/www.stewartlawoffices.net\/es\/abogados-de-lesiones-personales-en-carolina-del-sur\/accidentes-de-embarcaciones\/#primaryimage","url":"https:\/\/www.stewartlawoffices.net\/wp-content\/uploads\/2023\/07\/boating-accidents.jpg","contentUrl":"https:\/\/www.stewartlawoffices.net\/wp-content\/uploads\/2023\/07\/boating-accidents.jpg","width":810,"height":200,"caption":"boat sinking at dock"},{"@type":"BreadcrumbList","@id":"https:\/\/www.stewartlawoffices.net\/es\/abogados-de-lesiones-personales-en-carolina-del-sur\/accidentes-de-embarcaciones\/#breadcrumb","itemListElement":[{"@type":"ListItem","position":1,"name":"H","item":"https:\/\/www.stewartlawoffices.net\/es\/"},{"@type":"ListItem","position":2,"name":"Abogados de lesiones personales en Carolina del Sur","item":"https:\/\/www.stewartlawoffices.net\/es\/abogados-de-lesiones-personales-en-carolina-del-sur\/"},{"@type":"ListItem","position":3,"name":"Accidentes De Embarcaciones"}]},{"@type":"WebSite","@id":"https:\/\/www.stewartlawoffices.net\/es\/#website","url":"https:\/\/www.stewartlawoffices.net\/es\/","name":"Stewart Law Offices","description":"","publisher":{"@id":"https:\/\/www.stewartlawoffices.net\/es\/#organization"},"potentialAction":[{"@type":"SearchAction","target":{"@type":"EntryPoint","urlTemplate":"https:\/\/www.stewartlawoffices.net\/es\/?s={search_term_string}"},"query-input":{"@type":"PropertyValueSpecification","valueRequired":true,"valueName":"search_term_string"}}],"inLanguage":"es"},{"@type":"Organization","@id":"https:\/\/www.stewartlawoffices.net\/es\/#organization","name":"Stewart Law Offices","url":"https:\/\/www.stewartlawoffices.net\/es\/","logo":{"@type":"ImageObject","inLanguage":"es","@id":"https:\/\/www.stewartlawoffices.net\/es\/#\/schema\/logo\/image\/","url":"https:\/\/stewartlawoffices.net\/wp-content\/uploads\/2023\/05\/footer-logo.svg","contentUrl":"https:\/\/stewartlawoffices.net\/wp-content\/uploads\/2023\/05\/footer-logo.svg","width":1,"height":1,"caption":"Stewart Law Offices"},"image":{"@id":"https:\/\/www.stewartlawoffices.net\/es\/#\/schema\/logo\/image\/"},"sameAs":["https:\/\/www.facebook.com\/StewartLawOffices","https:\/\/x.com\/StewartLawLLC","https:\/\/www.linkedin.com\/company\/stewart-law-offices-llc","https:\/\/www.youtube.com\/channel\/UCXsXVgzn84taqmH0F3vJ5Eg","https:\/\/www.instagram.com\/stewartlawoffices\/?hl=en"]}]}},"_links":{"self":[{"href":"https:\/\/www.stewartlawoffices.net\/es\/wp-json\/wp\/v2\/pages\/5998","targetHints":{"allow":["GET"]}}],"collection":[{"href":"https:\/\/www.stewartlawoffices.net\/es\/wp-json\/wp\/v2\/pages"}],"about":[{"href":"https:\/\/www.stewartlawoffices.net\/es\/wp-json\/wp\/v2\/types\/page"}],"author":[{"embeddable":true,"href":"https:\/\/www.stewartlawoffices.net\/es\/wp-json\/wp\/v2\/users\/9"}],"replies":[{"embeddable":true,"href":"https:\/\/www.stewartlawoffices.net\/es\/wp-json\/wp\/v2\/comments?post=5998"}],"version-history":[{"count":1,"href":"https:\/\/www.stewartlawoffices.net\/es\/wp-json\/wp\/v2\/pages\/5998\/revisions"}],"predecessor-version":[{"id":201997,"href":"https:\/\/www.stewartlawoffices.net\/es\/wp-json\/wp\/v2\/pages\/5998\/revisions\/201997"}],"up":[{"embeddable":true,"href":"https:\/\/www.stewartlawoffices.net\/es\/wp-json\/wp\/v2\/pages\/118141"}],"wp:featuredmedia":[{"embeddable":true,"href":"https:\/\/www.stewartlawoffices.net\/es\/wp-json\/wp\/v2\/media\/137341"}],"wp:attachment":[{"href":"https:\/\/www.stewartlawoffices.net\/es\/wp-json\/wp\/v2\/media?parent=5998"}],"curies":[{"name":"wp","href":"https:\/\/api.w.org\/{rel}","templated":true}]}}