{"id":5955,"date":"2019-01-02T14:16:26","date_gmt":"2019-01-02T14:16:26","guid":{"rendered":"https:\/\/stewartlawoffices.net\/?page_id=5955"},"modified":"2023-08-02T15:33:18","modified_gmt":"2023-08-02T15:33:18","slug":"accidentes-de-conducir-ebrio","status":"publish","type":"page","link":"https:\/\/www.stewartlawoffices.net\/es\/abogados-de-lesiones-personales-en-carolina-del-sur\/accidentes-de-auto\/accidentes-de-conducir-ebrio\/","title":{"rendered":"Accidentes De Conducir Ebrio"},"content":{"rendered":"<p>Los\u00a0<a href=\"https:\/\/stewartlawoffices.net\/es\/abogados-de-lesiones-personales-en-carolina-del-sur\/accidentes-de-auto\/\">abogados especializados en lesiones de accidentes de auto<\/a>\u00a0de\u00a0<a href=\"https:\/\/stewartlawoffices.net\/es\/\">Stewart Law Offices<\/a>\u00a0representan a personas que han sido lesionadas por conductores embriagados en Carolins del Sur y Carolina del Norte. Si un conductor embriagado causa un accidente automovil\u00edstico, estamos preparados para buscar una compensaci\u00f3n completa y justa en nombre de las v\u00edctimas.<\/p>\n<p>Los accidentes por conducci\u00f3n en estado de embriaguez son una de las principales causas de muerte de conductores. Las muertes, lesiones y da\u00f1os a la propiedad debido a la conducci\u00f3n bajo los efectos del alcohol est\u00e1n estimadas en un costo de $44 mil millones por a\u00f1o.<\/p>\n<p>Carolina del Norte y Carolina del Sur Ocupan los cuestionables segundo y tercer puesto en mayor cantidad de muertes relacionadas con conducci\u00f3n bajo los efectos del alcohol en el pa\u00eds. Con este tipo de estad\u00edsticas, es importante que todo el mundo est\u00e9 enterado de sus derechos y sus responsabilidades legales.<\/p>\n<p>De acuerdo con la\u00a0<a href=\"https:\/\/www.nhtsa.gov\/sites\/nhtsa.gov\/files\/documents\/south_carolina_fy2018_hsp.pdf\" target=\"_blank\" rel=\"noopener\">Administraci\u00f3n Nacional de Seguridad de Carreteras (NHTSA por su siglas en ingl\u00e9s)<\/a>, el 44% de las muertes por tr\u00e1fico en Carolina del Sur en un a\u00f1o reciente, fueron causadas por la conducci\u00f3n de veh\u00edculos en estado de embriaguez.<\/p>\n<div class=\"call-out-box\">Ll\u00e1menos o\u00a0<a href=\"https:\/\/stewartlawoffices.net\/es\/contactenos\/\">cont\u00e1ctenos en l\u00ednea<\/a>\u00a0para que nuestros abogados le proporcionen una evaluaci\u00f3n honesta y minuciosa de su caso durante la consulta gratuita.<\/div>\n<h2>Abogados Especializados en Accidentes por Conducci\u00f3n en Estado de Embriaguez<\/h2>\n<p>El equipo de Stewart Law Offices cuenta con los recursos y la experiencia para ayudar a buscar compensaci\u00f3n y justicia si un conductor embriagado lo lastima. Para programar una consulta gratuita y sin obligaciones con un miembro de nuestro equipo, ll\u00e1menos o\u00a0<a href=\"https:\/\/stewartlawoffices.net\/es\/contactenos\/\">cont\u00e1ctenos en l\u00ednea<\/a>\u00a0hoy mismo.<\/p>\n<h2>\u00bfC\u00f3mo Compruebo que un Conductor Embriagado Caus\u00f3 mi Accidente?<\/h2>\n<p>Cuando se vea involucrado en un accidente con un conductor embriagado, una de las primeras preguntas que se hacen muchas personas es, \u201c\u00bfC\u00f3mo puedo comprobar que el conductor que caus\u00f3 mi accidente se encontraba bajo los efectos del alcohol?\u201d<\/p>\n<p>Si las autoridades llegan a la escena del accidente, querr\u00e1n entrevistar a todas las partes involucradas. Si uno de los conductores ha estado bebiendo, los oficiales no solo documentar\u00e1n los s\u00edntomas de intoxicaci\u00f3n, sino que tambi\u00e9n recopilar\u00e1n la evidencia necesaria para probar la intoxicaci\u00f3n en caso de un potencial caso penal. Esto puede incluir realizar una prueba de sobriedad sobre el terreno, una prueba de alcohol\u00edmetro, e incluso pruebas de sangre para medir el contenido de alcohol en la sangre (BAC pro sus sigla en ingl\u00e9s) del conductor.<\/p>\n<p>Adem\u00e1s de estas pruebas y el testimonio de la polic\u00eda, el cuerpo policial y los videos de las c\u00e1maras en los tableros de las patrullas pueden ser usados como evidencia, as\u00ed como declaraciones de testigos y pasajeros que puedan haber observado s\u00edntomas de intoxicaci\u00f3n.<\/p>\n<p>Por \u00faltimo, si el conductor es acusado por Conducir Bajo los Efectos del Alcohol u otro delito por conducir embriagado, esto tambi\u00e9n puede servir como evidencia para apoyar un caso de responsabilidad civil en contra del conductor. Es importante recordar que los aspectos penales y civiles de la conducci\u00f3n en estado de embriaguez son asuntos separados. Incluso si el conductor nunca es acusado por conducir bajo los efectos del alcohol, o no es declarado culpable, usted a\u00fan puede establecer que la negligencia del conductor caus\u00f3 el accidente.<\/p>\n<h2>\u00bfQui\u00e9n puede ser Declarado Responsable?<\/h2>\n<p>Cuando una persona causa un accidente automovil\u00edstico, no solo puede ser declarado responsable por el accidente, sino que existen leyes de responsabilidad que pueden extenderse a muchas otras personas. Estas leyes se conocen como leyes Dram Shop y leyes de responsabilidad de anfitriones.<\/p>\n<h2>Estatutos Dram Shop y de Responsabilidad de Anfitriones<\/h2>\n<p>Muchos estados tienen lo que se conoce como estatutos dram shop y de responsabilidad de anfitriones. Estas leyes disponen que un bar, restaurante, o incluso un particular que organice una fiesta donde se sirva alcohol, puede ser responsable legalmente si permiten deliberadamente que alguien conduzca evidentemente embriagado, o encontr\u00e1ndose por debajo de la edad legal para consumir licor. Estas personas pueden ser demandadas por cualquier accidente o lesi\u00f3n que ocurran en consecuencia.<\/p>\n<h2>Carolina del Sur<\/h2>\n<p>Carolina del Sur no cuenta con las leyes de dram shop ni de responsabilidad de anfitriones como tal, pero la ley estatal s\u00ed permite a las personas que hayan sufrido lesiones por causa de un conductor embriagado, busquen compensaci\u00f3n tanto de los establecimientos como de las personas que sirvieron alcohol a los conductores que m\u00e1s tarde causaron un accidente por conducir bajo los efectos del alcohol.<\/p>\n<p>Carolina del Sur tambi\u00e9n dispone de una reclamaci\u00f3n por responsabilidad de un anfitri\u00f3n a particulares, pero \u00fanicamente si el invitado era menor de la edad legal para consumir bebidas alcoh\u00f3licas.<\/p>\n<h2>Compensaci\u00f3n en Demandas de Accidentes por Conducir en Estado de Embriaguez<\/h2>\n<p>La mayor\u00eda de los estados, incluyendo a Carolina del Norte y Carolina del Sur, otorgan derecho a aquellos quienes se hayan visto lesionados en un accidente automovil\u00edstico causado por un conductor embriagado, a recaudar una indemnizaci\u00f3n compensatoria. Este tipo de indemnizaci\u00f3n est\u00e1 dise\u00f1ado para compensar a la parte lesionada por gastos m\u00e9dicos, p\u00e9rdida de salario, lesiones permanentes y cicatrices, as\u00ed como por dolor y sufrimiento y otras p\u00e9rdidas.<\/p>\n<p>Las sanciones punitivas pueden estar disponibles en algunos casos. Las sanciones punitivas est\u00e1n dise\u00f1adas para castigar a la persona que caus\u00f3 el accidente.<\/p>\n<div class=\"call-out-box\">Ll\u00e1menos o\u00a0<a href=\"https:\/\/stewartlawoffices.net\/es\/contactenos\/\">cont\u00e1ctenos en l\u00ednea<\/a>\u00a0para que nuestros abogados le proporcionen una evaluaci\u00f3n honesta y minuciosa de su caso durante la consulta gratuita.<\/div>\n<h2>Contacte A Un Abogado Especializado En Accidentes Por Conducci\u00f3n En Estado De Embriaguez Ahora Mismo<\/h2>\n<p>\u00bfSufri\u00f3 usted lesiones en un accidente con un conductor que se encontraba bajo la influencia de alcohol o drogas? Perdi\u00f3 usted a un ser querido en un accidente con un conductor intoxicado? Si es as\u00ed, los abogados de Stewart Law Offices pueden tener la posibilidad de ayudarle a conseguir una compensaci\u00f3n completa y justa por sus p\u00e9rdidas.<\/p>\n<p>No espere para obtener representaci\u00f3n legal. Ll\u00e1menos o llene un\u00a0<a href=\"https:\/\/stewartlawoffices.net\/es\/contactenos\/\">formulario de contacto<\/a>\u00a0para programar una consulta gratuita, para discutir sus derechos y opciones legales hoy mismo.<\/p>\n","protected":false},"excerpt":{"rendered":"<p>Los\u00a0abogados especializados en lesiones de accidentes de auto\u00a0de\u00a0Stewart Law Offices\u00a0representan a personas que han sido lesionadas por conductores embriagados en Carolins del Sur y Carolina del Norte. Si un conductor embriagado causa un accidente automovil\u00edstico, estamos preparados para buscar una compensaci\u00f3n completa y justa en nombre de las v\u00edctimas. Los accidentes por conducci\u00f3n en estado [&hellip;]<\/p>\n","protected":false},"author":9,"featured_media":151438,"parent":131835,"menu_order":103,"comment_status":"closed","ping_status":"closed","template":"","meta":{"_acf_changed":false,"footnotes":""},"class_list":["post-5955","page","type-page","status-publish","has-post-thumbnail","hentry"],"acf":[],"yoast_head":"<!-- This site is optimized with the Yoast SEO Premium plugin v27.3 (Yoast SEO v27.3) - https:\/\/yoast.com\/product\/yoast-seo-premium-wordpress\/ -->\n<title>Abogado de lesiones por conducir ebrio - Stewart Law Offices<\/title>\n<meta name=\"description\" content=\"\u00bfLesionado por un conductor ebrio? \u00a1Nuestros abogados de accidentes de DUI responsabilizar\u00e1n a las partes responsables por sus lesiones!\" \/>\n<meta name=\"robots\" content=\"index, follow, max-snippet:-1, max-image-preview:large, max-video-preview:-1\" \/>\n<link rel=\"canonical\" href=\"https:\/\/www.stewartlawoffices.net\/es\/abogados-de-lesiones-personales-en-carolina-del-sur\/accidentes-de-auto\/accidentes-de-conducir-ebrio\/\" \/>\n<meta property=\"og:locale\" content=\"es_ES\" \/>\n<meta property=\"og:type\" content=\"article\" \/>\n<meta property=\"og:title\" content=\"Abogado de lesiones por conducir ebrio\" \/>\n<meta property=\"og:description\" content=\"\u00bfLesionado por un conductor ebrio? Llame ahora para una consulta gratuita.\" \/>\n<meta property=\"og:url\" content=\"https:\/\/www.stewartlawoffices.net\/es\/abogados-de-lesiones-personales-en-carolina-del-sur\/accidentes-de-auto\/accidentes-de-conducir-ebrio\/\" \/>\n<meta property=\"og:site_name\" content=\"Stewart Law Offices\" \/>\n<meta property=\"article:publisher\" content=\"https:\/\/www.facebook.com\/StewartLawOffices\" \/>\n<meta property=\"article:modified_time\" content=\"2023-08-02T15:33:18+00:00\" \/>\n<meta property=\"og:image\" content=\"https:\/\/www.stewartlawoffices.net\/wp-content\/uploads\/2023\/08\/Drunk-driving-accident-lawyer.jpg\" \/>\n\t<meta property=\"og:image:width\" content=\"1000\" \/>\n\t<meta property=\"og:image:height\" content=\"667\" \/>\n\t<meta property=\"og:image:type\" content=\"image\/jpeg\" \/>\n<meta name=\"twitter:card\" content=\"summary_large_image\" \/>\n<meta name=\"twitter:title\" content=\"Abogado de lesiones por conducir ebrio\" \/>\n<meta name=\"twitter:description\" content=\"\u00bfLesionado por un conductor ebrio? Llame ahora para una consulta gratuita.\" \/>\n<meta name=\"twitter:image\" content=\"https:\/\/www.stewartlawoffices.net\/wp-content\/uploads\/2023\/08\/Drunk-driving-accident-lawyer.jpg\" \/>\n<meta name=\"twitter:site\" content=\"@StewartLawLLC\" \/>\n<meta name=\"twitter:label1\" content=\"Tiempo de lectura\" \/>\n\t<meta name=\"twitter:data1\" content=\"5 minutos\" \/>\n<script type=\"application\/ld+json\" class=\"yoast-schema-graph\">{\"@context\":\"https:\\\/\\\/schema.org\",\"@graph\":[{\"@type\":\"WebPage\",\"@id\":\"https:\\\/\\\/www.stewartlawoffices.net\\\/es\\\/abogados-de-lesiones-personales-en-carolina-del-sur\\\/accidentes-de-auto\\\/accidentes-de-conducir-ebrio\\\/\",\"url\":\"https:\\\/\\\/www.stewartlawoffices.net\\\/es\\\/abogados-de-lesiones-personales-en-carolina-del-sur\\\/accidentes-de-auto\\\/accidentes-de-conducir-ebrio\\\/\",\"name\":\"Abogado de lesiones por conducir ebrio - Stewart Law Offices\",\"isPartOf\":{\"@id\":\"https:\\\/\\\/www.stewartlawoffices.net\\\/es\\\/#website\"},\"primaryImageOfPage\":{\"@id\":\"https:\\\/\\\/www.stewartlawoffices.net\\\/es\\\/abogados-de-lesiones-personales-en-carolina-del-sur\\\/accidentes-de-auto\\\/accidentes-de-conducir-ebrio\\\/#primaryimage\"},\"image\":{\"@id\":\"https:\\\/\\\/www.stewartlawoffices.net\\\/es\\\/abogados-de-lesiones-personales-en-carolina-del-sur\\\/accidentes-de-auto\\\/accidentes-de-conducir-ebrio\\\/#primaryimage\"},\"thumbnailUrl\":\"https:\\\/\\\/www.stewartlawoffices.net\\\/wp-content\\\/uploads\\\/2023\\\/08\\\/Drunk-driving-accident-lawyer.jpg\",\"datePublished\":\"2019-01-02T14:16:26+00:00\",\"dateModified\":\"2023-08-02T15:33:18+00:00\",\"description\":\"\u00bfLesionado por un conductor ebrio? \u00a1Nuestros abogados de accidentes de DUI responsabilizar\u00e1n a las partes responsables por sus lesiones!\",\"breadcrumb\":{\"@id\":\"https:\\\/\\\/www.stewartlawoffices.net\\\/es\\\/abogados-de-lesiones-personales-en-carolina-del-sur\\\/accidentes-de-auto\\\/accidentes-de-conducir-ebrio\\\/#breadcrumb\"},\"inLanguage\":\"es\",\"potentialAction\":[{\"@type\":\"ReadAction\",\"target\":[\"https:\\\/\\\/www.stewartlawoffices.net\\\/es\\\/abogados-de-lesiones-personales-en-carolina-del-sur\\\/accidentes-de-auto\\\/accidentes-de-conducir-ebrio\\\/\"]}]},{\"@type\":\"ImageObject\",\"inLanguage\":\"es\",\"@id\":\"https:\\\/\\\/www.stewartlawoffices.net\\\/es\\\/abogados-de-lesiones-personales-en-carolina-del-sur\\\/accidentes-de-auto\\\/accidentes-de-conducir-ebrio\\\/#primaryimage\",\"url\":\"https:\\\/\\\/www.stewartlawoffices.net\\\/wp-content\\\/uploads\\\/2023\\\/08\\\/Drunk-driving-accident-lawyer.jpg\",\"contentUrl\":\"https:\\\/\\\/www.stewartlawoffices.net\\\/wp-content\\\/uploads\\\/2023\\\/08\\\/Drunk-driving-accident-lawyer.jpg\",\"width\":1000,\"height\":667,\"caption\":\"Abogado de lesiones por conducir ebrio\"},{\"@type\":\"BreadcrumbList\",\"@id\":\"https:\\\/\\\/www.stewartlawoffices.net\\\/es\\\/abogados-de-lesiones-personales-en-carolina-del-sur\\\/accidentes-de-auto\\\/accidentes-de-conducir-ebrio\\\/#breadcrumb\",\"itemListElement\":[{\"@type\":\"ListItem\",\"position\":1,\"name\":\"H\",\"item\":\"https:\\\/\\\/www.stewartlawoffices.net\\\/es\\\/\"},{\"@type\":\"ListItem\",\"position\":2,\"name\":\"Abogados de lesiones personales en Carolina del Sur\",\"item\":\"https:\\\/\\\/www.stewartlawoffices.net\\\/es\\\/abogados-de-lesiones-personales-en-carolina-del-sur\\\/\"},{\"@type\":\"ListItem\",\"position\":3,\"name\":\"Accidentes De Auto\",\"item\":\"https:\\\/\\\/www.stewartlawoffices.net\\\/es\\\/abogados-de-lesiones-personales-en-carolina-del-sur\\\/accidentes-de-auto\\\/\"},{\"@type\":\"ListItem\",\"position\":4,\"name\":\"Accidentes De Conducir Ebrio\"}]},{\"@type\":\"WebSite\",\"@id\":\"https:\\\/\\\/www.stewartlawoffices.net\\\/es\\\/#website\",\"url\":\"https:\\\/\\\/www.stewartlawoffices.net\\\/es\\\/\",\"name\":\"Stewart Law Offices\",\"description\":\"\",\"publisher\":{\"@id\":\"https:\\\/\\\/www.stewartlawoffices.net\\\/es\\\/#organization\"},\"potentialAction\":[{\"@type\":\"SearchAction\",\"target\":{\"@type\":\"EntryPoint\",\"urlTemplate\":\"https:\\\/\\\/www.stewartlawoffices.net\\\/es\\\/?s={search_term_string}\"},\"query-input\":{\"@type\":\"PropertyValueSpecification\",\"valueRequired\":true,\"valueName\":\"search_term_string\"}}],\"inLanguage\":\"es\"},{\"@type\":\"Organization\",\"@id\":\"https:\\\/\\\/www.stewartlawoffices.net\\\/es\\\/#organization\",\"name\":\"Stewart Law Offices\",\"url\":\"https:\\\/\\\/www.stewartlawoffices.net\\\/es\\\/\",\"logo\":{\"@type\":\"ImageObject\",\"inLanguage\":\"es\",\"@id\":\"https:\\\/\\\/www.stewartlawoffices.net\\\/es\\\/#\\\/schema\\\/logo\\\/image\\\/\",\"url\":\"https:\\\/\\\/stewartlawoffices.net\\\/wp-content\\\/uploads\\\/2023\\\/05\\\/footer-logo.svg\",\"contentUrl\":\"https:\\\/\\\/stewartlawoffices.net\\\/wp-content\\\/uploads\\\/2023\\\/05\\\/footer-logo.svg\",\"width\":1,\"height\":1,\"caption\":\"Stewart Law Offices\"},\"image\":{\"@id\":\"https:\\\/\\\/www.stewartlawoffices.net\\\/es\\\/#\\\/schema\\\/logo\\\/image\\\/\"},\"sameAs\":[\"https:\\\/\\\/www.facebook.com\\\/StewartLawOffices\",\"https:\\\/\\\/x.com\\\/StewartLawLLC\",\"https:\\\/\\\/www.linkedin.com\\\/company\\\/stewart-law-offices-llc\",\"https:\\\/\\\/www.youtube.com\\\/channel\\\/UCXsXVgzn84taqmH0F3vJ5Eg\",\"https:\\\/\\\/www.instagram.com\\\/stewartlawoffices\\\/?hl=en\"]}]}<\/script>\n<!-- \/ Yoast SEO Premium plugin. -->","yoast_head_json":{"title":"Abogado de lesiones por conducir ebrio - Stewart Law Offices","description":"\u00bfLesionado por un conductor ebrio? \u00a1Nuestros abogados de accidentes de DUI responsabilizar\u00e1n a las partes responsables por sus lesiones!","robots":{"index":"index","follow":"follow","max-snippet":"max-snippet:-1","max-image-preview":"max-image-preview:large","max-video-preview":"max-video-preview:-1"},"canonical":"https:\/\/www.stewartlawoffices.net\/es\/abogados-de-lesiones-personales-en-carolina-del-sur\/accidentes-de-auto\/accidentes-de-conducir-ebrio\/","og_locale":"es_ES","og_type":"article","og_title":"Abogado de lesiones por conducir ebrio","og_description":"\u00bfLesionado por un conductor ebrio? Llame ahora para una consulta gratuita.","og_url":"https:\/\/www.stewartlawoffices.net\/es\/abogados-de-lesiones-personales-en-carolina-del-sur\/accidentes-de-auto\/accidentes-de-conducir-ebrio\/","og_site_name":"Stewart Law Offices","article_publisher":"https:\/\/www.facebook.com\/StewartLawOffices","article_modified_time":"2023-08-02T15:33:18+00:00","og_image":[{"width":1000,"height":667,"url":"https:\/\/www.stewartlawoffices.net\/wp-content\/uploads\/2023\/08\/Drunk-driving-accident-lawyer.jpg","type":"image\/jpeg"}],"twitter_card":"summary_large_image","twitter_title":"Abogado de lesiones por conducir ebrio","twitter_description":"\u00bfLesionado por un conductor ebrio? Llame ahora para una consulta gratuita.","twitter_image":"https:\/\/www.stewartlawoffices.net\/wp-content\/uploads\/2023\/08\/Drunk-driving-accident-lawyer.jpg","twitter_site":"@StewartLawLLC","twitter_misc":{"Tiempo de lectura":"5 minutos"},"schema":{"@context":"https:\/\/schema.org","@graph":[{"@type":"WebPage","@id":"https:\/\/www.stewartlawoffices.net\/es\/abogados-de-lesiones-personales-en-carolina-del-sur\/accidentes-de-auto\/accidentes-de-conducir-ebrio\/","url":"https:\/\/www.stewartlawoffices.net\/es\/abogados-de-lesiones-personales-en-carolina-del-sur\/accidentes-de-auto\/accidentes-de-conducir-ebrio\/","name":"Abogado de lesiones por conducir ebrio - Stewart Law Offices","isPartOf":{"@id":"https:\/\/www.stewartlawoffices.net\/es\/#website"},"primaryImageOfPage":{"@id":"https:\/\/www.stewartlawoffices.net\/es\/abogados-de-lesiones-personales-en-carolina-del-sur\/accidentes-de-auto\/accidentes-de-conducir-ebrio\/#primaryimage"},"image":{"@id":"https:\/\/www.stewartlawoffices.net\/es\/abogados-de-lesiones-personales-en-carolina-del-sur\/accidentes-de-auto\/accidentes-de-conducir-ebrio\/#primaryimage"},"thumbnailUrl":"https:\/\/www.stewartlawoffices.net\/wp-content\/uploads\/2023\/08\/Drunk-driving-accident-lawyer.jpg","datePublished":"2019-01-02T14:16:26+00:00","dateModified":"2023-08-02T15:33:18+00:00","description":"\u00bfLesionado por un conductor ebrio? \u00a1Nuestros abogados de accidentes de DUI responsabilizar\u00e1n a las partes responsables por sus lesiones!","breadcrumb":{"@id":"https:\/\/www.stewartlawoffices.net\/es\/abogados-de-lesiones-personales-en-carolina-del-sur\/accidentes-de-auto\/accidentes-de-conducir-ebrio\/#breadcrumb"},"inLanguage":"es","potentialAction":[{"@type":"ReadAction","target":["https:\/\/www.stewartlawoffices.net\/es\/abogados-de-lesiones-personales-en-carolina-del-sur\/accidentes-de-auto\/accidentes-de-conducir-ebrio\/"]}]},{"@type":"ImageObject","inLanguage":"es","@id":"https:\/\/www.stewartlawoffices.net\/es\/abogados-de-lesiones-personales-en-carolina-del-sur\/accidentes-de-auto\/accidentes-de-conducir-ebrio\/#primaryimage","url":"https:\/\/www.stewartlawoffices.net\/wp-content\/uploads\/2023\/08\/Drunk-driving-accident-lawyer.jpg","contentUrl":"https:\/\/www.stewartlawoffices.net\/wp-content\/uploads\/2023\/08\/Drunk-driving-accident-lawyer.jpg","width":1000,"height":667,"caption":"Abogado de lesiones por conducir ebrio"},{"@type":"BreadcrumbList","@id":"https:\/\/www.stewartlawoffices.net\/es\/abogados-de-lesiones-personales-en-carolina-del-sur\/accidentes-de-auto\/accidentes-de-conducir-ebrio\/#breadcrumb","itemListElement":[{"@type":"ListItem","position":1,"name":"H","item":"https:\/\/www.stewartlawoffices.net\/es\/"},{"@type":"ListItem","position":2,"name":"Abogados de lesiones personales en Carolina del Sur","item":"https:\/\/www.stewartlawoffices.net\/es\/abogados-de-lesiones-personales-en-carolina-del-sur\/"},{"@type":"ListItem","position":3,"name":"Accidentes De Auto","item":"https:\/\/www.stewartlawoffices.net\/es\/abogados-de-lesiones-personales-en-carolina-del-sur\/accidentes-de-auto\/"},{"@type":"ListItem","position":4,"name":"Accidentes De Conducir Ebrio"}]},{"@type":"WebSite","@id":"https:\/\/www.stewartlawoffices.net\/es\/#website","url":"https:\/\/www.stewartlawoffices.net\/es\/","name":"Stewart Law Offices","description":"","publisher":{"@id":"https:\/\/www.stewartlawoffices.net\/es\/#organization"},"potentialAction":[{"@type":"SearchAction","target":{"@type":"EntryPoint","urlTemplate":"https:\/\/www.stewartlawoffices.net\/es\/?s={search_term_string}"},"query-input":{"@type":"PropertyValueSpecification","valueRequired":true,"valueName":"search_term_string"}}],"inLanguage":"es"},{"@type":"Organization","@id":"https:\/\/www.stewartlawoffices.net\/es\/#organization","name":"Stewart Law Offices","url":"https:\/\/www.stewartlawoffices.net\/es\/","logo":{"@type":"ImageObject","inLanguage":"es","@id":"https:\/\/www.stewartlawoffices.net\/es\/#\/schema\/logo\/image\/","url":"https:\/\/stewartlawoffices.net\/wp-content\/uploads\/2023\/05\/footer-logo.svg","contentUrl":"https:\/\/stewartlawoffices.net\/wp-content\/uploads\/2023\/05\/footer-logo.svg","width":1,"height":1,"caption":"Stewart Law Offices"},"image":{"@id":"https:\/\/www.stewartlawoffices.net\/es\/#\/schema\/logo\/image\/"},"sameAs":["https:\/\/www.facebook.com\/StewartLawOffices","https:\/\/x.com\/StewartLawLLC","https:\/\/www.linkedin.com\/company\/stewart-law-offices-llc","https:\/\/www.youtube.com\/channel\/UCXsXVgzn84taqmH0F3vJ5Eg","https:\/\/www.instagram.com\/stewartlawoffices\/?hl=en"]}]}},"_links":{"self":[{"href":"https:\/\/www.stewartlawoffices.net\/es\/wp-json\/wp\/v2\/pages\/5955","targetHints":{"allow":["GET"]}}],"collection":[{"href":"https:\/\/www.stewartlawoffices.net\/es\/wp-json\/wp\/v2\/pages"}],"about":[{"href":"https:\/\/www.stewartlawoffices.net\/es\/wp-json\/wp\/v2\/types\/page"}],"author":[{"embeddable":true,"href":"https:\/\/www.stewartlawoffices.net\/es\/wp-json\/wp\/v2\/users\/9"}],"replies":[{"embeddable":true,"href":"https:\/\/www.stewartlawoffices.net\/es\/wp-json\/wp\/v2\/comments?post=5955"}],"version-history":[{"count":0,"href":"https:\/\/www.stewartlawoffices.net\/es\/wp-json\/wp\/v2\/pages\/5955\/revisions"}],"up":[{"embeddable":true,"href":"https:\/\/www.stewartlawoffices.net\/es\/wp-json\/wp\/v2\/pages\/131835"}],"wp:featuredmedia":[{"embeddable":true,"href":"https:\/\/www.stewartlawoffices.net\/es\/wp-json\/wp\/v2\/media\/151438"}],"wp:attachment":[{"href":"https:\/\/www.stewartlawoffices.net\/es\/wp-json\/wp\/v2\/media?parent=5955"}],"curies":[{"name":"wp","href":"https:\/\/api.w.org\/{rel}","templated":true}]}}