{"id":35231,"date":"2019-01-11T12:34:22","date_gmt":"2019-01-11T12:34:22","guid":{"rendered":"https:\/\/stewartlawoffices.net\/?page_id=35231"},"modified":"2023-08-08T04:44:23","modified_gmt":"2023-08-08T04:44:23","slug":"por-que-debe-tomar-fotos-despues-de-un-accidente","status":"publish","type":"page","link":"https:\/\/www.stewartlawoffices.net\/es\/abogados-de-lesiones-personales-en-carolina-del-sur\/accidentes-de-auto\/por-que-debe-tomar-fotos-despues-de-un-accidente\/","title":{"rendered":"Por Qu\u00e9 Debe Tomar Fotos Despu\u00e9s de un Accidente Automovil\u00edstico"},"content":{"rendered":"<p>Los conductores son disuadidos de usar Smartphone mientras est\u00e1n conduciendo, pero las caracter\u00edsticas y aplicaciones de su tel\u00e9fono pueden ser una herramienta fundamental despu\u00e9s de que usted se vea involucrado en un accidente. Usted no solo debe llamar de inmediato a la polic\u00eda y a Stewart Law Offices, sino que debe aprovechar la c\u00e1mara incorporada al tel\u00e9fono para tomar fotograf\u00edas y documentar la escena.<\/p>\n<p>Usted debe usar su c\u00e1mara para tomar todas las fotos que pueda de la escena de su accidente. Ning\u00fan abogado le dir\u00e1 nunca que tom\u00f3 demasiadas fotograf\u00edas. No todas las personas caen en cuenta de tomar fotos en el desorientado momento despu\u00e9s de un accidente, pero muchos lamentan r\u00e1pidamente no haberlo hecho.<\/p>\n<p>En muchos casos, las fotos tomadas por las v\u00edctimas pueden resultar ser evidencia crucial. Si usted sufri\u00f3 lesiones graves, o su ser querido muri\u00f3 en un accidente automovil\u00edstico en Carolina del Sur, no espere a obtener la ayuda de un abogado. Usted necesita actuar r\u00e1pidamente para darse la oportunidad de recaudar la compensaci\u00f3n que necesita y merece.<\/p>\n<p><a href=\"https:\/\/stewartlawoffices.net\/es\/\">Stewart Law Offices<\/a> cuenta con oficinas en Rock Hill Carolina del Sur, <a href=\"https:\/\/stewartlawoffices.net\/es\/columbia-abogados-lesiones-personales\/\">Columbia<\/a>, <a href=\"https:\/\/stewartlawoffices.net\/es\/spartanburg-abogados-lesiones-personales\/\">Spartanburg<\/a> y <a href=\"https:\/\/stewartlawoffices.net\/es\/beaufort-abogados-lesiones-personales\/\">Beaufort<\/a>, as\u00ed como con una sede en <a href=\"https:\/\/stewartlawoffices.net\/es\/charlotte-abogados-lesiones-personales\/\">Charlotte, Carolina del Norte<\/a>. Ll\u00e1menos o diligencie un <a href=\"https:\/\/stewartlawoffices.net\/es\/contactenos\/\">formulario de contacto en l\u00ednea<\/a>\u00a0para que nuestros abogados especializados en accidentes automovil\u00edsticos proporcione una evaluaci\u00f3n minuciosa y honesta de su caso durante una consulta gratuita.<\/p>\n<div class=\"call-out-box\">Ll\u00e1menos o\u00a0<a href=\"https:\/\/stewartlawoffices.net\/es\/contactenos\/\">cont\u00e1ctenos en l\u00ednea<\/a>\u00a0para que nuestros abogados le proporcionen una evaluaci\u00f3n honesta y minuciosa de su caso durante la consulta gratuita.<\/div>\n<h2>Las Fotograf\u00edas son un Tipo Importante de Evidencia<\/h2>\n<p>Muchas escenas de accidentes automovil\u00edsticos ser\u00e1n limpiadas r\u00e1pidamente. Los veh\u00edculos son remolcados, los vidrios y otros residuos son recogidos, y el tr\u00e1fico podr\u00e1 pasar libremente por el lugar de la escena.<\/p>\n<p>Las fotograf\u00edas son una forma valiosa de evidencia, porque capturan la posici\u00f3n de los veh\u00edculos despu\u00e9s de un accidente, los da\u00f1os de cada uno de los veh\u00edculos, y otra informaci\u00f3n fundamental. Las fotograf\u00edas que usted tome, pueden ayudar a proporcionar pruebas irrefutables del lugar donde ocurri\u00f3 el accidente y pueden capturar otra evidencia como marcas de neum\u00e1ticos o se\u00f1ales de tr\u00e1nsito que hayan estado obstruidas.<\/p>\n<p>En resumen, las fotograf\u00edas pueden ayudar dram\u00e1ticamente a aumentar la fuerza de su demanda por lesiones. Por ese motivo, usted debe tomar tantas fotos como sea posible.<\/p>\n<p>Aseg\u00farese de tomar fotograf\u00edas desde diferentes \u00e1ngulos y distancias. La variedad de perspectivas que usted capture es importante, ya que algo importante que est\u00e9 obstruido en una foto puede ser visible en otra. Considere usar la caracter\u00edstica de video de la c\u00e1mara de su tel\u00e9fono si est\u00e1 disponible.<\/p>\n<p>Adem\u00e1s, aseg\u00farese de que sus fotos tengan marcas de tiempo, que usualmente son una secuencia de informaci\u00f3n codificada que establece la hora y fecha en que ocurri\u00f3 el evento. La fecha y la hora son almacenadas autom\u00e1ticamente en los metadatos de la mayor\u00eda de los Smartphone, pero las personas que utilizan c\u00e1maras fotogr\u00e1ficas deber\u00edan garantizar que las fechas y horas sean precisas.<\/p>\n<h2>\u00bfQu\u00e9 ocurre cuando usted no toma fotograf\u00edas?<\/h2>\n<p>Muchas personas no piensan en fotografiar la escena de sus accidentes. No tomar fotograf\u00edas no necesariamente arruina una demanda por lesiones personales, pero puede hacer que sea m\u00e1s dif\u00edcil obtener compensaci\u00f3n en algunos casos.<\/p>\n<p>Sin fotograf\u00edas de la escena del accidente, las compa\u00f1\u00edas aseguradoras pueden depender de un an\u00e1lisis independiente del accidente. Normalmente ellos inspeccionar\u00e1n los veh\u00edculos despu\u00e9s de que hayan sido remolcados desde la escena del accidente, y luego tratar\u00e1n de usar las se\u00f1ales f\u00edsicas de da\u00f1os para determinar c\u00f3mo ocurri\u00f3 un accidente.<\/p>\n<p>No se sorprenda que pueda haber disputas entre aseguradoras acerca de c\u00f3mo ocurri\u00f3 un accidente cuando no hay fotos para resolver estas disputas. Sin evidencia s\u00f3lida para apoyar demandas espec\u00edficas por lesiones, puede hacerse m\u00e1s dif\u00edcil para una v\u00edctima recaudar la compensaci\u00f3n adecuada.<\/p>\n<h2>Trate de Tomar Fotograf\u00edas de Todo lo Relacionado con el Accidente<\/h2>\n<p>Cuando usted est\u00e9 tomando fotos de una escena de accidente, debe asegurarse de fotografiar todo lo relacionado con el accidente. Los veh\u00edculos involucrados sin duda son importantes, y usted debe tomar fotos de ellos primero que todo.<\/p>\n<p>Adem\u00e1s de las \u00e1reas da\u00f1adas de estos veh\u00edculos, busque tambi\u00e9n otras circunstancias notables de los veh\u00edculos que pueda convenir registrar. Fugas de l\u00edquido, cables desgastados y piezas sueltas pueden ser beneficiosas si se fotograf\u00edan. Busque cualquier marca de deslizamiento de las llantas.<\/p>\n<p>\u00bfHab\u00eda alg\u00fan objeto en la carretera que haya contribuido a su accidente? Tome fotos de ellos. Si hubo alg\u00fan signo en la carretera desviando el tr\u00e1fico, tome fotograf\u00edas de ellos tambi\u00e9n. Virtualmente cualquier objeto en la carretera que haya estado involucrado en su accidente, debe ser fotografiado.<\/p>\n<p>No tenga miedo de tomar tambi\u00e9n fotograf\u00edas de las personas en la escena del accidente. Esto incluye oficiales de polic\u00eda, bomberos, equipos de respuesta a emergencias, testigos y cualquier otra persona.<\/p>\n<p>No olvide tomar fotos de sus lesiones. Usted debe hacer esto desde antes de presentarse ante el tribunal, ya que sus lesiones habr\u00e1n tenido tiempo de sanar hasta entonces. Cuando usted tenga fotograf\u00edas de sus lesiones en su peor momento, estas se convierten en evidencia convincente.<\/p>\n<h2>\u00bfY si No Puedo Tomar Fotograf\u00edas Despu\u00e9s de Mi Accidente Automovil\u00edstico?<\/h2>\n<p>Muchas v\u00edctimas no pueden permanecer en, o regresar a la escena del accidente para tomar fotograf\u00edas, ya que requieren atenci\u00f3n m\u00e9dica inmediata. En dichas situaciones, las v\u00edctimas no deben dudar en pedirle a alguien m\u00e1s que les tome fotograf\u00edas.<\/p>\n<p>Amigos y familiares son una buena opci\u00f3n, especialmente si ya se encuentran en la escena del accidente. Si esas opciones no est\u00e1n disponibles, las personas deben intentar con cualquier otro conocido que pueda ayudar, incluyendo compa\u00f1eros de trabajo.<\/p>\n<p>Cuando otras personas hayan presenciado el accidente, una v\u00edctima tambi\u00e9n puede pedirle a uno de los testigos que tome fotograf\u00edas por ella. Muchos testigos est\u00e1n ansiosos por ayudar a las v\u00edctimas de lesiones, y normalmente ayudar\u00e1n con gusto de la manera en que puedan.<\/p>\n<h2>Cu\u00e1les Fotograf\u00edas Debe Tomar y C\u00f3mo Tomarlas<\/h2>\n<p>Trate de considerar todos los objetos que est\u00e9n involucrados en la escena de su accidente. Aseg\u00farese de fotografiar todo lo que parezca importante para usted, y luego tome fotograf\u00edas de todo lo dem\u00e1s que no parezca tan significativo. Usted nunca sabe lo que las im\u00e1genes que usted capture pueden causar. En algunos casos, las fotograf\u00edas provocan descubrimientos importantes.<\/p>\n<div class=\"call-out-box\">Ll\u00e1menos o\u00a0<a href=\"https:\/\/stewartlawoffices.net\/es\/contactenos\/\">cont\u00e1ctenos en l\u00ednea<\/a>\u00a0para que nuestros abogados le proporcionen una evaluaci\u00f3n honesta y minuciosa de su caso durante la consulta gratuita.<\/div>\n<h2>Cont\u00e1ctenos Para Pedir Ayuda Despu\u00e9s De Un Accidente Automovil\u00edstico En\u00a0Carolina Del Sur O Carolina Del Norte<\/h2>\n<p>\u00bfSufri\u00f3 usted lesiones graves, o su ser querido falleci\u00f3 en un accidente automovil\u00edstico en Carolina del Sur? Contacte a Stewart Law Offices tan pronto como sea posible.<\/p>\n<p>Nuestra firma ha estado defendiendo a v\u00edctimas de accidentes automovil\u00edsticos desde 1995. Nuestros abogados especializados en accidentes automovil\u00edsticos pueden evaluar su caso y responder todas sus preguntas legales tan pronto como usted nos llame, o nos contacte en l\u00ednea para programar una consulta gratuita.<\/p>\n","protected":false},"excerpt":{"rendered":"<p>Los conductores son disuadidos de usar Smartphone mientras est\u00e1n conduciendo, pero las caracter\u00edsticas y aplicaciones de su tel\u00e9fono pueden ser una herramienta fundamental despu\u00e9s de que usted se vea involucrado en un accidente. Usted no solo debe llamar de inmediato a la polic\u00eda y a Stewart Law Offices, sino que debe aprovechar la c\u00e1mara incorporada [&hellip;]<\/p>\n","protected":false},"author":9,"featured_media":151446,"parent":131835,"menu_order":140,"comment_status":"closed","ping_status":"closed","template":"","meta":{"_acf_changed":false,"footnotes":""},"class_list":["post-35231","page","type-page","status-publish","has-post-thumbnail","hentry"],"acf":[],"yoast_head":"<!-- This site is optimized with the Yoast SEO Premium plugin v27.3 (Yoast SEO v27.3) - https:\/\/yoast.com\/product\/yoast-seo-premium-wordpress\/ -->\n<title>Documentar un accidente automovil\u00edstico - Stewart Law Offices<\/title>\n<meta name=\"description\" content=\"Nuestros abogados de accidentes automovil\u00edsticos han enumerado por qu\u00e9 deber\u00eda tomar fotograf\u00edas despu\u00e9s de un accidente automovil\u00edstico.\" \/>\n<meta name=\"robots\" content=\"index, follow, max-snippet:-1, max-image-preview:large, max-video-preview:-1\" \/>\n<link rel=\"canonical\" href=\"https:\/\/www.stewartlawoffices.net\/es\/abogados-de-lesiones-personales-en-carolina-del-sur\/accidentes-de-auto\/por-que-debe-tomar-fotos-despues-de-un-accidente\/\" \/>\n<meta property=\"og:locale\" content=\"es_ES\" \/>\n<meta property=\"og:type\" content=\"article\" \/>\n<meta property=\"og:title\" content=\"Documentar un accidente automovil\u00edstico\" \/>\n<meta property=\"og:description\" content=\"\u00bfPor qu\u00e9 deber\u00edas tomar fotos despu\u00e9s de un accidente automovil\u00edstico?\" \/>\n<meta property=\"og:url\" content=\"https:\/\/www.stewartlawoffices.net\/es\/abogados-de-lesiones-personales-en-carolina-del-sur\/accidentes-de-auto\/por-que-debe-tomar-fotos-despues-de-un-accidente\/\" \/>\n<meta property=\"og:site_name\" content=\"Stewart Law Offices\" \/>\n<meta property=\"article:publisher\" content=\"https:\/\/www.facebook.com\/StewartLawOffices\" \/>\n<meta property=\"article:modified_time\" content=\"2023-08-08T04:44:23+00:00\" \/>\n<meta property=\"og:image\" content=\"https:\/\/www.stewartlawoffices.net\/wp-content\/uploads\/2023\/08\/documenting-car-accident.jpg\" \/>\n\t<meta property=\"og:image:width\" content=\"1000\" \/>\n\t<meta property=\"og:image:height\" content=\"667\" \/>\n\t<meta property=\"og:image:type\" content=\"image\/jpeg\" \/>\n<meta name=\"twitter:card\" content=\"summary_large_image\" \/>\n<meta name=\"twitter:title\" content=\"Documentar un accidente automovil\u00edstico\" \/>\n<meta name=\"twitter:description\" content=\"\u00bfPor qu\u00e9 deber\u00edas tomar fotos despu\u00e9s de un accidente automovil\u00edstico?\" \/>\n<meta name=\"twitter:image\" content=\"https:\/\/www.stewartlawoffices.net\/wp-content\/uploads\/2023\/08\/documenting-car-accident.jpg\" \/>\n<meta name=\"twitter:site\" content=\"@StewartLawLLC\" \/>\n<meta name=\"twitter:label1\" content=\"Tiempo de lectura\" \/>\n\t<meta name=\"twitter:data1\" content=\"6 minutos\" \/>\n<script type=\"application\/ld+json\" class=\"yoast-schema-graph\">{\"@context\":\"https:\\\/\\\/schema.org\",\"@graph\":[{\"@type\":\"WebPage\",\"@id\":\"https:\\\/\\\/www.stewartlawoffices.net\\\/es\\\/abogados-de-lesiones-personales-en-carolina-del-sur\\\/accidentes-de-auto\\\/por-que-debe-tomar-fotos-despues-de-un-accidente\\\/\",\"url\":\"https:\\\/\\\/www.stewartlawoffices.net\\\/es\\\/abogados-de-lesiones-personales-en-carolina-del-sur\\\/accidentes-de-auto\\\/por-que-debe-tomar-fotos-despues-de-un-accidente\\\/\",\"name\":\"Documentar un accidente automovil\u00edstico - Stewart Law Offices\",\"isPartOf\":{\"@id\":\"https:\\\/\\\/www.stewartlawoffices.net\\\/es\\\/#website\"},\"primaryImageOfPage\":{\"@id\":\"https:\\\/\\\/www.stewartlawoffices.net\\\/es\\\/abogados-de-lesiones-personales-en-carolina-del-sur\\\/accidentes-de-auto\\\/por-que-debe-tomar-fotos-despues-de-un-accidente\\\/#primaryimage\"},\"image\":{\"@id\":\"https:\\\/\\\/www.stewartlawoffices.net\\\/es\\\/abogados-de-lesiones-personales-en-carolina-del-sur\\\/accidentes-de-auto\\\/por-que-debe-tomar-fotos-despues-de-un-accidente\\\/#primaryimage\"},\"thumbnailUrl\":\"https:\\\/\\\/www.stewartlawoffices.net\\\/wp-content\\\/uploads\\\/2023\\\/08\\\/documenting-car-accident.jpg\",\"datePublished\":\"2019-01-11T12:34:22+00:00\",\"dateModified\":\"2023-08-08T04:44:23+00:00\",\"description\":\"Nuestros abogados de accidentes automovil\u00edsticos han enumerado por qu\u00e9 deber\u00eda tomar fotograf\u00edas despu\u00e9s de un accidente automovil\u00edstico.\",\"breadcrumb\":{\"@id\":\"https:\\\/\\\/www.stewartlawoffices.net\\\/es\\\/abogados-de-lesiones-personales-en-carolina-del-sur\\\/accidentes-de-auto\\\/por-que-debe-tomar-fotos-despues-de-un-accidente\\\/#breadcrumb\"},\"inLanguage\":\"es\",\"potentialAction\":[{\"@type\":\"ReadAction\",\"target\":[\"https:\\\/\\\/www.stewartlawoffices.net\\\/es\\\/abogados-de-lesiones-personales-en-carolina-del-sur\\\/accidentes-de-auto\\\/por-que-debe-tomar-fotos-despues-de-un-accidente\\\/\"]}]},{\"@type\":\"ImageObject\",\"inLanguage\":\"es\",\"@id\":\"https:\\\/\\\/www.stewartlawoffices.net\\\/es\\\/abogados-de-lesiones-personales-en-carolina-del-sur\\\/accidentes-de-auto\\\/por-que-debe-tomar-fotos-despues-de-un-accidente\\\/#primaryimage\",\"url\":\"https:\\\/\\\/www.stewartlawoffices.net\\\/wp-content\\\/uploads\\\/2023\\\/08\\\/documenting-car-accident.jpg\",\"contentUrl\":\"https:\\\/\\\/www.stewartlawoffices.net\\\/wp-content\\\/uploads\\\/2023\\\/08\\\/documenting-car-accident.jpg\",\"width\":1000,\"height\":667,\"caption\":\"\u00bfPor qu\u00e9 deber\u00edas tomar fotos despu\u00e9s de un accidente automovil\u00edstico?\"},{\"@type\":\"BreadcrumbList\",\"@id\":\"https:\\\/\\\/www.stewartlawoffices.net\\\/es\\\/abogados-de-lesiones-personales-en-carolina-del-sur\\\/accidentes-de-auto\\\/por-que-debe-tomar-fotos-despues-de-un-accidente\\\/#breadcrumb\",\"itemListElement\":[{\"@type\":\"ListItem\",\"position\":1,\"name\":\"H\",\"item\":\"https:\\\/\\\/www.stewartlawoffices.net\\\/es\\\/\"},{\"@type\":\"ListItem\",\"position\":2,\"name\":\"Abogados de lesiones personales en Carolina del Sur\",\"item\":\"https:\\\/\\\/www.stewartlawoffices.net\\\/es\\\/abogados-de-lesiones-personales-en-carolina-del-sur\\\/\"},{\"@type\":\"ListItem\",\"position\":3,\"name\":\"Accidentes De Auto\",\"item\":\"https:\\\/\\\/www.stewartlawoffices.net\\\/es\\\/abogados-de-lesiones-personales-en-carolina-del-sur\\\/accidentes-de-auto\\\/\"},{\"@type\":\"ListItem\",\"position\":4,\"name\":\"Por Qu\u00e9 Debe Tomar Fotos Despu\u00e9s de un Accidente Automovil\u00edstico\"}]},{\"@type\":\"WebSite\",\"@id\":\"https:\\\/\\\/www.stewartlawoffices.net\\\/es\\\/#website\",\"url\":\"https:\\\/\\\/www.stewartlawoffices.net\\\/es\\\/\",\"name\":\"Stewart Law Offices\",\"description\":\"\",\"publisher\":{\"@id\":\"https:\\\/\\\/www.stewartlawoffices.net\\\/es\\\/#organization\"},\"potentialAction\":[{\"@type\":\"SearchAction\",\"target\":{\"@type\":\"EntryPoint\",\"urlTemplate\":\"https:\\\/\\\/www.stewartlawoffices.net\\\/es\\\/?s={search_term_string}\"},\"query-input\":{\"@type\":\"PropertyValueSpecification\",\"valueRequired\":true,\"valueName\":\"search_term_string\"}}],\"inLanguage\":\"es\"},{\"@type\":\"Organization\",\"@id\":\"https:\\\/\\\/www.stewartlawoffices.net\\\/es\\\/#organization\",\"name\":\"Stewart Law Offices\",\"url\":\"https:\\\/\\\/www.stewartlawoffices.net\\\/es\\\/\",\"logo\":{\"@type\":\"ImageObject\",\"inLanguage\":\"es\",\"@id\":\"https:\\\/\\\/www.stewartlawoffices.net\\\/es\\\/#\\\/schema\\\/logo\\\/image\\\/\",\"url\":\"https:\\\/\\\/stewartlawoffices.net\\\/wp-content\\\/uploads\\\/2023\\\/05\\\/footer-logo.svg\",\"contentUrl\":\"https:\\\/\\\/stewartlawoffices.net\\\/wp-content\\\/uploads\\\/2023\\\/05\\\/footer-logo.svg\",\"width\":1,\"height\":1,\"caption\":\"Stewart Law Offices\"},\"image\":{\"@id\":\"https:\\\/\\\/www.stewartlawoffices.net\\\/es\\\/#\\\/schema\\\/logo\\\/image\\\/\"},\"sameAs\":[\"https:\\\/\\\/www.facebook.com\\\/StewartLawOffices\",\"https:\\\/\\\/x.com\\\/StewartLawLLC\",\"https:\\\/\\\/www.linkedin.com\\\/company\\\/stewart-law-offices-llc\",\"https:\\\/\\\/www.youtube.com\\\/channel\\\/UCXsXVgzn84taqmH0F3vJ5Eg\",\"https:\\\/\\\/www.instagram.com\\\/stewartlawoffices\\\/?hl=en\"]}]}<\/script>\n<!-- \/ Yoast SEO Premium plugin. -->","yoast_head_json":{"title":"Documentar un accidente automovil\u00edstico - Stewart Law Offices","description":"Nuestros abogados de accidentes automovil\u00edsticos han enumerado por qu\u00e9 deber\u00eda tomar fotograf\u00edas despu\u00e9s de un accidente automovil\u00edstico.","robots":{"index":"index","follow":"follow","max-snippet":"max-snippet:-1","max-image-preview":"max-image-preview:large","max-video-preview":"max-video-preview:-1"},"canonical":"https:\/\/www.stewartlawoffices.net\/es\/abogados-de-lesiones-personales-en-carolina-del-sur\/accidentes-de-auto\/por-que-debe-tomar-fotos-despues-de-un-accidente\/","og_locale":"es_ES","og_type":"article","og_title":"Documentar un accidente automovil\u00edstico","og_description":"\u00bfPor qu\u00e9 deber\u00edas tomar fotos despu\u00e9s de un accidente automovil\u00edstico?","og_url":"https:\/\/www.stewartlawoffices.net\/es\/abogados-de-lesiones-personales-en-carolina-del-sur\/accidentes-de-auto\/por-que-debe-tomar-fotos-despues-de-un-accidente\/","og_site_name":"Stewart Law Offices","article_publisher":"https:\/\/www.facebook.com\/StewartLawOffices","article_modified_time":"2023-08-08T04:44:23+00:00","og_image":[{"width":1000,"height":667,"url":"https:\/\/www.stewartlawoffices.net\/wp-content\/uploads\/2023\/08\/documenting-car-accident.jpg","type":"image\/jpeg"}],"twitter_card":"summary_large_image","twitter_title":"Documentar un accidente automovil\u00edstico","twitter_description":"\u00bfPor qu\u00e9 deber\u00edas tomar fotos despu\u00e9s de un accidente automovil\u00edstico?","twitter_image":"https:\/\/www.stewartlawoffices.net\/wp-content\/uploads\/2023\/08\/documenting-car-accident.jpg","twitter_site":"@StewartLawLLC","twitter_misc":{"Tiempo de lectura":"6 minutos"},"schema":{"@context":"https:\/\/schema.org","@graph":[{"@type":"WebPage","@id":"https:\/\/www.stewartlawoffices.net\/es\/abogados-de-lesiones-personales-en-carolina-del-sur\/accidentes-de-auto\/por-que-debe-tomar-fotos-despues-de-un-accidente\/","url":"https:\/\/www.stewartlawoffices.net\/es\/abogados-de-lesiones-personales-en-carolina-del-sur\/accidentes-de-auto\/por-que-debe-tomar-fotos-despues-de-un-accidente\/","name":"Documentar un accidente automovil\u00edstico - Stewart Law Offices","isPartOf":{"@id":"https:\/\/www.stewartlawoffices.net\/es\/#website"},"primaryImageOfPage":{"@id":"https:\/\/www.stewartlawoffices.net\/es\/abogados-de-lesiones-personales-en-carolina-del-sur\/accidentes-de-auto\/por-que-debe-tomar-fotos-despues-de-un-accidente\/#primaryimage"},"image":{"@id":"https:\/\/www.stewartlawoffices.net\/es\/abogados-de-lesiones-personales-en-carolina-del-sur\/accidentes-de-auto\/por-que-debe-tomar-fotos-despues-de-un-accidente\/#primaryimage"},"thumbnailUrl":"https:\/\/www.stewartlawoffices.net\/wp-content\/uploads\/2023\/08\/documenting-car-accident.jpg","datePublished":"2019-01-11T12:34:22+00:00","dateModified":"2023-08-08T04:44:23+00:00","description":"Nuestros abogados de accidentes automovil\u00edsticos han enumerado por qu\u00e9 deber\u00eda tomar fotograf\u00edas despu\u00e9s de un accidente automovil\u00edstico.","breadcrumb":{"@id":"https:\/\/www.stewartlawoffices.net\/es\/abogados-de-lesiones-personales-en-carolina-del-sur\/accidentes-de-auto\/por-que-debe-tomar-fotos-despues-de-un-accidente\/#breadcrumb"},"inLanguage":"es","potentialAction":[{"@type":"ReadAction","target":["https:\/\/www.stewartlawoffices.net\/es\/abogados-de-lesiones-personales-en-carolina-del-sur\/accidentes-de-auto\/por-que-debe-tomar-fotos-despues-de-un-accidente\/"]}]},{"@type":"ImageObject","inLanguage":"es","@id":"https:\/\/www.stewartlawoffices.net\/es\/abogados-de-lesiones-personales-en-carolina-del-sur\/accidentes-de-auto\/por-que-debe-tomar-fotos-despues-de-un-accidente\/#primaryimage","url":"https:\/\/www.stewartlawoffices.net\/wp-content\/uploads\/2023\/08\/documenting-car-accident.jpg","contentUrl":"https:\/\/www.stewartlawoffices.net\/wp-content\/uploads\/2023\/08\/documenting-car-accident.jpg","width":1000,"height":667,"caption":"\u00bfPor qu\u00e9 deber\u00edas tomar fotos despu\u00e9s de un accidente automovil\u00edstico?"},{"@type":"BreadcrumbList","@id":"https:\/\/www.stewartlawoffices.net\/es\/abogados-de-lesiones-personales-en-carolina-del-sur\/accidentes-de-auto\/por-que-debe-tomar-fotos-despues-de-un-accidente\/#breadcrumb","itemListElement":[{"@type":"ListItem","position":1,"name":"H","item":"https:\/\/www.stewartlawoffices.net\/es\/"},{"@type":"ListItem","position":2,"name":"Abogados de lesiones personales en Carolina del Sur","item":"https:\/\/www.stewartlawoffices.net\/es\/abogados-de-lesiones-personales-en-carolina-del-sur\/"},{"@type":"ListItem","position":3,"name":"Accidentes De Auto","item":"https:\/\/www.stewartlawoffices.net\/es\/abogados-de-lesiones-personales-en-carolina-del-sur\/accidentes-de-auto\/"},{"@type":"ListItem","position":4,"name":"Por Qu\u00e9 Debe Tomar Fotos Despu\u00e9s de un Accidente Automovil\u00edstico"}]},{"@type":"WebSite","@id":"https:\/\/www.stewartlawoffices.net\/es\/#website","url":"https:\/\/www.stewartlawoffices.net\/es\/","name":"Stewart Law Offices","description":"","publisher":{"@id":"https:\/\/www.stewartlawoffices.net\/es\/#organization"},"potentialAction":[{"@type":"SearchAction","target":{"@type":"EntryPoint","urlTemplate":"https:\/\/www.stewartlawoffices.net\/es\/?s={search_term_string}"},"query-input":{"@type":"PropertyValueSpecification","valueRequired":true,"valueName":"search_term_string"}}],"inLanguage":"es"},{"@type":"Organization","@id":"https:\/\/www.stewartlawoffices.net\/es\/#organization","name":"Stewart Law Offices","url":"https:\/\/www.stewartlawoffices.net\/es\/","logo":{"@type":"ImageObject","inLanguage":"es","@id":"https:\/\/www.stewartlawoffices.net\/es\/#\/schema\/logo\/image\/","url":"https:\/\/stewartlawoffices.net\/wp-content\/uploads\/2023\/05\/footer-logo.svg","contentUrl":"https:\/\/stewartlawoffices.net\/wp-content\/uploads\/2023\/05\/footer-logo.svg","width":1,"height":1,"caption":"Stewart Law Offices"},"image":{"@id":"https:\/\/www.stewartlawoffices.net\/es\/#\/schema\/logo\/image\/"},"sameAs":["https:\/\/www.facebook.com\/StewartLawOffices","https:\/\/x.com\/StewartLawLLC","https:\/\/www.linkedin.com\/company\/stewart-law-offices-llc","https:\/\/www.youtube.com\/channel\/UCXsXVgzn84taqmH0F3vJ5Eg","https:\/\/www.instagram.com\/stewartlawoffices\/?hl=en"]}]}},"_links":{"self":[{"href":"https:\/\/www.stewartlawoffices.net\/es\/wp-json\/wp\/v2\/pages\/35231","targetHints":{"allow":["GET"]}}],"collection":[{"href":"https:\/\/www.stewartlawoffices.net\/es\/wp-json\/wp\/v2\/pages"}],"about":[{"href":"https:\/\/www.stewartlawoffices.net\/es\/wp-json\/wp\/v2\/types\/page"}],"author":[{"embeddable":true,"href":"https:\/\/www.stewartlawoffices.net\/es\/wp-json\/wp\/v2\/users\/9"}],"replies":[{"embeddable":true,"href":"https:\/\/www.stewartlawoffices.net\/es\/wp-json\/wp\/v2\/comments?post=35231"}],"version-history":[{"count":0,"href":"https:\/\/www.stewartlawoffices.net\/es\/wp-json\/wp\/v2\/pages\/35231\/revisions"}],"up":[{"embeddable":true,"href":"https:\/\/www.stewartlawoffices.net\/es\/wp-json\/wp\/v2\/pages\/131835"}],"wp:featuredmedia":[{"embeddable":true,"href":"https:\/\/www.stewartlawoffices.net\/es\/wp-json\/wp\/v2\/media\/151446"}],"wp:attachment":[{"href":"https:\/\/www.stewartlawoffices.net\/es\/wp-json\/wp\/v2\/media?parent=35231"}],"curies":[{"name":"wp","href":"https:\/\/api.w.org\/{rel}","templated":true}]}}