{"id":35075,"date":"2021-10-01T19:44:04","date_gmt":"2021-10-01T19:44:04","guid":{"rendered":"https:\/\/stewartlawoffices.net\/?page_id=35075"},"modified":"2025-12-02T11:30:01","modified_gmt":"2025-12-02T11:30:01","slug":"columbia-abogados-lesiones-personales","status":"publish","type":"page","link":"https:\/\/www.stewartlawoffices.net\/es\/columbia-abogados-lesiones-personales\/","title":{"rendered":"Abogados de Lesiones Personales en Columbia"},"content":{"rendered":"<p>Nuestros abogados de lesiones personales en\u00a0Stewart Law Offices\u00a0luchan por los derechos de las personas que se han visto afectadas por las acciones negligentes e imprudentes de otros.<\/p>\n<h2>Nuestras \u00e1reas de especialidad incluyen:<\/h2>\n<div class=\"row\">\n<ul class=\"col-md-6 col-lg-12 col-xl-6 float-md-left px-3\">\n<li><a href=\"https:\/\/stewartlawoffices.net\/es\/columbia-abogados-lesiones-personales\/abogado-de-accidente-de-carro\/\">Accidentes Automovil\u00edsticos<\/a><\/li>\n<li><a href=\"https:\/\/stewartlawoffices.net\/es\/abogados-de-lesiones-personales-en-carolina-del-sur\/accidentes-de-motocicleta\/\">Accidentes de Motocicleta<\/a><\/li>\n<li><a href=\"https:\/\/stewartlawoffices.net\/es\/abogados-de-lesiones-personales-en-carolina-del-sur\/accidentes-de-camiones\/\">Accidentes con Camiones<\/a><\/li>\n<\/ul>\n<ul class=\"col-md-6 col-lg-12 col-xl-6 float-md-left px-3\">\n<li>Compensaci\u00f3n a Trabajadores<\/li>\n<li><a href=\"https:\/\/stewartlawoffices.net\/es\/abogados-de-lesiones-personales-en-carolina-del-sur\/abogado-muerte-por-negligencia\/\">Negligencia M\u00e9dica<\/a><\/li>\n<li><a href=\"https:\/\/stewartlawoffices.net\/es\/abogados-de-lesiones-personales-en-carolina-del-sur\/abogado-muerte-por-negligencia\/\">Muerte por Negligencia<\/a><\/li>\n<li><a href=\"https:\/\/stewartlawoffices.net\/es\/abogados-de-lesiones-personales-en-carolina-del-sur\/accidentes-de-embarcaciones\/\">Accidentes de Navegaci\u00f3n<\/a><\/li>\n<\/ul>\n<div class=\"clearfix\"><\/div>\n<\/div>\n","protected":false},"excerpt":{"rendered":"<p>Nuestros abogados de lesiones personales en\u00a0Stewart Law Offices\u00a0luchan por los derechos de las personas que se han visto afectadas por las acciones negligentes e imprudentes de otros. Nuestras \u00e1reas de especialidad incluyen: Accidentes Automovil\u00edsticos Accidentes de Motocicleta Accidentes con Camiones Compensaci\u00f3n a Trabajadores Negligencia M\u00e9dica Muerte por Negligencia Accidentes de Navegaci\u00f3n<\/p>\n","protected":false},"author":9,"featured_media":137358,"parent":0,"menu_order":302,"comment_status":"closed","ping_status":"closed","template":"location.php","meta":{"_acf_changed":false,"footnotes":""},"class_list":["post-35075","page","type-page","status-publish","has-post-thumbnail","hentry"],"acf":[],"yoast_head":"<!-- This site is optimized with the Yoast SEO Premium plugin v27.3 (Yoast SEO v27.3) - https:\/\/yoast.com\/product\/yoast-seo-premium-wordpress\/ -->\n<title>Abogados de Lesiones Personales en Columbia | Stewart Law Offices<\/title>\n<meta name=\"description\" content=\"Looking for information about Abogados de Lesiones Personales en Columbia? Contact our Stewart Law Offices attorneys for a free consultation today.\" \/>\n<meta name=\"robots\" content=\"index, follow, max-snippet:-1, max-image-preview:large, max-video-preview:-1\" \/>\n<link rel=\"canonical\" href=\"https:\/\/www.stewartlawoffices.net\/es\/columbia-abogados-lesiones-personales\/\" \/>\n<meta property=\"og:locale\" content=\"es_ES\" \/>\n<meta property=\"og:type\" content=\"article\" \/>\n<meta property=\"og:title\" content=\"Abogados de Lesiones Personales en Columbia | Stewart Law Offices\" \/>\n<meta property=\"og:description\" content=\"Looking for information about Abogados de Lesiones Personales en Columbia? Contact our Stewart Law Offices attorneys for a free consultation today.\" \/>\n<meta property=\"og:url\" content=\"https:\/\/www.stewartlawoffices.net\/es\/columbia-abogados-lesiones-personales\/\" \/>\n<meta property=\"og:site_name\" content=\"Stewart Law Offices\" \/>\n<meta property=\"article:publisher\" content=\"https:\/\/www.facebook.com\/StewartLawOffices\" \/>\n<meta property=\"article:modified_time\" content=\"2025-12-02T11:30:01+00:00\" \/>\n<meta property=\"og:image\" content=\"https:\/\/www.stewartlawoffices.net\/wp-content\/uploads\/2023\/07\/columbia-personal-injury-lawyer.jpg\" \/>\n\t<meta property=\"og:image:width\" content=\"810\" \/>\n\t<meta property=\"og:image:height\" content=\"200\" \/>\n\t<meta property=\"og:image:type\" content=\"image\/jpeg\" \/>\n<meta name=\"twitter:card\" content=\"summary_large_image\" \/>\n<meta name=\"twitter:site\" content=\"@StewartLawLLC\" \/>\n<meta name=\"twitter:label1\" content=\"Tiempo de lectura\" \/>\n\t<meta name=\"twitter:data1\" content=\"1 minuto\" \/>\n<script type=\"application\/ld+json\" class=\"yoast-schema-graph\">{\"@context\":\"https:\\\/\\\/schema.org\",\"@graph\":[{\"@type\":\"WebPage\",\"@id\":\"https:\\\/\\\/www.stewartlawoffices.net\\\/es\\\/columbia-abogados-lesiones-personales\\\/\",\"url\":\"https:\\\/\\\/www.stewartlawoffices.net\\\/es\\\/columbia-abogados-lesiones-personales\\\/\",\"name\":\"Abogados de Lesiones Personales en Columbia | Stewart Law Offices\",\"isPartOf\":{\"@id\":\"https:\\\/\\\/www.stewartlawoffices.net\\\/es\\\/#website\"},\"primaryImageOfPage\":{\"@id\":\"https:\\\/\\\/www.stewartlawoffices.net\\\/es\\\/columbia-abogados-lesiones-personales\\\/#primaryimage\"},\"image\":{\"@id\":\"https:\\\/\\\/www.stewartlawoffices.net\\\/es\\\/columbia-abogados-lesiones-personales\\\/#primaryimage\"},\"thumbnailUrl\":\"https:\\\/\\\/www.stewartlawoffices.net\\\/wp-content\\\/uploads\\\/2023\\\/07\\\/columbia-personal-injury-lawyer.jpg\",\"datePublished\":\"2021-10-01T19:44:04+00:00\",\"dateModified\":\"2025-12-02T11:30:01+00:00\",\"description\":\"Looking for information about Abogados de Lesiones Personales en Columbia? Contact our Stewart Law Offices attorneys for a free consultation today.\",\"breadcrumb\":{\"@id\":\"https:\\\/\\\/www.stewartlawoffices.net\\\/es\\\/columbia-abogados-lesiones-personales\\\/#breadcrumb\"},\"inLanguage\":\"es\",\"potentialAction\":[{\"@type\":\"ReadAction\",\"target\":[\"https:\\\/\\\/www.stewartlawoffices.net\\\/es\\\/columbia-abogados-lesiones-personales\\\/\"]}]},{\"@type\":\"ImageObject\",\"inLanguage\":\"es\",\"@id\":\"https:\\\/\\\/www.stewartlawoffices.net\\\/es\\\/columbia-abogados-lesiones-personales\\\/#primaryimage\",\"url\":\"https:\\\/\\\/www.stewartlawoffices.net\\\/wp-content\\\/uploads\\\/2023\\\/07\\\/columbia-personal-injury-lawyer.jpg\",\"contentUrl\":\"https:\\\/\\\/www.stewartlawoffices.net\\\/wp-content\\\/uploads\\\/2023\\\/07\\\/columbia-personal-injury-lawyer.jpg\",\"width\":810,\"height\":200,\"caption\":\"columbia's water fountain in downtown\"},{\"@type\":\"BreadcrumbList\",\"@id\":\"https:\\\/\\\/www.stewartlawoffices.net\\\/es\\\/columbia-abogados-lesiones-personales\\\/#breadcrumb\",\"itemListElement\":[{\"@type\":\"ListItem\",\"position\":1,\"name\":\"H\",\"item\":\"https:\\\/\\\/www.stewartlawoffices.net\\\/es\\\/\"},{\"@type\":\"ListItem\",\"position\":2,\"name\":\"Abogados de Lesiones Personales en Columbia\"}]},{\"@type\":\"WebSite\",\"@id\":\"https:\\\/\\\/www.stewartlawoffices.net\\\/es\\\/#website\",\"url\":\"https:\\\/\\\/www.stewartlawoffices.net\\\/es\\\/\",\"name\":\"Stewart Law Offices\",\"description\":\"\",\"publisher\":{\"@id\":\"https:\\\/\\\/www.stewartlawoffices.net\\\/es\\\/#organization\"},\"potentialAction\":[{\"@type\":\"SearchAction\",\"target\":{\"@type\":\"EntryPoint\",\"urlTemplate\":\"https:\\\/\\\/www.stewartlawoffices.net\\\/es\\\/?s={search_term_string}\"},\"query-input\":{\"@type\":\"PropertyValueSpecification\",\"valueRequired\":true,\"valueName\":\"search_term_string\"}}],\"inLanguage\":\"es\"},{\"@type\":\"Organization\",\"@id\":\"https:\\\/\\\/www.stewartlawoffices.net\\\/es\\\/#organization\",\"name\":\"Stewart Law Offices\",\"url\":\"https:\\\/\\\/www.stewartlawoffices.net\\\/es\\\/\",\"logo\":{\"@type\":\"ImageObject\",\"inLanguage\":\"es\",\"@id\":\"https:\\\/\\\/www.stewartlawoffices.net\\\/es\\\/#\\\/schema\\\/logo\\\/image\\\/\",\"url\":\"https:\\\/\\\/stewartlawoffices.net\\\/wp-content\\\/uploads\\\/2023\\\/05\\\/footer-logo.svg\",\"contentUrl\":\"https:\\\/\\\/stewartlawoffices.net\\\/wp-content\\\/uploads\\\/2023\\\/05\\\/footer-logo.svg\",\"width\":1,\"height\":1,\"caption\":\"Stewart Law Offices\"},\"image\":{\"@id\":\"https:\\\/\\\/www.stewartlawoffices.net\\\/es\\\/#\\\/schema\\\/logo\\\/image\\\/\"},\"sameAs\":[\"https:\\\/\\\/www.facebook.com\\\/StewartLawOffices\",\"https:\\\/\\\/x.com\\\/StewartLawLLC\",\"https:\\\/\\\/www.linkedin.com\\\/company\\\/stewart-law-offices-llc\",\"https:\\\/\\\/www.youtube.com\\\/channel\\\/UCXsXVgzn84taqmH0F3vJ5Eg\",\"https:\\\/\\\/www.instagram.com\\\/stewartlawoffices\\\/?hl=en\"]}]}<\/script>\n<!-- \/ Yoast SEO Premium plugin. -->","yoast_head_json":{"title":"Abogados de Lesiones Personales en Columbia | Stewart Law Offices","description":"Looking for information about Abogados de Lesiones Personales en Columbia? Contact our Stewart Law Offices attorneys for a free consultation today.","robots":{"index":"index","follow":"follow","max-snippet":"max-snippet:-1","max-image-preview":"max-image-preview:large","max-video-preview":"max-video-preview:-1"},"canonical":"https:\/\/www.stewartlawoffices.net\/es\/columbia-abogados-lesiones-personales\/","og_locale":"es_ES","og_type":"article","og_title":"Abogados de Lesiones Personales en Columbia | Stewart Law Offices","og_description":"Looking for information about Abogados de Lesiones Personales en Columbia? Contact our Stewart Law Offices attorneys for a free consultation today.","og_url":"https:\/\/www.stewartlawoffices.net\/es\/columbia-abogados-lesiones-personales\/","og_site_name":"Stewart Law Offices","article_publisher":"https:\/\/www.facebook.com\/StewartLawOffices","article_modified_time":"2025-12-02T11:30:01+00:00","og_image":[{"width":810,"height":200,"url":"https:\/\/www.stewartlawoffices.net\/wp-content\/uploads\/2023\/07\/columbia-personal-injury-lawyer.jpg","type":"image\/jpeg"}],"twitter_card":"summary_large_image","twitter_site":"@StewartLawLLC","twitter_misc":{"Tiempo de lectura":"1 minuto"},"schema":{"@context":"https:\/\/schema.org","@graph":[{"@type":"WebPage","@id":"https:\/\/www.stewartlawoffices.net\/es\/columbia-abogados-lesiones-personales\/","url":"https:\/\/www.stewartlawoffices.net\/es\/columbia-abogados-lesiones-personales\/","name":"Abogados de Lesiones Personales en Columbia | Stewart Law Offices","isPartOf":{"@id":"https:\/\/www.stewartlawoffices.net\/es\/#website"},"primaryImageOfPage":{"@id":"https:\/\/www.stewartlawoffices.net\/es\/columbia-abogados-lesiones-personales\/#primaryimage"},"image":{"@id":"https:\/\/www.stewartlawoffices.net\/es\/columbia-abogados-lesiones-personales\/#primaryimage"},"thumbnailUrl":"https:\/\/www.stewartlawoffices.net\/wp-content\/uploads\/2023\/07\/columbia-personal-injury-lawyer.jpg","datePublished":"2021-10-01T19:44:04+00:00","dateModified":"2025-12-02T11:30:01+00:00","description":"Looking for information about Abogados de Lesiones Personales en Columbia? Contact our Stewart Law Offices attorneys for a free consultation today.","breadcrumb":{"@id":"https:\/\/www.stewartlawoffices.net\/es\/columbia-abogados-lesiones-personales\/#breadcrumb"},"inLanguage":"es","potentialAction":[{"@type":"ReadAction","target":["https:\/\/www.stewartlawoffices.net\/es\/columbia-abogados-lesiones-personales\/"]}]},{"@type":"ImageObject","inLanguage":"es","@id":"https:\/\/www.stewartlawoffices.net\/es\/columbia-abogados-lesiones-personales\/#primaryimage","url":"https:\/\/www.stewartlawoffices.net\/wp-content\/uploads\/2023\/07\/columbia-personal-injury-lawyer.jpg","contentUrl":"https:\/\/www.stewartlawoffices.net\/wp-content\/uploads\/2023\/07\/columbia-personal-injury-lawyer.jpg","width":810,"height":200,"caption":"columbia's water fountain in downtown"},{"@type":"BreadcrumbList","@id":"https:\/\/www.stewartlawoffices.net\/es\/columbia-abogados-lesiones-personales\/#breadcrumb","itemListElement":[{"@type":"ListItem","position":1,"name":"H","item":"https:\/\/www.stewartlawoffices.net\/es\/"},{"@type":"ListItem","position":2,"name":"Abogados de Lesiones Personales en Columbia"}]},{"@type":"WebSite","@id":"https:\/\/www.stewartlawoffices.net\/es\/#website","url":"https:\/\/www.stewartlawoffices.net\/es\/","name":"Stewart Law Offices","description":"","publisher":{"@id":"https:\/\/www.stewartlawoffices.net\/es\/#organization"},"potentialAction":[{"@type":"SearchAction","target":{"@type":"EntryPoint","urlTemplate":"https:\/\/www.stewartlawoffices.net\/es\/?s={search_term_string}"},"query-input":{"@type":"PropertyValueSpecification","valueRequired":true,"valueName":"search_term_string"}}],"inLanguage":"es"},{"@type":"Organization","@id":"https:\/\/www.stewartlawoffices.net\/es\/#organization","name":"Stewart Law Offices","url":"https:\/\/www.stewartlawoffices.net\/es\/","logo":{"@type":"ImageObject","inLanguage":"es","@id":"https:\/\/www.stewartlawoffices.net\/es\/#\/schema\/logo\/image\/","url":"https:\/\/stewartlawoffices.net\/wp-content\/uploads\/2023\/05\/footer-logo.svg","contentUrl":"https:\/\/stewartlawoffices.net\/wp-content\/uploads\/2023\/05\/footer-logo.svg","width":1,"height":1,"caption":"Stewart Law Offices"},"image":{"@id":"https:\/\/www.stewartlawoffices.net\/es\/#\/schema\/logo\/image\/"},"sameAs":["https:\/\/www.facebook.com\/StewartLawOffices","https:\/\/x.com\/StewartLawLLC","https:\/\/www.linkedin.com\/company\/stewart-law-offices-llc","https:\/\/www.youtube.com\/channel\/UCXsXVgzn84taqmH0F3vJ5Eg","https:\/\/www.instagram.com\/stewartlawoffices\/?hl=en"]}]}},"_links":{"self":[{"href":"https:\/\/www.stewartlawoffices.net\/es\/wp-json\/wp\/v2\/pages\/35075","targetHints":{"allow":["GET"]}}],"collection":[{"href":"https:\/\/www.stewartlawoffices.net\/es\/wp-json\/wp\/v2\/pages"}],"about":[{"href":"https:\/\/www.stewartlawoffices.net\/es\/wp-json\/wp\/v2\/types\/page"}],"author":[{"embeddable":true,"href":"https:\/\/www.stewartlawoffices.net\/es\/wp-json\/wp\/v2\/users\/9"}],"replies":[{"embeddable":true,"href":"https:\/\/www.stewartlawoffices.net\/es\/wp-json\/wp\/v2\/comments?post=35075"}],"version-history":[{"count":3,"href":"https:\/\/www.stewartlawoffices.net\/es\/wp-json\/wp\/v2\/pages\/35075\/revisions"}],"predecessor-version":[{"id":201969,"href":"https:\/\/www.stewartlawoffices.net\/es\/wp-json\/wp\/v2\/pages\/35075\/revisions\/201969"}],"wp:featuredmedia":[{"embeddable":true,"href":"https:\/\/www.stewartlawoffices.net\/es\/wp-json\/wp\/v2\/media\/137358"}],"wp:attachment":[{"href":"https:\/\/www.stewartlawoffices.net\/es\/wp-json\/wp\/v2\/media?parent=35075"}],"curies":[{"name":"wp","href":"https:\/\/api.w.org\/{rel}","templated":true}]}}