{"id":34771,"date":"2021-10-01T19:31:04","date_gmt":"2021-10-01T19:31:04","guid":{"rendered":"https:\/\/stewartlawoffices.net\/?page_id=34771"},"modified":"2026-04-06T07:42:15","modified_gmt":"2026-04-06T07:42:15","slug":"charlotte-abogados-lesiones-personales","status":"publish","type":"page","link":"https:\/\/www.stewartlawoffices.net\/es\/charlotte-abogados-lesiones-personales\/","title":{"rendered":"Abogados de Lesiones Personales en Charlotte"},"content":{"rendered":"<h2 class=\"span-1\">C\u00f3mo Puede Ayudarle Nuestra Firma De Abogados en Charlotte<\/h2>\n<p>Los abogados de lesiones personales de Stewart Law Offices en Charlotte, buscan compensaci\u00f3n justa para v\u00edctimas de accidentes y lesiones y sus seres queridos.<\/p>\n<div class=\"call-out-box\">Ll\u00e1menos o\u00a0<a href=\"https:\/\/stewartlawoffices.net\/es\/contactenos\/\">cont\u00e1ctenos en l\u00ednea<\/a> para que nuestros abogados le proporcionen una evaluaci\u00f3n honesta y minuciosa de su caso durante la consulta gratuita.<\/div>\n<div class=\"row\">\n<div class=\"clearfix\"><\/div>\n<\/div>\n<div id=\"alttextotron-viewer-layer\" style=\"z-index: 2; position: absolute; top: 0px; left: 0px; pointer-events: none;\"><\/div>\n","protected":false},"excerpt":{"rendered":"<p>C\u00f3mo Puede Ayudarle Nuestra Firma De Abogados en Charlotte Los abogados de lesiones personales de Stewart Law Offices en Charlotte, buscan compensaci\u00f3n justa para v\u00edctimas de accidentes y lesiones y sus seres queridos.<\/p>\n","protected":false},"author":9,"featured_media":137366,"parent":0,"menu_order":300,"comment_status":"closed","ping_status":"closed","template":"location.php","meta":{"_acf_changed":false,"footnotes":""},"class_list":["post-34771","page","type-page","status-publish","has-post-thumbnail","hentry"],"acf":[],"yoast_head":"<!-- This site is optimized with the Yoast SEO Premium plugin v27.3 (Yoast SEO v27.3) - https:\/\/yoast.com\/product\/yoast-seo-premium-wordpress\/ -->\n<title>Abogados de lesiones personales de Charlotte - Consultas gratuitas<\/title>\n<meta name=\"description\" content=\"Nuestros abogados de lesiones personales de Charlotte est\u00e1n aqu\u00ed para ayudarlo si result\u00f3 lesionado por la negligencia de otra persona.\" \/>\n<meta name=\"robots\" content=\"index, follow, max-snippet:-1, max-image-preview:large, max-video-preview:-1\" \/>\n<link rel=\"canonical\" href=\"https:\/\/stewartlawoffices.net\/es\/charlotte-abogados-lesiones-personales\/\" \/>\n<meta property=\"og:locale\" content=\"es_ES\" \/>\n<meta property=\"og:type\" content=\"article\" \/>\n<meta property=\"og:title\" content=\"Abogados de lesiones personales de Charlotte - Consultas gratuitas\" \/>\n<meta property=\"og:description\" content=\"Nuestros abogados de lesiones personales de Charlotte est\u00e1n aqu\u00ed para ayudarlo si result\u00f3 lesionado por la negligencia de otra persona.\" \/>\n<meta property=\"og:url\" content=\"https:\/\/stewartlawoffices.net\/es\/charlotte-abogados-lesiones-personales\/\" \/>\n<meta property=\"og:site_name\" content=\"Stewart Law Offices\" \/>\n<meta property=\"article:publisher\" content=\"https:\/\/www.facebook.com\/StewartLawOffices\" \/>\n<meta property=\"article:modified_time\" content=\"2026-04-06T07:42:15+00:00\" \/>\n<meta property=\"og:image\" content=\"https:\/\/www.stewartlawoffices.net\/wp-content\/uploads\/2023\/07\/charlotte-personal-injury-lawyer.jpg\" \/>\n\t<meta property=\"og:image:width\" content=\"810\" \/>\n\t<meta property=\"og:image:height\" content=\"200\" \/>\n\t<meta property=\"og:image:type\" content=\"image\/jpeg\" \/>\n<meta name=\"twitter:card\" content=\"summary_large_image\" \/>\n<meta name=\"twitter:site\" content=\"@StewartLawLLC\" \/>\n<meta name=\"twitter:label1\" content=\"Tiempo de lectura\" \/>\n\t<meta name=\"twitter:data1\" content=\"1 minuto\" \/>\n<script type=\"application\/ld+json\" class=\"yoast-schema-graph\">{\"@context\":\"https:\\\/\\\/schema.org\",\"@graph\":[{\"@type\":\"WebPage\",\"@id\":\"https:\\\/\\\/www.stewartlawoffices.net\\\/es\\\/charlotte-abogados-lesiones-personales\\\/\",\"url\":\"https:\\\/\\\/stewartlawoffices.net\\\/es\\\/charlotte-abogados-lesiones-personales\\\/\",\"name\":\"Abogados de lesiones personales de Charlotte - Consultas gratuitas\",\"isPartOf\":{\"@id\":\"https:\\\/\\\/www.stewartlawoffices.net\\\/es\\\/#website\"},\"primaryImageOfPage\":{\"@id\":\"https:\\\/\\\/stewartlawoffices.net\\\/es\\\/charlotte-abogados-lesiones-personales\\\/#primaryimage\"},\"image\":{\"@id\":\"https:\\\/\\\/stewartlawoffices.net\\\/es\\\/charlotte-abogados-lesiones-personales\\\/#primaryimage\"},\"thumbnailUrl\":\"https:\\\/\\\/www.stewartlawoffices.net\\\/wp-content\\\/uploads\\\/2023\\\/07\\\/charlotte-personal-injury-lawyer.jpg\",\"datePublished\":\"2021-10-01T19:31:04+00:00\",\"dateModified\":\"2026-04-06T07:42:15+00:00\",\"description\":\"Nuestros abogados de lesiones personales de Charlotte est\u00e1n aqu\u00ed para ayudarlo si result\u00f3 lesionado por la negligencia de otra persona.\",\"breadcrumb\":{\"@id\":\"https:\\\/\\\/stewartlawoffices.net\\\/es\\\/charlotte-abogados-lesiones-personales\\\/#breadcrumb\"},\"inLanguage\":\"es\",\"potentialAction\":[{\"@type\":\"ReadAction\",\"target\":[\"https:\\\/\\\/stewartlawoffices.net\\\/es\\\/charlotte-abogados-lesiones-personales\\\/\"]}]},{\"@type\":\"ImageObject\",\"inLanguage\":\"es\",\"@id\":\"https:\\\/\\\/stewartlawoffices.net\\\/es\\\/charlotte-abogados-lesiones-personales\\\/#primaryimage\",\"url\":\"https:\\\/\\\/www.stewartlawoffices.net\\\/wp-content\\\/uploads\\\/2023\\\/07\\\/charlotte-personal-injury-lawyer.jpg\",\"contentUrl\":\"https:\\\/\\\/www.stewartlawoffices.net\\\/wp-content\\\/uploads\\\/2023\\\/07\\\/charlotte-personal-injury-lawyer.jpg\",\"width\":810,\"height\":200,\"caption\":\"skyline view of charlotte\"},{\"@type\":\"BreadcrumbList\",\"@id\":\"https:\\\/\\\/stewartlawoffices.net\\\/es\\\/charlotte-abogados-lesiones-personales\\\/#breadcrumb\",\"itemListElement\":[{\"@type\":\"ListItem\",\"position\":1,\"name\":\"H\",\"item\":\"https:\\\/\\\/www.stewartlawoffices.net\\\/es\\\/\"},{\"@type\":\"ListItem\",\"position\":2,\"name\":\"Abogados de Lesiones Personales en Charlotte\"}]},{\"@type\":\"WebSite\",\"@id\":\"https:\\\/\\\/www.stewartlawoffices.net\\\/es\\\/#website\",\"url\":\"https:\\\/\\\/www.stewartlawoffices.net\\\/es\\\/\",\"name\":\"Stewart Law Offices\",\"description\":\"\",\"publisher\":{\"@id\":\"https:\\\/\\\/www.stewartlawoffices.net\\\/es\\\/#organization\"},\"potentialAction\":[{\"@type\":\"SearchAction\",\"target\":{\"@type\":\"EntryPoint\",\"urlTemplate\":\"https:\\\/\\\/www.stewartlawoffices.net\\\/es\\\/?s={search_term_string}\"},\"query-input\":{\"@type\":\"PropertyValueSpecification\",\"valueRequired\":true,\"valueName\":\"search_term_string\"}}],\"inLanguage\":\"es\"},{\"@type\":\"Organization\",\"@id\":\"https:\\\/\\\/www.stewartlawoffices.net\\\/es\\\/#organization\",\"name\":\"Stewart Law Offices\",\"url\":\"https:\\\/\\\/www.stewartlawoffices.net\\\/es\\\/\",\"logo\":{\"@type\":\"ImageObject\",\"inLanguage\":\"es\",\"@id\":\"https:\\\/\\\/www.stewartlawoffices.net\\\/es\\\/#\\\/schema\\\/logo\\\/image\\\/\",\"url\":\"https:\\\/\\\/stewartlawoffices.net\\\/wp-content\\\/uploads\\\/2023\\\/05\\\/footer-logo.svg\",\"contentUrl\":\"https:\\\/\\\/stewartlawoffices.net\\\/wp-content\\\/uploads\\\/2023\\\/05\\\/footer-logo.svg\",\"width\":1,\"height\":1,\"caption\":\"Stewart Law Offices\"},\"image\":{\"@id\":\"https:\\\/\\\/www.stewartlawoffices.net\\\/es\\\/#\\\/schema\\\/logo\\\/image\\\/\"},\"sameAs\":[\"https:\\\/\\\/www.facebook.com\\\/StewartLawOffices\",\"https:\\\/\\\/x.com\\\/StewartLawLLC\",\"https:\\\/\\\/www.linkedin.com\\\/company\\\/stewart-law-offices-llc\",\"https:\\\/\\\/www.youtube.com\\\/channel\\\/UCXsXVgzn84taqmH0F3vJ5Eg\",\"https:\\\/\\\/www.instagram.com\\\/stewartlawoffices\\\/?hl=en\"]}]}<\/script>\n<!-- \/ Yoast SEO Premium plugin. -->","yoast_head_json":{"title":"Abogados de lesiones personales de Charlotte - Consultas gratuitas","description":"Nuestros abogados de lesiones personales de Charlotte est\u00e1n aqu\u00ed para ayudarlo si result\u00f3 lesionado por la negligencia de otra persona.","robots":{"index":"index","follow":"follow","max-snippet":"max-snippet:-1","max-image-preview":"max-image-preview:large","max-video-preview":"max-video-preview:-1"},"canonical":"https:\/\/stewartlawoffices.net\/es\/charlotte-abogados-lesiones-personales\/","og_locale":"es_ES","og_type":"article","og_title":"Abogados de lesiones personales de Charlotte - Consultas gratuitas","og_description":"Nuestros abogados de lesiones personales de Charlotte est\u00e1n aqu\u00ed para ayudarlo si result\u00f3 lesionado por la negligencia de otra persona.","og_url":"https:\/\/stewartlawoffices.net\/es\/charlotte-abogados-lesiones-personales\/","og_site_name":"Stewart Law Offices","article_publisher":"https:\/\/www.facebook.com\/StewartLawOffices","article_modified_time":"2026-04-06T07:42:15+00:00","og_image":[{"width":810,"height":200,"url":"https:\/\/www.stewartlawoffices.net\/wp-content\/uploads\/2023\/07\/charlotte-personal-injury-lawyer.jpg","type":"image\/jpeg"}],"twitter_card":"summary_large_image","twitter_site":"@StewartLawLLC","twitter_misc":{"Tiempo de lectura":"1 minuto"},"schema":{"@context":"https:\/\/schema.org","@graph":[{"@type":"WebPage","@id":"https:\/\/www.stewartlawoffices.net\/es\/charlotte-abogados-lesiones-personales\/","url":"https:\/\/stewartlawoffices.net\/es\/charlotte-abogados-lesiones-personales\/","name":"Abogados de lesiones personales de Charlotte - Consultas gratuitas","isPartOf":{"@id":"https:\/\/www.stewartlawoffices.net\/es\/#website"},"primaryImageOfPage":{"@id":"https:\/\/stewartlawoffices.net\/es\/charlotte-abogados-lesiones-personales\/#primaryimage"},"image":{"@id":"https:\/\/stewartlawoffices.net\/es\/charlotte-abogados-lesiones-personales\/#primaryimage"},"thumbnailUrl":"https:\/\/www.stewartlawoffices.net\/wp-content\/uploads\/2023\/07\/charlotte-personal-injury-lawyer.jpg","datePublished":"2021-10-01T19:31:04+00:00","dateModified":"2026-04-06T07:42:15+00:00","description":"Nuestros abogados de lesiones personales de Charlotte est\u00e1n aqu\u00ed para ayudarlo si result\u00f3 lesionado por la negligencia de otra persona.","breadcrumb":{"@id":"https:\/\/stewartlawoffices.net\/es\/charlotte-abogados-lesiones-personales\/#breadcrumb"},"inLanguage":"es","potentialAction":[{"@type":"ReadAction","target":["https:\/\/stewartlawoffices.net\/es\/charlotte-abogados-lesiones-personales\/"]}]},{"@type":"ImageObject","inLanguage":"es","@id":"https:\/\/stewartlawoffices.net\/es\/charlotte-abogados-lesiones-personales\/#primaryimage","url":"https:\/\/www.stewartlawoffices.net\/wp-content\/uploads\/2023\/07\/charlotte-personal-injury-lawyer.jpg","contentUrl":"https:\/\/www.stewartlawoffices.net\/wp-content\/uploads\/2023\/07\/charlotte-personal-injury-lawyer.jpg","width":810,"height":200,"caption":"skyline view of charlotte"},{"@type":"BreadcrumbList","@id":"https:\/\/stewartlawoffices.net\/es\/charlotte-abogados-lesiones-personales\/#breadcrumb","itemListElement":[{"@type":"ListItem","position":1,"name":"H","item":"https:\/\/www.stewartlawoffices.net\/es\/"},{"@type":"ListItem","position":2,"name":"Abogados de Lesiones Personales en Charlotte"}]},{"@type":"WebSite","@id":"https:\/\/www.stewartlawoffices.net\/es\/#website","url":"https:\/\/www.stewartlawoffices.net\/es\/","name":"Stewart Law Offices","description":"","publisher":{"@id":"https:\/\/www.stewartlawoffices.net\/es\/#organization"},"potentialAction":[{"@type":"SearchAction","target":{"@type":"EntryPoint","urlTemplate":"https:\/\/www.stewartlawoffices.net\/es\/?s={search_term_string}"},"query-input":{"@type":"PropertyValueSpecification","valueRequired":true,"valueName":"search_term_string"}}],"inLanguage":"es"},{"@type":"Organization","@id":"https:\/\/www.stewartlawoffices.net\/es\/#organization","name":"Stewart Law Offices","url":"https:\/\/www.stewartlawoffices.net\/es\/","logo":{"@type":"ImageObject","inLanguage":"es","@id":"https:\/\/www.stewartlawoffices.net\/es\/#\/schema\/logo\/image\/","url":"https:\/\/stewartlawoffices.net\/wp-content\/uploads\/2023\/05\/footer-logo.svg","contentUrl":"https:\/\/stewartlawoffices.net\/wp-content\/uploads\/2023\/05\/footer-logo.svg","width":1,"height":1,"caption":"Stewart Law Offices"},"image":{"@id":"https:\/\/www.stewartlawoffices.net\/es\/#\/schema\/logo\/image\/"},"sameAs":["https:\/\/www.facebook.com\/StewartLawOffices","https:\/\/x.com\/StewartLawLLC","https:\/\/www.linkedin.com\/company\/stewart-law-offices-llc","https:\/\/www.youtube.com\/channel\/UCXsXVgzn84taqmH0F3vJ5Eg","https:\/\/www.instagram.com\/stewartlawoffices\/?hl=en"]}]}},"_links":{"self":[{"href":"https:\/\/www.stewartlawoffices.net\/es\/wp-json\/wp\/v2\/pages\/34771","targetHints":{"allow":["GET"]}}],"collection":[{"href":"https:\/\/www.stewartlawoffices.net\/es\/wp-json\/wp\/v2\/pages"}],"about":[{"href":"https:\/\/www.stewartlawoffices.net\/es\/wp-json\/wp\/v2\/types\/page"}],"author":[{"embeddable":true,"href":"https:\/\/www.stewartlawoffices.net\/es\/wp-json\/wp\/v2\/users\/9"}],"replies":[{"embeddable":true,"href":"https:\/\/www.stewartlawoffices.net\/es\/wp-json\/wp\/v2\/comments?post=34771"}],"version-history":[{"count":6,"href":"https:\/\/www.stewartlawoffices.net\/es\/wp-json\/wp\/v2\/pages\/34771\/revisions"}],"predecessor-version":[{"id":207388,"href":"https:\/\/www.stewartlawoffices.net\/es\/wp-json\/wp\/v2\/pages\/34771\/revisions\/207388"}],"wp:featuredmedia":[{"embeddable":true,"href":"https:\/\/www.stewartlawoffices.net\/es\/wp-json\/wp\/v2\/media\/137366"}],"wp:attachment":[{"href":"https:\/\/www.stewartlawoffices.net\/es\/wp-json\/wp\/v2\/media?parent=34771"}],"curies":[{"name":"wp","href":"https:\/\/api.w.org\/{rel}","templated":true}]}}