{"id":187624,"date":"2024-12-03T18:25:15","date_gmt":"2024-12-03T18:25:15","guid":{"rendered":"https:\/\/stewartlawoffices.net\/?p=187624"},"modified":"2025-12-11T11:41:28","modified_gmt":"2025-12-11T11:41:28","slug":"abogado-muerte-por-negligencia-beaufort","status":"publish","type":"page","link":"https:\/\/www.stewartlawoffices.net\/es\/beaufort-abogados-lesiones-personales\/abogado-muerte-por-negligencia-beaufort\/","title":{"rendered":"Abogado Muerte por Negligencia Beaufort"},"content":{"rendered":"<p>Nada nos prepara para el dolor que la p\u00e9rdida de un ser amado nos produce. Sin embargo, cuando el fallecimiento sucede a causa de la negligencia o irresponsabilidad de otros, al dolor de la p\u00e9rdida se suman el enojo, la frustraci\u00f3n y la impotencia.<\/p>\n<p>La b\u00fasqueda de justicia en estos casos puede volverse un camino largo y complicado cuando se desconocen los procesos legales. Es por ello que acercarse a un abogado de muerte por negligencia puede ser su opci\u00f3n para lograr que los responsables paguen por el da\u00f1o que le han ocasionado a su familia. Conozca c\u00f3mo se lleva un reclamo de muerte por negligencia y c\u00f3mo le puede ayudar un abogado en este proceso.<\/p>\n<h2>Qu\u00e9 se considera muerte por negligencia en Beaufort, SC<\/h2>\n<p>El <a href=\"https:\/\/www.scstatehouse.gov\/code\/t15c051.php\" target=\"_blank\" rel=\"noopener\">C\u00f3digo Legal de Carolina del Sur<\/a> se\u00f1ala que se considera muerte por negligencia cuando la v\u00edctima ha perdido la vida debido a un acto culposo, falla en el deber de cuidado, descuido, falta de habilidad o incumplimiento de parte de un tercero. Esto puede aplicarse, por ejemplo, a profesionales tales como m\u00e9dicos o cuidadores que han faltado a su deber y, como consecuencia, han provocado la muerte de la v\u00edctima.<\/p>\n<h3>\u00bfQui\u00e9nes pueden ser responsables en un caso de muerte por negligencia?<\/h3>\n<p>No obstante, no solo los cuidadores profesionales pueden ser considerados responsables en una demanda de muerte por negligencia. Dado que el C\u00f3digo Legal de Carolina del Sur contempla actos culposos como causa de muerte por negligencia, otras personas que han actuado de forma irresponsable, ocasionando la muerte de un tercero, pueden ser demandados y exig\u00edrseles compensaci\u00f3n.<\/p>\n<p>Algunos de los casos en que se puede determinar la responsabilidad de un tercero en un caso de muerte por negligencia son:<\/p>\n<ul>\n<li><a href=\"https:\/\/stewartlawoffices.net\/es\/abogados-de-lesiones-personales-en-carolina-del-sur\/accidentes-de-auto\/\">Accidentes de tr\u00e1nsito<\/a> en los que la irresponsabilidad, imprudencia o falta de pericia de un conductor de cualquier clase de veh\u00edculo ocasione un accidente fatal.<\/li>\n<li>Accidentes ocasionados por productos defectuosos o mercanc\u00eda peligrosa que no proporcionaba informaci\u00f3n suficiente y clara sobre sus riesgos.<\/li>\n<li>Accidentes de trabajo causados por la falta de mantenimiento de equipo, capacitaci\u00f3n en su manejo, ausencia de equipo de seguridad o cualquier otra causa imputable a un tercero, sea este el patr\u00f3n o un proveedor de servicios externos.<\/li>\n<li>Accidentes escolares que suceden por falta de supervisi\u00f3n o de seguridad en las instalaciones.<\/li>\n<li>Accidentes dentro de instalaciones comerciales que no garanticen la seguridad de sus visitantes.<\/li>\n<\/ul>\n<p>Un abogado de muerte injusta en Beaufort, SC podr\u00eda estudiar su caso y ayudarle a determinar qui\u00e9n o qui\u00e9nes deben ser considerados responsables por la muerte de su familiar y determinar las acciones pertinentes para obtener justicia.*<\/p>\n<h2>\u00bfQui\u00e9n puede presentar un reclamo de muerte por negligencia en Beaufort, SC?<\/h2>\n<p>Los reclamos de muerte por negligencia pueden presentarse cuando se considera que, de no haber fallecido, la v\u00edctima tendr\u00eda derecho a una indemnizaci\u00f3n por da\u00f1os y prejuicios derivados de la negligencia sufrida. Acaecida la muerte de la v\u00edctima, son sus beneficiarios quienes tienen derecho a presentar un reclamo y recibir la indemnizaci\u00f3n correspondiente. En orden de preeminencia, los beneficiarios en un caso de muerte por negligencia son:<\/p>\n<ul>\n<li>C\u00f3nyuge<\/li>\n<li>Hijos (leg\u00edtimos e ileg\u00edtimos)<\/li>\n<li>Padres<\/li>\n<li>Herederos o dependientes financieros del fallecido<\/li>\n<\/ul>\n<h2>Qu\u00e9 tipo de compensaci\u00f3n se puede obtener en un caso de muerte por negligencia<\/h2>\n<p>En un reclamo de muerte por negligencia, los beneficiarios de la v\u00edctima podr\u00edan solicitar indemnizaci\u00f3n por los siguientes conceptos:<\/p>\n<ul>\n<li>Da\u00f1os econ\u00f3micos<\/li>\n<li>Da\u00f1os punitivos<\/li>\n<li>Da\u00f1os compensatorios<\/li>\n<\/ul>\n<h3>Da\u00f1os econ\u00f3micos<\/h3>\n<p>Los da\u00f1os econ\u00f3micos en un caso de muerte por negligencia engloban todas aquellas p\u00e9rdidas de \u00edndole financiera que los familiares de la v\u00edctima han sufrido como consecuencia de la acci\u00f3n irresponsable que ocasiono el fallecimiento. Dependiendo de las condiciones particulares de cada caso, un <a href=\"https:\/\/stewartlawoffices.net\/es\/abogados-de-lesiones-personales-en-carolina-del-sur\/abogado-muerte-por-negligencia\/\">abogado de muerte por negligencia<\/a> en Beaufort, podr\u00eda solicitar compensaci\u00f3n por:<\/p>\n<ul>\n<li>Ingresos futuros perdidos (como salarios o herencias)<\/li>\n<li>Prestaciones laborales (como seguros m\u00e9dicos o jubilaci\u00f3n)<\/li>\n<li>Gastos funerarios y de entierro<\/li>\n<li>Gastos m\u00e9dicos previos al fallecimiento<\/li>\n<\/ul>\n<h3>Da\u00f1os punitivos<\/h3>\n<p>El estado de Carolina del Sur contempla el pago de da\u00f1os punitivos en casos de muerte por negligencia. Estos se aplica cuando se considera que el responsable dio muestras de una conducta atroz &#8211; en que el da\u00f1o se caus\u00f3 con malicia &#8211; o gravemente negligente hacia la v\u00edctima. En estos casos, los da\u00f1os punitivos se aplican como un castigo hacia el demandado con la finalidad de desincentivar dichas conductas.<\/p>\n<h3>Da\u00f1os compensatorios<\/h3>\n<p>Los da\u00f1os compensatorios son indemnizaciones monetarias que se conceden a los beneficiarios de la v\u00edctima con la intenci\u00f3n de ayudarles a recuperarse de la p\u00e9rdida de su ser querido. Los principales da\u00f1os compensatorios en un caso de muerte por negligencia son:<\/p>\n<ul>\n<li>P\u00e9rdida de manutenci\u00f3n<\/li>\n<li>P\u00e9rdida de consorcio<\/li>\n<li>P\u00e9rdida de gu\u00eda y cuidado<\/li>\n<\/ul>\n<h4>P\u00e9rdida de manutenci\u00f3n<\/h4>\n<p>Estos gastos contemplan el dinero que el fallecido prove\u00eda a los beneficiarios por concepto de manutenci\u00f3n. Si los familiares pueden probar que su sustento depend\u00eda de la v\u00edctima, entonces pueden ser acreedores a esta compensaci\u00f3n. Esto contempla tambi\u00e9n manutenci\u00f3n futura en ciertos casos, como en el de hijos menores de edad cuyos estudios universitarios ser\u00edan pagados por el fallecido.<\/p>\n<h4>P\u00e9rdida de consorcio<\/h4>\n<p>La p\u00e9rdida de consorcio se refiere a los da\u00f1os y perjuicios que la p\u00e9rdida del c\u00f3nyuge representa para la pareja sobreviviente. Estos da\u00f1os contemplan la p\u00e9rdida de servicios dom\u00e9sticos y de compa\u00f1\u00eda proporcionados por la v\u00edctima.<\/p>\n<h4>P\u00e9rdida de gu\u00eda y cuidado<\/h4>\n<p>Los hijos de la v\u00edctima tambi\u00e9n pueden reclamar compensaci\u00f3n por la p\u00e9rdida de orientaci\u00f3n y crianza que el fallecimiento del progenitor ha provocado.<\/p>\n<h2>\u00bfCu\u00e1nto tiempo tiene para presentar un reclamo por muerte por negligencia?<\/h2>\n<p>En el estado de Carolina del Sur, el Estatuto de Limitaciones establece que los beneficiarios de una v\u00edctima de muerte por negligencia cuentan con hasta tres a\u00f1os, a partir de acaecida la muerte, para presentar un reclamo. Pasado ese periodo, los beneficiarios habr\u00edan perdido el derecho a buscar compensaci\u00f3n econ\u00f3mica por los da\u00f1os y perjuicios sufridos.<\/p>\n<p>Cuando el reclamo por muerte injusta se presenta en contra de demandados gubernamentales, el tiempo de presentaci\u00f3n se acorta a dos a\u00f1os, por lo que es importante tomar acciones cuanto antes sea posible.<\/p>\n<p>Este es otro escenario en el que un abogado de muerte por negligencia en Beaufort puede ayudarlo. Un profesional de las leyes con experiencia puede asesorarlo sobre todos los plazos y requisitos.*<\/p>\n<p>Contacte a un abogado de muerte por negligencia en Beaufort, SC<\/p>\n<p>La muerte de un ser querido no es algo que la ley pueda remediar, no obstante, con la asesor\u00eda de un abogado de muerte por negligencia, usted podr\u00eda tener el consuelo de la justicia y la tranquilidad financiera que un reclamo puede proporcionar.<\/p>\n<p>No permita que la irresponsabilidad de un tercero agrave el sufrimiento de su familia. Ac\u00e9rquese a un profesional de la ley del <a href=\"https:\/\/stewartlawoffices.net\/es\/nuestros-abogados\/\">equipo de Stewart Law Offices<\/a> y comience ya mismo su proceso de reclamo. Nuestro equipo est\u00e1 listo para acompa\u00f1arlo en su b\u00fasqueda de justicia. <a href=\"https:\/\/stewartlawoffices.net\/es\/\">Cont\u00e1ctenos hoy<\/a>.<\/p>\n<p>*<em>Esta informaci\u00f3n no pretende crear, y recibirla o verla no constituye, una relaci\u00f3n abogado\u2014cliente. Los resultados enumerados son antes de la deducci\u00f3n de honorarios y costos. Los resultados de los casos var\u00edan. Los resultados anteriores no garantizan ning\u00fan resultado futuro. Una vez realizada la recuperaci\u00f3n, los honorarios del abogado se calcular\u00e1n antes de la deducci\u00f3n de los gastos incurridos. Resultados de los abogados personales obtenidos mientras practicaban la abogac\u00eda, no necesariamente mientras trabajaban en el bufete de abogados actual. Brent Stewart tiene licencia solo en SC y WV. Abogados con licencia de Carolina del Norte (NC) en la oficina de Charlotte. Brent Stewart, abogado fundador \u2014 Oficina principal 1242 Ebenezer Road, Rock Hill, SC 29732. Elizabeth VonCannon y Christian Gerencir, abogados gerentes de Carolina del Norte &#8211; Oficina principal: 2427 Tuckaseegee Dr. Suite A, Charlotte, NC 28208.\u00a0<\/em><\/p>\n","protected":false},"excerpt":{"rendered":"<p>Nada nos prepara para el dolor que la p\u00e9rdida de un ser amado nos produce. Sin embargo, cuando el fallecimiento sucede a causa de la negligencia o irresponsabilidad de otros, al dolor de la p\u00e9rdida se suman el enojo, la frustraci\u00f3n y la impotencia. La b\u00fasqueda de justicia en estos casos puede volverse un camino [&hellip;]<\/p>\n","protected":false},"author":9,"featured_media":187641,"parent":34702,"menu_order":0,"comment_status":"closed","ping_status":"closed","template":"","meta":{"_acf_changed":false,"footnotes":""},"class_list":["post-187624","page","type-page","status-publish","has-post-thumbnail","hentry"],"acf":[],"yoast_head":"<!-- This site is optimized with the Yoast SEO Premium plugin v27.3 (Yoast SEO v27.3) - https:\/\/yoast.com\/product\/yoast-seo-premium-wordpress\/ -->\n<title>Casos para un abogado de muerte por negligencia en Beaufort<\/title>\n<meta name=\"description\" content=\"Conozca en qu\u00e9 casos un abogado de muerte por negligencia puede ayudarle. Comun\u00edquese con Stewart Law Offices para una consulta gratuita.\" \/>\n<meta name=\"robots\" content=\"index, follow, max-snippet:-1, max-image-preview:large, max-video-preview:-1\" \/>\n<link rel=\"canonical\" href=\"https:\/\/www.stewartlawoffices.net\/es\/beaufort-abogados-lesiones-personales\/abogado-muerte-por-negligencia-beaufort\/\" \/>\n<meta property=\"og:locale\" content=\"es_ES\" \/>\n<meta property=\"og:type\" content=\"article\" \/>\n<meta property=\"og:title\" content=\"Casos para un abogado de muerte por negligencia en Beaufort\" \/>\n<meta property=\"og:description\" content=\"Conozca en qu\u00e9 casos un abogado de muerte por negligencia puede ayudarle. Comun\u00edquese con Stewart Law Offices para una consulta gratuita.\" \/>\n<meta property=\"og:url\" content=\"https:\/\/www.stewartlawoffices.net\/es\/beaufort-abogados-lesiones-personales\/abogado-muerte-por-negligencia-beaufort\/\" \/>\n<meta property=\"og:site_name\" content=\"Stewart Law Offices\" \/>\n<meta property=\"article:publisher\" content=\"https:\/\/www.facebook.com\/StewartLawOffices\" \/>\n<meta property=\"article:modified_time\" content=\"2025-12-11T11:41:28+00:00\" \/>\n<meta property=\"og:image\" content=\"https:\/\/www.stewartlawoffices.net\/wp-content\/uploads\/2024\/12\/muerte-por-negligencia.jpg\" \/>\n\t<meta property=\"og:image:width\" content=\"621\" \/>\n\t<meta property=\"og:image:height\" content=\"410\" \/>\n\t<meta property=\"og:image:type\" content=\"image\/jpeg\" \/>\n<meta name=\"twitter:card\" content=\"summary_large_image\" \/>\n<meta name=\"twitter:site\" content=\"@StewartLawLLC\" \/>\n<meta name=\"twitter:label1\" content=\"Tiempo de lectura\" \/>\n\t<meta name=\"twitter:data1\" content=\"6 minutos\" \/>\n<script type=\"application\/ld+json\" class=\"yoast-schema-graph\">{\"@context\":\"https:\\\/\\\/schema.org\",\"@graph\":[{\"@type\":\"WebPage\",\"@id\":\"https:\\\/\\\/www.stewartlawoffices.net\\\/es\\\/beaufort-abogados-lesiones-personales\\\/abogado-muerte-por-negligencia-beaufort\\\/\",\"url\":\"https:\\\/\\\/www.stewartlawoffices.net\\\/es\\\/beaufort-abogados-lesiones-personales\\\/abogado-muerte-por-negligencia-beaufort\\\/\",\"name\":\"Casos para un abogado de muerte por negligencia en Beaufort\",\"isPartOf\":{\"@id\":\"https:\\\/\\\/www.stewartlawoffices.net\\\/es\\\/#website\"},\"primaryImageOfPage\":{\"@id\":\"https:\\\/\\\/www.stewartlawoffices.net\\\/es\\\/beaufort-abogados-lesiones-personales\\\/abogado-muerte-por-negligencia-beaufort\\\/#primaryimage\"},\"image\":{\"@id\":\"https:\\\/\\\/www.stewartlawoffices.net\\\/es\\\/beaufort-abogados-lesiones-personales\\\/abogado-muerte-por-negligencia-beaufort\\\/#primaryimage\"},\"thumbnailUrl\":\"https:\\\/\\\/www.stewartlawoffices.net\\\/wp-content\\\/uploads\\\/2024\\\/12\\\/muerte-por-negligencia.jpg\",\"datePublished\":\"2024-12-03T18:25:15+00:00\",\"dateModified\":\"2025-12-11T11:41:28+00:00\",\"description\":\"Conozca en qu\u00e9 casos un abogado de muerte por negligencia puede ayudarle. Comun\u00edquese con Stewart Law Offices para una consulta gratuita.\",\"breadcrumb\":{\"@id\":\"https:\\\/\\\/www.stewartlawoffices.net\\\/es\\\/beaufort-abogados-lesiones-personales\\\/abogado-muerte-por-negligencia-beaufort\\\/#breadcrumb\"},\"inLanguage\":\"es\",\"potentialAction\":[{\"@type\":\"ReadAction\",\"target\":[\"https:\\\/\\\/www.stewartlawoffices.net\\\/es\\\/beaufort-abogados-lesiones-personales\\\/abogado-muerte-por-negligencia-beaufort\\\/\"]}]},{\"@type\":\"ImageObject\",\"inLanguage\":\"es\",\"@id\":\"https:\\\/\\\/www.stewartlawoffices.net\\\/es\\\/beaufort-abogados-lesiones-personales\\\/abogado-muerte-por-negligencia-beaufort\\\/#primaryimage\",\"url\":\"https:\\\/\\\/www.stewartlawoffices.net\\\/wp-content\\\/uploads\\\/2024\\\/12\\\/muerte-por-negligencia.jpg\",\"contentUrl\":\"https:\\\/\\\/www.stewartlawoffices.net\\\/wp-content\\\/uploads\\\/2024\\\/12\\\/muerte-por-negligencia.jpg\",\"width\":621,\"height\":410,\"caption\":\"Hombre visitando la tumba de un familiar fallecido, quien podr\u00eda requerir los servicios de un abogado de muerte por negligencia.\"},{\"@type\":\"BreadcrumbList\",\"@id\":\"https:\\\/\\\/www.stewartlawoffices.net\\\/es\\\/beaufort-abogados-lesiones-personales\\\/abogado-muerte-por-negligencia-beaufort\\\/#breadcrumb\",\"itemListElement\":[{\"@type\":\"ListItem\",\"position\":1,\"name\":\"H\",\"item\":\"https:\\\/\\\/www.stewartlawoffices.net\\\/es\\\/\"},{\"@type\":\"ListItem\",\"position\":2,\"name\":\"Abogados de Lesiones Personales en Beaufort\",\"item\":\"https:\\\/\\\/www.stewartlawoffices.net\\\/es\\\/beaufort-abogados-lesiones-personales\\\/\"},{\"@type\":\"ListItem\",\"position\":3,\"name\":\"Abogado Muerte por Negligencia Beaufort\"}]},{\"@type\":\"WebSite\",\"@id\":\"https:\\\/\\\/www.stewartlawoffices.net\\\/es\\\/#website\",\"url\":\"https:\\\/\\\/www.stewartlawoffices.net\\\/es\\\/\",\"name\":\"Stewart Law Offices\",\"description\":\"\",\"publisher\":{\"@id\":\"https:\\\/\\\/www.stewartlawoffices.net\\\/es\\\/#organization\"},\"potentialAction\":[{\"@type\":\"SearchAction\",\"target\":{\"@type\":\"EntryPoint\",\"urlTemplate\":\"https:\\\/\\\/www.stewartlawoffices.net\\\/es\\\/?s={search_term_string}\"},\"query-input\":{\"@type\":\"PropertyValueSpecification\",\"valueRequired\":true,\"valueName\":\"search_term_string\"}}],\"inLanguage\":\"es\"},{\"@type\":\"Organization\",\"@id\":\"https:\\\/\\\/www.stewartlawoffices.net\\\/es\\\/#organization\",\"name\":\"Stewart Law Offices\",\"url\":\"https:\\\/\\\/www.stewartlawoffices.net\\\/es\\\/\",\"logo\":{\"@type\":\"ImageObject\",\"inLanguage\":\"es\",\"@id\":\"https:\\\/\\\/www.stewartlawoffices.net\\\/es\\\/#\\\/schema\\\/logo\\\/image\\\/\",\"url\":\"https:\\\/\\\/stewartlawoffices.net\\\/wp-content\\\/uploads\\\/2023\\\/05\\\/footer-logo.svg\",\"contentUrl\":\"https:\\\/\\\/stewartlawoffices.net\\\/wp-content\\\/uploads\\\/2023\\\/05\\\/footer-logo.svg\",\"width\":1,\"height\":1,\"caption\":\"Stewart Law Offices\"},\"image\":{\"@id\":\"https:\\\/\\\/www.stewartlawoffices.net\\\/es\\\/#\\\/schema\\\/logo\\\/image\\\/\"},\"sameAs\":[\"https:\\\/\\\/www.facebook.com\\\/StewartLawOffices\",\"https:\\\/\\\/x.com\\\/StewartLawLLC\",\"https:\\\/\\\/www.linkedin.com\\\/company\\\/stewart-law-offices-llc\",\"https:\\\/\\\/www.youtube.com\\\/channel\\\/UCXsXVgzn84taqmH0F3vJ5Eg\",\"https:\\\/\\\/www.instagram.com\\\/stewartlawoffices\\\/?hl=en\"]}]}<\/script>\n<!-- \/ Yoast SEO Premium plugin. -->","yoast_head_json":{"title":"Casos para un abogado de muerte por negligencia en Beaufort","description":"Conozca en qu\u00e9 casos un abogado de muerte por negligencia puede ayudarle. Comun\u00edquese con Stewart Law Offices para una consulta gratuita.","robots":{"index":"index","follow":"follow","max-snippet":"max-snippet:-1","max-image-preview":"max-image-preview:large","max-video-preview":"max-video-preview:-1"},"canonical":"https:\/\/www.stewartlawoffices.net\/es\/beaufort-abogados-lesiones-personales\/abogado-muerte-por-negligencia-beaufort\/","og_locale":"es_ES","og_type":"article","og_title":"Casos para un abogado de muerte por negligencia en Beaufort","og_description":"Conozca en qu\u00e9 casos un abogado de muerte por negligencia puede ayudarle. Comun\u00edquese con Stewart Law Offices para una consulta gratuita.","og_url":"https:\/\/www.stewartlawoffices.net\/es\/beaufort-abogados-lesiones-personales\/abogado-muerte-por-negligencia-beaufort\/","og_site_name":"Stewart Law Offices","article_publisher":"https:\/\/www.facebook.com\/StewartLawOffices","article_modified_time":"2025-12-11T11:41:28+00:00","og_image":[{"width":621,"height":410,"url":"https:\/\/www.stewartlawoffices.net\/wp-content\/uploads\/2024\/12\/muerte-por-negligencia.jpg","type":"image\/jpeg"}],"twitter_card":"summary_large_image","twitter_site":"@StewartLawLLC","twitter_misc":{"Tiempo de lectura":"6 minutos"},"schema":{"@context":"https:\/\/schema.org","@graph":[{"@type":"WebPage","@id":"https:\/\/www.stewartlawoffices.net\/es\/beaufort-abogados-lesiones-personales\/abogado-muerte-por-negligencia-beaufort\/","url":"https:\/\/www.stewartlawoffices.net\/es\/beaufort-abogados-lesiones-personales\/abogado-muerte-por-negligencia-beaufort\/","name":"Casos para un abogado de muerte por negligencia en Beaufort","isPartOf":{"@id":"https:\/\/www.stewartlawoffices.net\/es\/#website"},"primaryImageOfPage":{"@id":"https:\/\/www.stewartlawoffices.net\/es\/beaufort-abogados-lesiones-personales\/abogado-muerte-por-negligencia-beaufort\/#primaryimage"},"image":{"@id":"https:\/\/www.stewartlawoffices.net\/es\/beaufort-abogados-lesiones-personales\/abogado-muerte-por-negligencia-beaufort\/#primaryimage"},"thumbnailUrl":"https:\/\/www.stewartlawoffices.net\/wp-content\/uploads\/2024\/12\/muerte-por-negligencia.jpg","datePublished":"2024-12-03T18:25:15+00:00","dateModified":"2025-12-11T11:41:28+00:00","description":"Conozca en qu\u00e9 casos un abogado de muerte por negligencia puede ayudarle. Comun\u00edquese con Stewart Law Offices para una consulta gratuita.","breadcrumb":{"@id":"https:\/\/www.stewartlawoffices.net\/es\/beaufort-abogados-lesiones-personales\/abogado-muerte-por-negligencia-beaufort\/#breadcrumb"},"inLanguage":"es","potentialAction":[{"@type":"ReadAction","target":["https:\/\/www.stewartlawoffices.net\/es\/beaufort-abogados-lesiones-personales\/abogado-muerte-por-negligencia-beaufort\/"]}]},{"@type":"ImageObject","inLanguage":"es","@id":"https:\/\/www.stewartlawoffices.net\/es\/beaufort-abogados-lesiones-personales\/abogado-muerte-por-negligencia-beaufort\/#primaryimage","url":"https:\/\/www.stewartlawoffices.net\/wp-content\/uploads\/2024\/12\/muerte-por-negligencia.jpg","contentUrl":"https:\/\/www.stewartlawoffices.net\/wp-content\/uploads\/2024\/12\/muerte-por-negligencia.jpg","width":621,"height":410,"caption":"Hombre visitando la tumba de un familiar fallecido, quien podr\u00eda requerir los servicios de un abogado de muerte por negligencia."},{"@type":"BreadcrumbList","@id":"https:\/\/www.stewartlawoffices.net\/es\/beaufort-abogados-lesiones-personales\/abogado-muerte-por-negligencia-beaufort\/#breadcrumb","itemListElement":[{"@type":"ListItem","position":1,"name":"H","item":"https:\/\/www.stewartlawoffices.net\/es\/"},{"@type":"ListItem","position":2,"name":"Abogados de Lesiones Personales en Beaufort","item":"https:\/\/www.stewartlawoffices.net\/es\/beaufort-abogados-lesiones-personales\/"},{"@type":"ListItem","position":3,"name":"Abogado Muerte por Negligencia Beaufort"}]},{"@type":"WebSite","@id":"https:\/\/www.stewartlawoffices.net\/es\/#website","url":"https:\/\/www.stewartlawoffices.net\/es\/","name":"Stewart Law Offices","description":"","publisher":{"@id":"https:\/\/www.stewartlawoffices.net\/es\/#organization"},"potentialAction":[{"@type":"SearchAction","target":{"@type":"EntryPoint","urlTemplate":"https:\/\/www.stewartlawoffices.net\/es\/?s={search_term_string}"},"query-input":{"@type":"PropertyValueSpecification","valueRequired":true,"valueName":"search_term_string"}}],"inLanguage":"es"},{"@type":"Organization","@id":"https:\/\/www.stewartlawoffices.net\/es\/#organization","name":"Stewart Law Offices","url":"https:\/\/www.stewartlawoffices.net\/es\/","logo":{"@type":"ImageObject","inLanguage":"es","@id":"https:\/\/www.stewartlawoffices.net\/es\/#\/schema\/logo\/image\/","url":"https:\/\/stewartlawoffices.net\/wp-content\/uploads\/2023\/05\/footer-logo.svg","contentUrl":"https:\/\/stewartlawoffices.net\/wp-content\/uploads\/2023\/05\/footer-logo.svg","width":1,"height":1,"caption":"Stewart Law Offices"},"image":{"@id":"https:\/\/www.stewartlawoffices.net\/es\/#\/schema\/logo\/image\/"},"sameAs":["https:\/\/www.facebook.com\/StewartLawOffices","https:\/\/x.com\/StewartLawLLC","https:\/\/www.linkedin.com\/company\/stewart-law-offices-llc","https:\/\/www.youtube.com\/channel\/UCXsXVgzn84taqmH0F3vJ5Eg","https:\/\/www.instagram.com\/stewartlawoffices\/?hl=en"]}]}},"_links":{"self":[{"href":"https:\/\/www.stewartlawoffices.net\/es\/wp-json\/wp\/v2\/pages\/187624","targetHints":{"allow":["GET"]}}],"collection":[{"href":"https:\/\/www.stewartlawoffices.net\/es\/wp-json\/wp\/v2\/pages"}],"about":[{"href":"https:\/\/www.stewartlawoffices.net\/es\/wp-json\/wp\/v2\/types\/page"}],"author":[{"embeddable":true,"href":"https:\/\/www.stewartlawoffices.net\/es\/wp-json\/wp\/v2\/users\/9"}],"replies":[{"embeddable":true,"href":"https:\/\/www.stewartlawoffices.net\/es\/wp-json\/wp\/v2\/comments?post=187624"}],"version-history":[{"count":2,"href":"https:\/\/www.stewartlawoffices.net\/es\/wp-json\/wp\/v2\/pages\/187624\/revisions"}],"predecessor-version":[{"id":202321,"href":"https:\/\/www.stewartlawoffices.net\/es\/wp-json\/wp\/v2\/pages\/187624\/revisions\/202321"}],"up":[{"embeddable":true,"href":"https:\/\/www.stewartlawoffices.net\/es\/wp-json\/wp\/v2\/pages\/34702"}],"wp:featuredmedia":[{"embeddable":true,"href":"https:\/\/www.stewartlawoffices.net\/es\/wp-json\/wp\/v2\/media\/187641"}],"wp:attachment":[{"href":"https:\/\/www.stewartlawoffices.net\/es\/wp-json\/wp\/v2\/media?parent=187624"}],"curies":[{"name":"wp","href":"https:\/\/api.w.org\/{rel}","templated":true}]}}