{"id":155508,"date":"2023-09-25T16:02:25","date_gmt":"2023-09-25T16:02:25","guid":{"rendered":"https:\/\/stewartlawoffices.net\/?page_id=155508"},"modified":"2024-06-12T15:04:10","modified_gmt":"2024-06-12T15:04:10","slug":"como-no-usar-cinturon-puede-impactar-en-su-reclamo","status":"publish","type":"page","link":"https:\/\/www.stewartlawoffices.net\/es\/blog\/como-no-usar-cinturon-puede-impactar-en-su-reclamo\/","title":{"rendered":"C\u00f3mo no usar cintur\u00f3n de seguridad puede impactar en su reclamo de accidente de auto"},"content":{"rendered":"<img loading=\"lazy\" decoding=\"async\" class=\"aligncenter wp-image-124857 size-full\" src=\"https:\/\/stewartlawoffices.net\/wp-content\/uploads\/2021\/12\/Not-Wearing-a-Seat-Belt-Car-Accidents.jpg\" alt=\"seat belt\" width=\"1000\" height=\"633\" srcset=\"https:\/\/www.stewartlawoffices.net\/wp-content\/uploads\/2021\/12\/Not-Wearing-a-Seat-Belt-Car-Accidents.jpg 1000w, https:\/\/www.stewartlawoffices.net\/wp-content\/uploads\/2021\/12\/Not-Wearing-a-Seat-Belt-Car-Accidents-300x190.jpg 300w, https:\/\/www.stewartlawoffices.net\/wp-content\/uploads\/2021\/12\/Not-Wearing-a-Seat-Belt-Car-Accidents-768x486.jpg 768w\" sizes=\"auto, (max-width: 1000px) 100vw, 1000px\" \/>\n<p>Sabemos que los cinturones de seguridad ayudan a salvar vidas. De acuerdo con los Centros para el Control y la Prevenci\u00f3n de Enfermedades, los cinturones de seguridad reducen el riesgo de muerte en un 45% entre los conductores y pasajeros del asiento delantero.<\/p>\n<p>Lo que muchas personas no se dan cuenta es que, m\u00e1s all\u00e1 de los beneficios de seguridad de usar un cintur\u00f3n de seguridad, el uso de dispositivos de restricci\u00f3n de seguridad tambi\u00e9n puede impactar en los reclamos por accidentes. Para conductores y pasajeros involucrados en accidentes, la pregunta de si estaban usando un cintur\u00f3n de seguridad en el momento de la colisi\u00f3n puede tener repercusiones significativas.<\/p>\n<p>Si usted no estaba usando su cintur\u00f3n de seguridad en un choque, puede enfrentar desaf\u00edos para recuperar una compensaci\u00f3n, incluso si el accidente no fue su culpa.<\/p>\n<p>Los <a href=\"https:\/\/stewartlawoffices.net\/es\/abogados-de-lesiones-personales-en-carolina-del-sur\/accidentes-de-auto\/\">abogados de accidentes de auto<\/a> en Carolina del Norte y Carolina del Sur en <a href=\"https:\/\/stewartlawoffices.net\/es\/\">Stewart Law Offices<\/a> desean ayudarle a comprender c\u00f3mo la falta de un cintur\u00f3n de seguridad puede afectar su reclamo por accidente de auto. Tambi\u00e9n puede <a href=\"https:\/\/stewartlawoffices.net\/es\/contactenos\/\">contactarnos<\/a> para discutir su reclamo durante una consulta gratuita y confidencial.<\/p>\n<h2>Repercusiones de no usar cintur\u00f3n de seguridad en un accidente de auto<\/h2>\n<p>En primer lugar, una de las repercusiones m\u00e1s significativas de no usar un cintur\u00f3n de seguridad en el momento de un accidente es la gravedad de las lesiones de la v\u00edctima. La <a href=\"https:\/\/www.nhtsa.gov\/risky-driving\/seat-belts\" target=\"_blank\" rel=\"noopener\">Administraci\u00f3n Nacional de Seguridad del Tr\u00e1fico en Carreteras<\/a> informa que, de las 22,215 personas fallecidas en accidentes de auto en un a\u00f1o reciente, el 47 por ciento no llevaba puesto el cintur\u00f3n de seguridad.<\/p>\n<p>Aquellos que sobreviven a un accidente grave sin usar un cintur\u00f3n de seguridad tienden a sufrir lesiones mucho m\u00e1s graves. Los ocupantes que no usan un dispositivo de restricci\u00f3n de seguridad pueden ser arrojados por todo el veh\u00edculo y, en algunos casos, ser expulsados completamente del veh\u00edculo. Las lesiones pueden incluir:<\/p>\n<ul>\n<li><strong>Lesiones cerebrales traum\u00e1ticas<\/strong><\/li>\n<li><strong>Lesiones faciales<\/strong><\/li>\n<li><strong>Lesiones dentales<\/strong><\/li>\n<li><strong>Par\u00e1lisis<\/strong><\/li>\n<li><strong>Amputaciones<\/strong><\/li>\n<li><strong>Huesos rotos<\/strong><\/li>\n<li><strong>Raspaduras por abrasi\u00f3n<\/strong><\/li>\n<\/ul>\n<p>No usar un cintur\u00f3n de seguridad tambi\u00e9n puede afectar si puede buscar compensaci\u00f3n contra el conductor culpable y cu\u00e1nta compensaci\u00f3n podr\u00eda recuperar, seg\u00fan las reglas de negligencia contributiva y culpa comparativa.<\/p>\n<h2>Negligencia contributiva y culpa comparativa en Carolina del Norte y Carolina del Sur<\/h2>\n<p><strong>\u201cNegligencia contributiva\u201d<\/strong> y \u201c<strong>culpa comparativa\u201d<\/strong> son t\u00e9rminos que dictan c\u00f3mo se ver\u00e1 afectada un reclamo por lesiones personales si la v\u00edctima de un accidente actu\u00f3 de manera negligente y contribuy\u00f3 al accidente. Aunque ambos estados tienen responsabilidad por agravio (las v\u00edctimas de accidentes presentan un reclamo contra el conductor culpable para compensar sus lesiones en lugar de presentar un reclamo con su propia aseguradora), Carolina del Sur y Carolina del Norte tienen reglas muy diferentes para las demandas por lesiones personales.<\/p>\n<p>Carolina del Norte es uno de los pocos estados que a\u00fan siguen la regla de la negligencia contributiva. En un sistema de negligencia contributiva, si se encuentra que una v\u00edctima tiene aunque sea un ligero grado de culpa en las circunstancias de un accidente de auto, se le proh\u00edbe recibir cualquier compensaci\u00f3n. En Carolina del Norte, la regla de la negligencia contributiva puede dificultar en gran medida la recuperaci\u00f3n de compensaci\u00f3n si la v\u00edctima no llevaba puesto el cintur\u00f3n de seguridad. Las aseguradoras o los demandados pueden argumentar que la falta de uso del cintur\u00f3n de seguridad contribuy\u00f3 a la gravedad de las lesiones de la v\u00edctima y que deber\u00edan haber mitigado el riesgo usando el cintur\u00f3n de seguridad. Esto podr\u00eda ser suficiente para impedir que una persona reciba dinero por sus p\u00e9rdidas relacionadas con las lesiones.<\/p>\n<p>Carolina del Sur sigue una regla de culpa comparativa modificada. En los estados con culpa comparativa modificada, la parte de la compensaci\u00f3n de una v\u00edctima puede reducirse en el porcentaje de responsabilidad que tienen por causar el accidente. Esto es v\u00e1lido siempre y cuando la responsabilidad de la v\u00edctima no sea mayor que la de cualquiera de las otras partes involucradas en la colisi\u00f3n. Por lo tanto, incluso si contribuyeron al accidente, a\u00fan pueden presentar un reclamo por lesiones personales siempre que la responsabilidad de la otra parte haya sido m\u00e1s negligente. Entonces, si una v\u00edctima tiene un 10 por ciento de responsabilidad en la causa de un accidente en Carolina del Sur, los tribunales pueden reducir la parte de compensaci\u00f3n de esa v\u00edctima en un 10 por ciento. Si la v\u00edctima tiene m\u00e1s del 50 por ciento de responsabilidad, no podr\u00eda recuperar una compensaci\u00f3n.<\/p>\n<p>Debido a la complejidad de estos temas legales, considere contactar a un abogado experto en accidentes de auto para aprender c\u00f3mo estas reglas pueden afectar su reclamo.<\/p>\n<h2>Comun\u00edquese con Stewart Law Offices hoy para obtener m\u00e1s informaci\u00f3n<\/h2>\n<p>El hecho de no usar un cintur\u00f3n de seguridad en el momento de un accidente generalmente no lo excluye autom\u00e1ticamente de poder recibir compensaci\u00f3n. Sin embargo, puede hacer que su reclamo sea significativamente m\u00e1s desafiante.<\/p>\n<p>Si ha estado en un accidente y no llevaba puesto un cintur\u00f3n de seguridad, <a href=\"https:\/\/stewartlawoffices.net\/es\/contactenos\/\">comun\u00edquese<\/a> hoy mismo con el equipo legal de Stewart Law Offices. Podemos revisar su caso y ayudarle a aclarar sus opciones legales. No renuncie a la compensaci\u00f3n que podr\u00eda merecer. Programe una consulta gratuita hoy mismo.<\/p>\n","protected":false},"excerpt":{"rendered":"<p>Sabemos que los cinturones de seguridad ayudan a salvar vidas. De acuerdo con los Centros para el Control y la Prevenci\u00f3n de Enfermedades, los cinturones de seguridad reducen el riesgo de muerte en un 45% entre los conductores y pasajeros del asiento delantero. Lo que muchas personas no se dan cuenta es que, m\u00e1s all\u00e1 [&hellip;]<\/p>\n","protected":false},"author":9,"featured_media":0,"parent":153966,"menu_order":0,"comment_status":"closed","ping_status":"closed","template":"","meta":{"_acf_changed":false,"footnotes":""},"class_list":["post-155508","page","type-page","status-publish","hentry"],"acf":[],"yoast_head":"<!-- This site is optimized with the Yoast SEO Premium plugin v27.4 (Yoast SEO v27.4) - https:\/\/yoast.com\/product\/yoast-seo-premium-wordpress\/ -->\n<title>C\u00f3mo no usar cintur\u00f3n puede impactar en su reclamo | Stewart Law Office<\/title>\n<meta name=\"description\" content=\"Nuestros abogados de accidentes de auto pueden ayudarle a comprender c\u00f3mo la falta de un cintur\u00f3n de seguridad puede afectar su reclamo por accidente de auto.\" \/>\n<meta name=\"robots\" content=\"index, follow, max-snippet:-1, max-image-preview:large, max-video-preview:-1\" \/>\n<link rel=\"canonical\" href=\"https:\/\/www.stewartlawoffices.net\/es\/blog\/como-no-usar-cinturon-puede-impactar-en-su-reclamo\/\" \/>\n<meta property=\"og:locale\" content=\"es_ES\" \/>\n<meta property=\"og:type\" content=\"article\" \/>\n<meta property=\"og:title\" content=\"C\u00f3mo no usar cintur\u00f3n puede impactar en su reclamo | Stewart Law Office\" \/>\n<meta property=\"og:description\" content=\"Nuestros abogados de accidentes de auto pueden ayudarle a comprender c\u00f3mo la falta de un cintur\u00f3n de seguridad puede afectar su reclamo por accidente de auto.\" \/>\n<meta property=\"og:url\" content=\"https:\/\/www.stewartlawoffices.net\/es\/blog\/como-no-usar-cinturon-puede-impactar-en-su-reclamo\/\" \/>\n<meta property=\"og:site_name\" content=\"Stewart Law Offices\" \/>\n<meta property=\"article:publisher\" content=\"https:\/\/www.facebook.com\/StewartLawOffices\" \/>\n<meta property=\"article:modified_time\" content=\"2024-06-12T15:04:10+00:00\" \/>\n<meta property=\"og:image\" content=\"https:\/\/stewartlawoffices.net\/wp-content\/uploads\/2021\/12\/Not-Wearing-a-Seat-Belt-Car-Accidents.jpg\" \/>\n<meta name=\"twitter:card\" content=\"summary_large_image\" \/>\n<meta name=\"twitter:site\" content=\"@StewartLawLLC\" \/>\n<meta name=\"twitter:label1\" content=\"Tiempo de lectura\" \/>\n\t<meta name=\"twitter:data1\" content=\"4 minutos\" \/>\n<script type=\"application\/ld+json\" class=\"yoast-schema-graph\">{\"@context\":\"https:\\\/\\\/schema.org\",\"@graph\":[{\"@type\":\"WebPage\",\"@id\":\"https:\\\/\\\/www.stewartlawoffices.net\\\/es\\\/blog\\\/como-no-usar-cinturon-puede-impactar-en-su-reclamo\\\/\",\"url\":\"https:\\\/\\\/www.stewartlawoffices.net\\\/es\\\/blog\\\/como-no-usar-cinturon-puede-impactar-en-su-reclamo\\\/\",\"name\":\"C\u00f3mo no usar cintur\u00f3n puede impactar en su reclamo | Stewart Law Office\",\"isPartOf\":{\"@id\":\"https:\\\/\\\/www.stewartlawoffices.net\\\/es\\\/#website\"},\"primaryImageOfPage\":{\"@id\":\"https:\\\/\\\/www.stewartlawoffices.net\\\/es\\\/blog\\\/como-no-usar-cinturon-puede-impactar-en-su-reclamo\\\/#primaryimage\"},\"image\":{\"@id\":\"https:\\\/\\\/www.stewartlawoffices.net\\\/es\\\/blog\\\/como-no-usar-cinturon-puede-impactar-en-su-reclamo\\\/#primaryimage\"},\"thumbnailUrl\":\"https:\\\/\\\/stewartlawoffices.net\\\/wp-content\\\/uploads\\\/2021\\\/12\\\/Not-Wearing-a-Seat-Belt-Car-Accidents.jpg\",\"datePublished\":\"2023-09-25T16:02:25+00:00\",\"dateModified\":\"2024-06-12T15:04:10+00:00\",\"description\":\"Nuestros abogados de accidentes de auto pueden ayudarle a comprender c\u00f3mo la falta de un cintur\u00f3n de seguridad puede afectar su reclamo por accidente de auto.\",\"breadcrumb\":{\"@id\":\"https:\\\/\\\/www.stewartlawoffices.net\\\/es\\\/blog\\\/como-no-usar-cinturon-puede-impactar-en-su-reclamo\\\/#breadcrumb\"},\"inLanguage\":\"es\",\"potentialAction\":[{\"@type\":\"ReadAction\",\"target\":[\"https:\\\/\\\/www.stewartlawoffices.net\\\/es\\\/blog\\\/como-no-usar-cinturon-puede-impactar-en-su-reclamo\\\/\"]}]},{\"@type\":\"ImageObject\",\"inLanguage\":\"es\",\"@id\":\"https:\\\/\\\/www.stewartlawoffices.net\\\/es\\\/blog\\\/como-no-usar-cinturon-puede-impactar-en-su-reclamo\\\/#primaryimage\",\"url\":\"https:\\\/\\\/stewartlawoffices.net\\\/wp-content\\\/uploads\\\/2021\\\/12\\\/Not-Wearing-a-Seat-Belt-Car-Accidents.jpg\",\"contentUrl\":\"https:\\\/\\\/stewartlawoffices.net\\\/wp-content\\\/uploads\\\/2021\\\/12\\\/Not-Wearing-a-Seat-Belt-Car-Accidents.jpg\"},{\"@type\":\"BreadcrumbList\",\"@id\":\"https:\\\/\\\/www.stewartlawoffices.net\\\/es\\\/blog\\\/como-no-usar-cinturon-puede-impactar-en-su-reclamo\\\/#breadcrumb\",\"itemListElement\":[{\"@type\":\"ListItem\",\"position\":1,\"name\":\"H\",\"item\":\"https:\\\/\\\/www.stewartlawoffices.net\\\/es\\\/\"},{\"@type\":\"ListItem\",\"position\":2,\"name\":\"Blog\",\"item\":\"https:\\\/\\\/www.stewartlawoffices.net\\\/es\\\/blog\\\/\"},{\"@type\":\"ListItem\",\"position\":3,\"name\":\"C\u00f3mo no usar cintur\u00f3n de seguridad puede impactar en su reclamo de accidente de auto\"}]},{\"@type\":\"WebSite\",\"@id\":\"https:\\\/\\\/www.stewartlawoffices.net\\\/es\\\/#website\",\"url\":\"https:\\\/\\\/www.stewartlawoffices.net\\\/es\\\/\",\"name\":\"Stewart Law Offices\",\"description\":\"\",\"publisher\":{\"@id\":\"https:\\\/\\\/www.stewartlawoffices.net\\\/es\\\/#organization\"},\"potentialAction\":[{\"@type\":\"SearchAction\",\"target\":{\"@type\":\"EntryPoint\",\"urlTemplate\":\"https:\\\/\\\/www.stewartlawoffices.net\\\/es\\\/?s={search_term_string}\"},\"query-input\":{\"@type\":\"PropertyValueSpecification\",\"valueRequired\":true,\"valueName\":\"search_term_string\"}}],\"inLanguage\":\"es\"},{\"@type\":\"Organization\",\"@id\":\"https:\\\/\\\/www.stewartlawoffices.net\\\/es\\\/#organization\",\"name\":\"Stewart Law Offices\",\"url\":\"https:\\\/\\\/www.stewartlawoffices.net\\\/es\\\/\",\"logo\":{\"@type\":\"ImageObject\",\"inLanguage\":\"es\",\"@id\":\"https:\\\/\\\/www.stewartlawoffices.net\\\/es\\\/#\\\/schema\\\/logo\\\/image\\\/\",\"url\":\"https:\\\/\\\/stewartlawoffices.net\\\/wp-content\\\/uploads\\\/2023\\\/05\\\/footer-logo.svg\",\"contentUrl\":\"https:\\\/\\\/stewartlawoffices.net\\\/wp-content\\\/uploads\\\/2023\\\/05\\\/footer-logo.svg\",\"width\":1,\"height\":1,\"caption\":\"Stewart Law Offices\"},\"image\":{\"@id\":\"https:\\\/\\\/www.stewartlawoffices.net\\\/es\\\/#\\\/schema\\\/logo\\\/image\\\/\"},\"sameAs\":[\"https:\\\/\\\/www.facebook.com\\\/StewartLawOffices\",\"https:\\\/\\\/x.com\\\/StewartLawLLC\",\"https:\\\/\\\/www.linkedin.com\\\/company\\\/stewart-law-offices-llc\",\"https:\\\/\\\/www.youtube.com\\\/channel\\\/UCXsXVgzn84taqmH0F3vJ5Eg\",\"https:\\\/\\\/www.instagram.com\\\/stewartlawoffices\\\/?hl=en\"]}]}<\/script>\n<!-- \/ Yoast SEO Premium plugin. -->","yoast_head_json":{"title":"C\u00f3mo no usar cintur\u00f3n puede impactar en su reclamo | Stewart Law Office","description":"Nuestros abogados de accidentes de auto pueden ayudarle a comprender c\u00f3mo la falta de un cintur\u00f3n de seguridad puede afectar su reclamo por accidente de auto.","robots":{"index":"index","follow":"follow","max-snippet":"max-snippet:-1","max-image-preview":"max-image-preview:large","max-video-preview":"max-video-preview:-1"},"canonical":"https:\/\/www.stewartlawoffices.net\/es\/blog\/como-no-usar-cinturon-puede-impactar-en-su-reclamo\/","og_locale":"es_ES","og_type":"article","og_title":"C\u00f3mo no usar cintur\u00f3n puede impactar en su reclamo | Stewart Law Office","og_description":"Nuestros abogados de accidentes de auto pueden ayudarle a comprender c\u00f3mo la falta de un cintur\u00f3n de seguridad puede afectar su reclamo por accidente de auto.","og_url":"https:\/\/www.stewartlawoffices.net\/es\/blog\/como-no-usar-cinturon-puede-impactar-en-su-reclamo\/","og_site_name":"Stewart Law Offices","article_publisher":"https:\/\/www.facebook.com\/StewartLawOffices","article_modified_time":"2024-06-12T15:04:10+00:00","og_image":[{"url":"https:\/\/stewartlawoffices.net\/wp-content\/uploads\/2021\/12\/Not-Wearing-a-Seat-Belt-Car-Accidents.jpg","type":"","width":"","height":""}],"twitter_card":"summary_large_image","twitter_site":"@StewartLawLLC","twitter_misc":{"Tiempo de lectura":"4 minutos"},"schema":{"@context":"https:\/\/schema.org","@graph":[{"@type":"WebPage","@id":"https:\/\/www.stewartlawoffices.net\/es\/blog\/como-no-usar-cinturon-puede-impactar-en-su-reclamo\/","url":"https:\/\/www.stewartlawoffices.net\/es\/blog\/como-no-usar-cinturon-puede-impactar-en-su-reclamo\/","name":"C\u00f3mo no usar cintur\u00f3n puede impactar en su reclamo | Stewart Law Office","isPartOf":{"@id":"https:\/\/www.stewartlawoffices.net\/es\/#website"},"primaryImageOfPage":{"@id":"https:\/\/www.stewartlawoffices.net\/es\/blog\/como-no-usar-cinturon-puede-impactar-en-su-reclamo\/#primaryimage"},"image":{"@id":"https:\/\/www.stewartlawoffices.net\/es\/blog\/como-no-usar-cinturon-puede-impactar-en-su-reclamo\/#primaryimage"},"thumbnailUrl":"https:\/\/stewartlawoffices.net\/wp-content\/uploads\/2021\/12\/Not-Wearing-a-Seat-Belt-Car-Accidents.jpg","datePublished":"2023-09-25T16:02:25+00:00","dateModified":"2024-06-12T15:04:10+00:00","description":"Nuestros abogados de accidentes de auto pueden ayudarle a comprender c\u00f3mo la falta de un cintur\u00f3n de seguridad puede afectar su reclamo por accidente de auto.","breadcrumb":{"@id":"https:\/\/www.stewartlawoffices.net\/es\/blog\/como-no-usar-cinturon-puede-impactar-en-su-reclamo\/#breadcrumb"},"inLanguage":"es","potentialAction":[{"@type":"ReadAction","target":["https:\/\/www.stewartlawoffices.net\/es\/blog\/como-no-usar-cinturon-puede-impactar-en-su-reclamo\/"]}]},{"@type":"ImageObject","inLanguage":"es","@id":"https:\/\/www.stewartlawoffices.net\/es\/blog\/como-no-usar-cinturon-puede-impactar-en-su-reclamo\/#primaryimage","url":"https:\/\/stewartlawoffices.net\/wp-content\/uploads\/2021\/12\/Not-Wearing-a-Seat-Belt-Car-Accidents.jpg","contentUrl":"https:\/\/stewartlawoffices.net\/wp-content\/uploads\/2021\/12\/Not-Wearing-a-Seat-Belt-Car-Accidents.jpg"},{"@type":"BreadcrumbList","@id":"https:\/\/www.stewartlawoffices.net\/es\/blog\/como-no-usar-cinturon-puede-impactar-en-su-reclamo\/#breadcrumb","itemListElement":[{"@type":"ListItem","position":1,"name":"H","item":"https:\/\/www.stewartlawoffices.net\/es\/"},{"@type":"ListItem","position":2,"name":"Blog","item":"https:\/\/www.stewartlawoffices.net\/es\/blog\/"},{"@type":"ListItem","position":3,"name":"C\u00f3mo no usar cintur\u00f3n de seguridad puede impactar en su reclamo de accidente de auto"}]},{"@type":"WebSite","@id":"https:\/\/www.stewartlawoffices.net\/es\/#website","url":"https:\/\/www.stewartlawoffices.net\/es\/","name":"Stewart Law Offices","description":"","publisher":{"@id":"https:\/\/www.stewartlawoffices.net\/es\/#organization"},"potentialAction":[{"@type":"SearchAction","target":{"@type":"EntryPoint","urlTemplate":"https:\/\/www.stewartlawoffices.net\/es\/?s={search_term_string}"},"query-input":{"@type":"PropertyValueSpecification","valueRequired":true,"valueName":"search_term_string"}}],"inLanguage":"es"},{"@type":"Organization","@id":"https:\/\/www.stewartlawoffices.net\/es\/#organization","name":"Stewart Law Offices","url":"https:\/\/www.stewartlawoffices.net\/es\/","logo":{"@type":"ImageObject","inLanguage":"es","@id":"https:\/\/www.stewartlawoffices.net\/es\/#\/schema\/logo\/image\/","url":"https:\/\/stewartlawoffices.net\/wp-content\/uploads\/2023\/05\/footer-logo.svg","contentUrl":"https:\/\/stewartlawoffices.net\/wp-content\/uploads\/2023\/05\/footer-logo.svg","width":1,"height":1,"caption":"Stewart Law Offices"},"image":{"@id":"https:\/\/www.stewartlawoffices.net\/es\/#\/schema\/logo\/image\/"},"sameAs":["https:\/\/www.facebook.com\/StewartLawOffices","https:\/\/x.com\/StewartLawLLC","https:\/\/www.linkedin.com\/company\/stewart-law-offices-llc","https:\/\/www.youtube.com\/channel\/UCXsXVgzn84taqmH0F3vJ5Eg","https:\/\/www.instagram.com\/stewartlawoffices\/?hl=en"]}]}},"_links":{"self":[{"href":"https:\/\/www.stewartlawoffices.net\/es\/wp-json\/wp\/v2\/pages\/155508","targetHints":{"allow":["GET"]}}],"collection":[{"href":"https:\/\/www.stewartlawoffices.net\/es\/wp-json\/wp\/v2\/pages"}],"about":[{"href":"https:\/\/www.stewartlawoffices.net\/es\/wp-json\/wp\/v2\/types\/page"}],"author":[{"embeddable":true,"href":"https:\/\/www.stewartlawoffices.net\/es\/wp-json\/wp\/v2\/users\/9"}],"replies":[{"embeddable":true,"href":"https:\/\/www.stewartlawoffices.net\/es\/wp-json\/wp\/v2\/comments?post=155508"}],"version-history":[{"count":0,"href":"https:\/\/www.stewartlawoffices.net\/es\/wp-json\/wp\/v2\/pages\/155508\/revisions"}],"up":[{"embeddable":true,"href":"https:\/\/www.stewartlawoffices.net\/es\/wp-json\/wp\/v2\/pages\/153966"}],"wp:attachment":[{"href":"https:\/\/www.stewartlawoffices.net\/es\/wp-json\/wp\/v2\/media?parent=155508"}],"curies":[{"name":"wp","href":"https:\/\/api.w.org\/{rel}","templated":true}]}}