{"id":131816,"date":"2019-01-10T14:44:37","date_gmt":"2019-01-10T14:44:37","guid":{"rendered":"https:\/\/stewartlawoffices.net\/accidente-bicicletas\/"},"modified":"2025-12-02T10:57:48","modified_gmt":"2025-12-02T10:57:48","slug":"abogado-accidente-bicicletas","status":"publish","type":"page","link":"https:\/\/www.stewartlawoffices.net\/es\/abogados-de-lesiones-personales-en-carolina-del-sur\/abogado-accidente-bicicletas\/","title":{"rendered":"Accidente Bicicletas"},"content":{"rendered":"<p>Abogados especializados en accidentes en bicicleta en S.C (Carolina del Sur) es uno de los estados m\u00e1s peligrosos para los ciclistas. De hecho, Carolina del Sur ten\u00eda la ca\u00edda m\u00e1s inclinada de la clasificaci\u00f3n de los mejores estados para ciclistas de la Liga Estadounidense de Ciclistas, cayendo desde el puesto 15 en 2008 al 47 en 2015, inform\u00f3\u00a0<a href=\"https:\/\/www.npr.org\/sections\/thetwo-way\/2015\/05\/12\/406162988\/2015-rankings-list-most-bicycle-friendly-u-s-states\" target=\"_blank\" rel=\"noopener\">NPR<\/a>.<\/p>\n<p>En su clasificaci\u00f3n de 2017, la organizaci\u00f3n ubic\u00f3 a Carolina del Sur en el puesto 41 de 50, como resultado de sus cinco comunidades simpatizantes con los ciclistas, 21 negocios simpatizantes con los ciclistas, y tres universidades simpatizantes con los ciclistas.<\/p>\n<p>De los 5o estados, Carolina del Sur estuvo en el puesto 40 en infraestructura y financiaci\u00f3n, 29 en educaci\u00f3n y motivaci\u00f3n, 32 en legislaci\u00f3n y cumplimiento, 18 en pol\u00edticas y programas, y 47 en evaluaci\u00f3n y planeaci\u00f3n.<\/p>\n<p>Carolina del Sur obtuvo el puesto 46 en seguridad, con un \u00edndice de 22.1 fallecimientos por cada 10.000 ciclistas.<\/p>\n<p>Es claro que la seguridad es un asunto importante para los ciclistas en Carolina del Sur. Los ciclistas comparten las carreteras con veh\u00edculos automotores, y los conductores negligentes con frecuencia causan accidentes devastadores.<\/p>\n<p>\u00bfSufri\u00f3 usted lesiones, o uno de sus seres queridos muri\u00f3 en un accidente de motocicleta en Carolina del Sur? Usted no debe esperar para obtener asesor\u00eda legal. Un <a href=\"https:\/\/stewartlawoffices.net\/es\/abogados-de-lesiones-personales-en-carolina-del-sur\/\">abogado de lesiones personales en Carolina del Sur<\/a> sabr\u00e1 c\u00f3mo manejar su caso y ayudarle a obligar a la parte culpable a hacerse responsable.<\/p>\n<p>Stewart Law Offices representa a ciclistas lesionados en Carolina del Sur, y otras \u00e1reas alrededor de Carolina del Sur.<\/p>\n<div class=\"call-out-box\">Nuestros abogados pueden revisar su caso y ayudarle a entender sus opciones legales tan pronto como usted nos llame, o llene un formulario de\u00a0<a href=\"https:\/\/stewartlawoffices.net\/es\/contactenos\/\">contacto en l\u00ednea<\/a>\u00a0para programar una consulta gratuita.<\/div>\n<h2>Tipos De Colisiones y Causas Que Llevan a Accidentes De Bicicleta<\/h2>\n<p>Las bicicletas se usan en una variedad de escenarios, y los tipos de accidentes en los que pueden involucrarse dependen del escenario particular en el que se usen. Las colisiones de bicicleta ocurren tanto en \u00e1reas urbanas como rurales de Carolina del Sur.<\/p>\n<p><strong>Los ejemplos de accidentes de bicicleta que involucran veh\u00edculos automotores generalmente incluyen:<\/strong><\/p>\n<ul>\n<li><strong>Accidentes por giro a la derecha o a la izquierda<\/strong>\u00a0\u2014 Muchos conductores giran frente a, o chocan contra los ciclistas. Un accidente por giro a la izquierda involucra a un conductor que gira por delante de un ciclista que viene, mientras que un accidente por giro a la derecha usualmente ocurre cuando un conductor gira y choca contra un ciclista que viaja en la misma direcci\u00f3n.<\/li>\n<li><strong>Accidentes en intersecciones<\/strong>\u00a0\u2014 Los conductores que no se detienen en los sem\u00e1foros o aceleran en las intersecciones, pueden chocar con los ciclistas que tambi\u00e9n est\u00e9n cruzando las mismas intersecciones.<\/li>\n<li><strong>Accidentes por golpes indirectos<\/strong>\u00a0\u2014 Los conductores pueden golpear a los ciclistas por un lado mientras intentan rebasarlos.<\/li>\n<li><strong>Conducir bajo la influencia de alcohol o drogas<\/strong>\u00a0\u2014 Un conductor que se encuentre alterado por el consumo de drogas o alcohol muy posiblemente puede cometer un acto que pueda lesionar a un ciclista que se encuentre cerca.<\/li>\n<li><strong>Accidentes por conducir distra\u00eddo<\/strong>\u00a0\u2014 Los conductores que est\u00e9n usando tel\u00e9fonos celulares o tengan uno o m\u00e1s comportamientos que distraigan su mente de la conducci\u00f3n, y sus ojos de la carretera, probablemente puedan causar colisiones con ciclistas.<\/li>\n<li><strong>Colisiones frontales<\/strong>\u00a0\u2014 Algunos conductores que se cruzan por el camino de los ciclistas pueden golpearlos de frente.<\/li>\n<\/ul>\n<p>La mayor\u00eda de estos accidentes son culpa de los conductores de veh\u00edculos automotores, pero las compa\u00f1\u00edas aseguradoras de los conductores con frecuencia tratar\u00e1n de encontrar cualquier manera posible para argumentar que el accidente fue culpa de un ciclista. Una manera de lograr esto es simplemente haciendo que la v\u00edctima admita inadvertidamente la culpa durante una conversaci\u00f3n telef\u00f3nica, que es exactamente el motivo por el que usted no deber\u00eda hablar con ninguna aseguradora hasta que cuente con representaci\u00f3n legal.<\/p>\n<h2>Responsabilidades De Los Conductores Para Con Los Ciclistas<\/h2>\n<p>Bajo la \u00a7 56-5-3420 del C\u00f3digo de Carolina del Sur, una persona que monte en bicicleta por una carretera, adquiere todos los derechos y est\u00e1 sujeto a todos los deberes aplicables al conductor de un veh\u00edculo motorizado. Los conductores en Carolina del Sur deben rebasar a las bicicletas con cuidado, y dejar un espacio entre ellos de al menos 3 pies de distancia.<\/p>\n<p>Cuando las calles cuentan con carriles para bicicletas, se espera que los ciclistas los usen, y los conductores tienen prohibido obstruir los carriles para bicicletas. Cuando no hay un carril para bicicletas, un ciclista debe transitar tan cerca del borde derecho de la carretera como sea posible.<\/p>\n<p>La \u00a7 56-5-3445 del C\u00f3digo de Carolina del Sur proh\u00edbe acosar, provocar, o arrojar de manera malintencionada objetos a, o en direcci\u00f3n de cualquier persona que vaya en bicicleta. Una infracci\u00f3n es un delito menor que puede castigarse con una multa de al menos $250 y\/o hasta 30 d\u00edas en prisi\u00f3n.<\/p>\n<h2>Lesiones Por Accidente De Bicicleta<\/h2>\n<p>Los ciclistas no est\u00e1n obligados por la ley a usar cascos, que pueden ayudar a reducir o a prevenir algunos tipos de lesiones. En muchos accidentes, los cascos hacen muy poco para reducir otros tipos de lesiones que los ciclistas pueden sufrir.<\/p>\n<p><strong>Algunas de las posibles lesiones que una persona puede sufrir en accidentes de bicicleta incluyen entre otros:<\/strong><\/p>\n<div class=\"row\">\n<ul class=\"col-md-6 col-lg-12 col-xl-6 float-md-left px-3\">\n<li>Lesiones en el cuello<\/li>\n<li>Lesiones cerebrales traum\u00e1ticas<\/li>\n<li>Lesiones de la m\u00e9dula espinal<\/li>\n<li>Par\u00e1lisis<\/li>\n<li>Lesiones de los \u00f3rganos internos<\/li>\n<\/ul>\n<ul class=\"col-md-6 col-lg-12 col-xl-6 float-md-left px-3\">\n<li>Fracturas<\/li>\n<li>Da\u00f1os neurol\u00f3gicos<\/li>\n<li>Heridas por abrasi\u00f3n de asfalto<\/li>\n<li>Esguinces<\/li>\n<li>Distensi\u00f3n muscular<\/li>\n<\/ul>\n<div class=\"clearfix\"><\/div>\n<\/div>\n<p>Los accidentes graves pueden dar como resultado lesiones fatales. Si un ciclista muere debido a las lesiones causadas por la negligencia de otra persona, los miembros de su familia podr\u00edan presentar una demanda de muerte por negligencia contra la parte negligente.<\/p>\n<h2>Estad\u00edsticas De Accidentes De Bicicleta en Carolina Del Sur<\/h2>\n<p>El\u00a0<a href=\"https:\/\/scdps.sc.gov\/\" target=\"_blank\" rel=\"noopener\">Libro de Datos de Colisiones de Tr\u00e1nsito de Carolina del Sur<\/a>\u00a0inform\u00f3 que un ciclista muere cada 15.3 d\u00edas en Carolina del Sur. De acuerdo con el An\u00e1lisis de Colisiones de Peatones y Ciclistas de Carolina del Sur, ocurrieron 4.570 accidentes reportados que involucraron bicicletas entre 2009 y 2017. Las 18 muertes en 2017 fueron el segundo total m\u00e1s alto de este per\u00edodo.<\/p>\n<p><strong>De acuerdo con el an\u00e1lisis, hubo:<\/strong><\/p>\n<ul>\n<li>817 accidentes (17.9 por ciento) involucraron ciclistas entre 50 y 59 a\u00f1os de edad<\/li>\n<li>683 accidentes (14.9 por ciento) involucraron a ciclistas entre 40 y 49 a\u00f1os de edad<\/li>\n<li>507 accidentes (11.1 por ciento) involucraron a ciclistas entre 30 y 39 a\u00f1os de edad<\/li>\n<li>992 accidentes (21.7 por ciento) involucraron a ciclistas entre 20 y 29 a\u00f1os de edad<\/li>\n<li>799 accidentes (17.5 por ciento) involucraron a ciclistas entre 10 y 19 a\u00f1os de edad<\/li>\n<\/ul>\n<p><strong>Las muertes reportadas entre 2009 y 2017 incluyeron:<\/strong><\/p>\n<ul>\n<li>20 ciclistas entre 60 y 69 a\u00f1os de edad<\/li>\n<li>45 ciclistas entre 50 y 59 a\u00f1os de edad<\/li>\n<li>32 ciclistas entre 40 y 49 a\u00f1os de edad<\/li>\n<li>18 ciclistas entre 30 y 39 a\u00f1os de edad<\/li>\n<li>11 ciclistas entre 20 y 29 a\u00f1os de edad<\/li>\n<\/ul>\n<h2>Compensaci\u00f3n Por Un Accidente en Bicicleta<\/h2>\n<p>Muchos accidentes en bicicleta se resuelven mediante conciliaciones que pretenden cubrir los gastos vitalicios que una v\u00edctima incurre debido a su accidente. Sin embargo, puede presentarse una demanda cuando las negociaciones no generan una oferta aceptable.<\/p>\n<p>Un jurado puede otorgar indemnizaci\u00f3n compensatoria a una v\u00edctima que compruebe que se ha cometido un delito por preponderancia de la evidencia (<em>la mayor contundencia de la\u00a0<strong>evidencia<\/strong>\u00a0requerida en una demanda civil para que el jurado, o el juez sin un jurado, decidan a favor de una parte o de la otra<\/em>). Compensatory damages usually refer to a combination of economic damages and noneconomic damages.<\/p>\n<p>La indemnizaci\u00f3n compensatoria usualmente corresponde a una combinaci\u00f3n de indemnizaci\u00f3n econ\u00f3mica y no econ\u00f3mica.La indemnizaci\u00f3n econ\u00f3mica se relaciona con costos tangibles que pueden ser f\u00e1cilmente calculados y comprobados, como gastos m\u00e9dicos, p\u00e9rdida de ingresos y da\u00f1os a la propiedad. La indemnizaci\u00f3n no econ\u00f3mica, por otro lado, es m\u00e1s subjetiva, incluyendo normalmente dolor y sufrimiento, p\u00e9rdida conyugal y angustia emocional.<\/p>\n<p>Las sanciones punitivas (o ejemplares) tambi\u00e9n pueden ser otorgadas en algunos casos excepcionales, como por ejemplo aquellos en los que el demandado haya incurrido en conducta deliberada, imprudente o excesiva. Conducir embriagado es un ejemplo del tipo de situaci\u00f3n que podr\u00eda acarrear sanciones punitivas. La ley estatal limita las sanciones punitivas a tres veces el monto de la indemnizaci\u00f3n compensatoria, o $500.000.<\/p>\n<h2>Pasos a Tomar Inmediatamente<\/h2>\n<p>Despu\u00e9s de un Accidente en Bicicleta Si usted se ve involucrado en un accidente de bicicleta, debe obtener atenci\u00f3n m\u00e9dica de emergencia. Incluso si usted al principio no cree haber sufrido ninguna lesi\u00f3n, debe hacerse un examen minucioso. Muchas lesiones graves tienen s\u00edntomas tard\u00edos, y el trauma de un accidente puede enmascarar los s\u00edntomas de una lesi\u00f3n.<\/p>\n<p>Otro paso valioso que usted puede seguir es tratar de recopilar cualquier evidencia de la escena del accidente. Tome fotograf\u00edas de todo lo que involucre el accidente, y tome fotos desde m\u00faltiples \u00e1ngulos y distancias. Nunca nadie le dir\u00e1 que tom\u00f3 demasiadas. La manera m\u00e1s f\u00e1cil de hacerlo es usando su tel\u00e9fono celular. Si usted est\u00e1 demasiado lastimado para tomar las fotos, p\u00eddale a alguien en la escena que las tome por usted.<\/p>\n<p>Adem\u00e1s, pida el nombre y n\u00famero telef\u00f3nico de cualquier persona que haya visto su accidente. Tan pronto como pueda, aseg\u00farese de contactar a un abogado especializado en lesiones personales para pedir ayuda.<\/p>\n<div class=\"call-out-box\">Ll\u00e1menos o\u00a0<a href=\"https:\/\/stewartlawoffices.net\/es\/contactenos\/\">cont\u00e1ctenos en l\u00ednea<\/a>\u00a0para que nuestros abogados le proporcionen una evaluaci\u00f3n honesta y minuciosa de su caso durante la consulta gratuita.<\/div>\n","protected":false},"excerpt":{"rendered":"<p>Abogados especializados en accidentes en bicicleta en S.C (Carolina del Sur) es uno de los estados m\u00e1s peligrosos para los ciclistas. De hecho, Carolina del Sur ten\u00eda la ca\u00edda m\u00e1s inclinada de la clasificaci\u00f3n de los mejores estados para ciclistas de la Liga Estadounidense de Ciclistas, cayendo desde el puesto 15 en 2008 al 47 [&hellip;]<\/p>\n","protected":false},"author":9,"featured_media":148872,"parent":118141,"menu_order":251,"comment_status":"closed","ping_status":"closed","template":"practice-area.php","meta":{"_acf_changed":false,"footnotes":""},"class_list":["post-131816","page","type-page","status-publish","has-post-thumbnail","hentry"],"acf":[],"yoast_head":"<!-- This site is optimized with the Yoast SEO Premium plugin v27.3 (Yoast SEO v27.3) - https:\/\/yoast.com\/product\/yoast-seo-premium-wordpress\/ -->\n<title>Abogado de Accidentes en Bicicleta - Consulta Gratis<\/title>\n<meta name=\"description\" content=\"\u00bfBusca informaci\u00f3n sobre accidentes de bicicleta? Contacte hoy mismo con nuestros abogados de Stewart Law Offices para una consulta gratuita.\" \/>\n<meta name=\"robots\" content=\"index, follow, max-snippet:-1, max-image-preview:large, max-video-preview:-1\" \/>\n<link rel=\"canonical\" href=\"https:\/\/www.stewartlawoffices.net\/es\/abogados-de-lesiones-personales-en-carolina-del-sur\/abogado-accidente-bicicletas\/\" \/>\n<meta property=\"og:locale\" content=\"es_ES\" \/>\n<meta property=\"og:type\" content=\"article\" \/>\n<meta property=\"og:title\" content=\"South Carolina Bicycle Accident Attorneys - Stewart Law Offices\" \/>\n<meta property=\"og:description\" content=\"Contact our SC bicycle accident lawyers for a free consultation.\" \/>\n<meta property=\"og:url\" content=\"https:\/\/www.stewartlawoffices.net\/es\/abogados-de-lesiones-personales-en-carolina-del-sur\/abogado-accidente-bicicletas\/\" \/>\n<meta property=\"og:site_name\" content=\"Stewart Law Offices\" \/>\n<meta property=\"article:publisher\" content=\"https:\/\/www.facebook.com\/StewartLawOffices\" \/>\n<meta property=\"article:modified_time\" content=\"2025-12-02T10:57:48+00:00\" \/>\n<meta property=\"og:image\" content=\"https:\/\/stewartlawoffices.net\/wp-content\/uploads\/2019\/01\/bicycle-accident-lawyer.jpg\" \/>\n<meta name=\"twitter:card\" content=\"summary_large_image\" \/>\n<meta name=\"twitter:title\" content=\"South Carolina Bicycle Accident Attorneys - Stewart Law Offices\" \/>\n<meta name=\"twitter:site\" content=\"@StewartLawLLC\" \/>\n<meta name=\"twitter:label1\" content=\"Tiempo de lectura\" \/>\n\t<meta name=\"twitter:data1\" content=\"8 minutos\" \/>\n<script type=\"application\/ld+json\" class=\"yoast-schema-graph\">{\"@context\":\"https:\\\/\\\/schema.org\",\"@graph\":[{\"@type\":\"WebPage\",\"@id\":\"https:\\\/\\\/www.stewartlawoffices.net\\\/es\\\/abogados-de-lesiones-personales-en-carolina-del-sur\\\/abogado-accidente-bicicletas\\\/\",\"url\":\"https:\\\/\\\/www.stewartlawoffices.net\\\/es\\\/abogados-de-lesiones-personales-en-carolina-del-sur\\\/abogado-accidente-bicicletas\\\/\",\"name\":\"Abogado de Accidentes en Bicicleta - Consulta Gratis\",\"isPartOf\":{\"@id\":\"https:\\\/\\\/www.stewartlawoffices.net\\\/es\\\/#website\"},\"primaryImageOfPage\":{\"@id\":\"https:\\\/\\\/www.stewartlawoffices.net\\\/es\\\/abogados-de-lesiones-personales-en-carolina-del-sur\\\/abogado-accidente-bicicletas\\\/#primaryimage\"},\"image\":{\"@id\":\"https:\\\/\\\/www.stewartlawoffices.net\\\/es\\\/abogados-de-lesiones-personales-en-carolina-del-sur\\\/abogado-accidente-bicicletas\\\/#primaryimage\"},\"thumbnailUrl\":\"https:\\\/\\\/www.stewartlawoffices.net\\\/wp-content\\\/uploads\\\/2023\\\/07\\\/abogado-accidente-bicicletas.jpg\",\"datePublished\":\"2019-01-10T14:44:37+00:00\",\"dateModified\":\"2025-12-02T10:57:48+00:00\",\"description\":\"\u00bfBusca informaci\u00f3n sobre accidentes de bicicleta? Contacte hoy mismo con nuestros abogados de Stewart Law Offices para una consulta gratuita.\",\"breadcrumb\":{\"@id\":\"https:\\\/\\\/www.stewartlawoffices.net\\\/es\\\/abogados-de-lesiones-personales-en-carolina-del-sur\\\/abogado-accidente-bicicletas\\\/#breadcrumb\"},\"inLanguage\":\"es\",\"potentialAction\":[{\"@type\":\"ReadAction\",\"target\":[\"https:\\\/\\\/www.stewartlawoffices.net\\\/es\\\/abogados-de-lesiones-personales-en-carolina-del-sur\\\/abogado-accidente-bicicletas\\\/\"]}]},{\"@type\":\"ImageObject\",\"inLanguage\":\"es\",\"@id\":\"https:\\\/\\\/www.stewartlawoffices.net\\\/es\\\/abogados-de-lesiones-personales-en-carolina-del-sur\\\/abogado-accidente-bicicletas\\\/#primaryimage\",\"url\":\"https:\\\/\\\/www.stewartlawoffices.net\\\/wp-content\\\/uploads\\\/2023\\\/07\\\/abogado-accidente-bicicletas.jpg\",\"contentUrl\":\"https:\\\/\\\/www.stewartlawoffices.net\\\/wp-content\\\/uploads\\\/2023\\\/07\\\/abogado-accidente-bicicletas.jpg\",\"width\":810,\"height\":200,\"caption\":\"ciclista viajando al lado de la carretera\"},{\"@type\":\"BreadcrumbList\",\"@id\":\"https:\\\/\\\/www.stewartlawoffices.net\\\/es\\\/abogados-de-lesiones-personales-en-carolina-del-sur\\\/abogado-accidente-bicicletas\\\/#breadcrumb\",\"itemListElement\":[{\"@type\":\"ListItem\",\"position\":1,\"name\":\"H\",\"item\":\"https:\\\/\\\/www.stewartlawoffices.net\\\/es\\\/\"},{\"@type\":\"ListItem\",\"position\":2,\"name\":\"Abogados de lesiones personales en Carolina del Sur\",\"item\":\"https:\\\/\\\/www.stewartlawoffices.net\\\/es\\\/abogados-de-lesiones-personales-en-carolina-del-sur\\\/\"},{\"@type\":\"ListItem\",\"position\":3,\"name\":\"Accidente Bicicletas\"}]},{\"@type\":\"WebSite\",\"@id\":\"https:\\\/\\\/www.stewartlawoffices.net\\\/es\\\/#website\",\"url\":\"https:\\\/\\\/www.stewartlawoffices.net\\\/es\\\/\",\"name\":\"Stewart Law Offices\",\"description\":\"\",\"publisher\":{\"@id\":\"https:\\\/\\\/www.stewartlawoffices.net\\\/es\\\/#organization\"},\"potentialAction\":[{\"@type\":\"SearchAction\",\"target\":{\"@type\":\"EntryPoint\",\"urlTemplate\":\"https:\\\/\\\/www.stewartlawoffices.net\\\/es\\\/?s={search_term_string}\"},\"query-input\":{\"@type\":\"PropertyValueSpecification\",\"valueRequired\":true,\"valueName\":\"search_term_string\"}}],\"inLanguage\":\"es\"},{\"@type\":\"Organization\",\"@id\":\"https:\\\/\\\/www.stewartlawoffices.net\\\/es\\\/#organization\",\"name\":\"Stewart Law Offices\",\"url\":\"https:\\\/\\\/www.stewartlawoffices.net\\\/es\\\/\",\"logo\":{\"@type\":\"ImageObject\",\"inLanguage\":\"es\",\"@id\":\"https:\\\/\\\/www.stewartlawoffices.net\\\/es\\\/#\\\/schema\\\/logo\\\/image\\\/\",\"url\":\"https:\\\/\\\/stewartlawoffices.net\\\/wp-content\\\/uploads\\\/2023\\\/05\\\/footer-logo.svg\",\"contentUrl\":\"https:\\\/\\\/stewartlawoffices.net\\\/wp-content\\\/uploads\\\/2023\\\/05\\\/footer-logo.svg\",\"width\":1,\"height\":1,\"caption\":\"Stewart Law Offices\"},\"image\":{\"@id\":\"https:\\\/\\\/www.stewartlawoffices.net\\\/es\\\/#\\\/schema\\\/logo\\\/image\\\/\"},\"sameAs\":[\"https:\\\/\\\/www.facebook.com\\\/StewartLawOffices\",\"https:\\\/\\\/x.com\\\/StewartLawLLC\",\"https:\\\/\\\/www.linkedin.com\\\/company\\\/stewart-law-offices-llc\",\"https:\\\/\\\/www.youtube.com\\\/channel\\\/UCXsXVgzn84taqmH0F3vJ5Eg\",\"https:\\\/\\\/www.instagram.com\\\/stewartlawoffices\\\/?hl=en\"]}]}<\/script>\n<!-- \/ Yoast SEO Premium plugin. -->","yoast_head_json":{"title":"Abogado de Accidentes en Bicicleta - Consulta Gratis","description":"\u00bfBusca informaci\u00f3n sobre accidentes de bicicleta? Contacte hoy mismo con nuestros abogados de Stewart Law Offices para una consulta gratuita.","robots":{"index":"index","follow":"follow","max-snippet":"max-snippet:-1","max-image-preview":"max-image-preview:large","max-video-preview":"max-video-preview:-1"},"canonical":"https:\/\/www.stewartlawoffices.net\/es\/abogados-de-lesiones-personales-en-carolina-del-sur\/abogado-accidente-bicicletas\/","og_locale":"es_ES","og_type":"article","og_title":"South Carolina Bicycle Accident Attorneys - Stewart Law Offices","og_description":"Contact our SC bicycle accident lawyers for a free consultation.","og_url":"https:\/\/www.stewartlawoffices.net\/es\/abogados-de-lesiones-personales-en-carolina-del-sur\/abogado-accidente-bicicletas\/","og_site_name":"Stewart Law Offices","article_publisher":"https:\/\/www.facebook.com\/StewartLawOffices","article_modified_time":"2025-12-02T10:57:48+00:00","og_image":[{"url":"https:\/\/stewartlawoffices.net\/wp-content\/uploads\/2019\/01\/bicycle-accident-lawyer.jpg","type":"","width":"","height":""}],"twitter_card":"summary_large_image","twitter_title":"South Carolina Bicycle Accident Attorneys - Stewart Law Offices","twitter_site":"@StewartLawLLC","twitter_misc":{"Tiempo de lectura":"8 minutos"},"schema":{"@context":"https:\/\/schema.org","@graph":[{"@type":"WebPage","@id":"https:\/\/www.stewartlawoffices.net\/es\/abogados-de-lesiones-personales-en-carolina-del-sur\/abogado-accidente-bicicletas\/","url":"https:\/\/www.stewartlawoffices.net\/es\/abogados-de-lesiones-personales-en-carolina-del-sur\/abogado-accidente-bicicletas\/","name":"Abogado de Accidentes en Bicicleta - Consulta Gratis","isPartOf":{"@id":"https:\/\/www.stewartlawoffices.net\/es\/#website"},"primaryImageOfPage":{"@id":"https:\/\/www.stewartlawoffices.net\/es\/abogados-de-lesiones-personales-en-carolina-del-sur\/abogado-accidente-bicicletas\/#primaryimage"},"image":{"@id":"https:\/\/www.stewartlawoffices.net\/es\/abogados-de-lesiones-personales-en-carolina-del-sur\/abogado-accidente-bicicletas\/#primaryimage"},"thumbnailUrl":"https:\/\/www.stewartlawoffices.net\/wp-content\/uploads\/2023\/07\/abogado-accidente-bicicletas.jpg","datePublished":"2019-01-10T14:44:37+00:00","dateModified":"2025-12-02T10:57:48+00:00","description":"\u00bfBusca informaci\u00f3n sobre accidentes de bicicleta? Contacte hoy mismo con nuestros abogados de Stewart Law Offices para una consulta gratuita.","breadcrumb":{"@id":"https:\/\/www.stewartlawoffices.net\/es\/abogados-de-lesiones-personales-en-carolina-del-sur\/abogado-accidente-bicicletas\/#breadcrumb"},"inLanguage":"es","potentialAction":[{"@type":"ReadAction","target":["https:\/\/www.stewartlawoffices.net\/es\/abogados-de-lesiones-personales-en-carolina-del-sur\/abogado-accidente-bicicletas\/"]}]},{"@type":"ImageObject","inLanguage":"es","@id":"https:\/\/www.stewartlawoffices.net\/es\/abogados-de-lesiones-personales-en-carolina-del-sur\/abogado-accidente-bicicletas\/#primaryimage","url":"https:\/\/www.stewartlawoffices.net\/wp-content\/uploads\/2023\/07\/abogado-accidente-bicicletas.jpg","contentUrl":"https:\/\/www.stewartlawoffices.net\/wp-content\/uploads\/2023\/07\/abogado-accidente-bicicletas.jpg","width":810,"height":200,"caption":"ciclista viajando al lado de la carretera"},{"@type":"BreadcrumbList","@id":"https:\/\/www.stewartlawoffices.net\/es\/abogados-de-lesiones-personales-en-carolina-del-sur\/abogado-accidente-bicicletas\/#breadcrumb","itemListElement":[{"@type":"ListItem","position":1,"name":"H","item":"https:\/\/www.stewartlawoffices.net\/es\/"},{"@type":"ListItem","position":2,"name":"Abogados de lesiones personales en Carolina del Sur","item":"https:\/\/www.stewartlawoffices.net\/es\/abogados-de-lesiones-personales-en-carolina-del-sur\/"},{"@type":"ListItem","position":3,"name":"Accidente Bicicletas"}]},{"@type":"WebSite","@id":"https:\/\/www.stewartlawoffices.net\/es\/#website","url":"https:\/\/www.stewartlawoffices.net\/es\/","name":"Stewart Law Offices","description":"","publisher":{"@id":"https:\/\/www.stewartlawoffices.net\/es\/#organization"},"potentialAction":[{"@type":"SearchAction","target":{"@type":"EntryPoint","urlTemplate":"https:\/\/www.stewartlawoffices.net\/es\/?s={search_term_string}"},"query-input":{"@type":"PropertyValueSpecification","valueRequired":true,"valueName":"search_term_string"}}],"inLanguage":"es"},{"@type":"Organization","@id":"https:\/\/www.stewartlawoffices.net\/es\/#organization","name":"Stewart Law Offices","url":"https:\/\/www.stewartlawoffices.net\/es\/","logo":{"@type":"ImageObject","inLanguage":"es","@id":"https:\/\/www.stewartlawoffices.net\/es\/#\/schema\/logo\/image\/","url":"https:\/\/stewartlawoffices.net\/wp-content\/uploads\/2023\/05\/footer-logo.svg","contentUrl":"https:\/\/stewartlawoffices.net\/wp-content\/uploads\/2023\/05\/footer-logo.svg","width":1,"height":1,"caption":"Stewart Law Offices"},"image":{"@id":"https:\/\/www.stewartlawoffices.net\/es\/#\/schema\/logo\/image\/"},"sameAs":["https:\/\/www.facebook.com\/StewartLawOffices","https:\/\/x.com\/StewartLawLLC","https:\/\/www.linkedin.com\/company\/stewart-law-offices-llc","https:\/\/www.youtube.com\/channel\/UCXsXVgzn84taqmH0F3vJ5Eg","https:\/\/www.instagram.com\/stewartlawoffices\/?hl=en"]}]}},"_links":{"self":[{"href":"https:\/\/www.stewartlawoffices.net\/es\/wp-json\/wp\/v2\/pages\/131816","targetHints":{"allow":["GET"]}}],"collection":[{"href":"https:\/\/www.stewartlawoffices.net\/es\/wp-json\/wp\/v2\/pages"}],"about":[{"href":"https:\/\/www.stewartlawoffices.net\/es\/wp-json\/wp\/v2\/types\/page"}],"author":[{"embeddable":true,"href":"https:\/\/www.stewartlawoffices.net\/es\/wp-json\/wp\/v2\/users\/9"}],"replies":[{"embeddable":true,"href":"https:\/\/www.stewartlawoffices.net\/es\/wp-json\/wp\/v2\/comments?post=131816"}],"version-history":[{"count":1,"href":"https:\/\/www.stewartlawoffices.net\/es\/wp-json\/wp\/v2\/pages\/131816\/revisions"}],"predecessor-version":[{"id":201998,"href":"https:\/\/www.stewartlawoffices.net\/es\/wp-json\/wp\/v2\/pages\/131816\/revisions\/201998"}],"up":[{"embeddable":true,"href":"https:\/\/www.stewartlawoffices.net\/es\/wp-json\/wp\/v2\/pages\/118141"}],"wp:featuredmedia":[{"embeddable":true,"href":"https:\/\/www.stewartlawoffices.net\/es\/wp-json\/wp\/v2\/media\/148872"}],"wp:attachment":[{"href":"https:\/\/www.stewartlawoffices.net\/es\/wp-json\/wp\/v2\/media?parent=131816"}],"curies":[{"name":"wp","href":"https:\/\/api.w.org\/{rel}","templated":true}]}}